{"id":950,"date":"2025-08-16T10:32:12","date_gmt":"2025-08-16T08:32:12","guid":{"rendered":"https:\/\/woodletics.com\/?post_type=product&#038;p=950"},"modified":"2026-01-14T14:33:06","modified_gmt":"2026-01-14T13:33:06","slug":"single-balance-board-einfusstrainer-aus-holz","status":"publish","type":"product","link":"https:\/\/www.woodgym.de\/english\/product\/single-balance-board-einfusstrainer-aus-holz\/","title":{"rendered":"Foot Strength Board \u2013 Wooden single-foot trainer"},"content":{"rendered":"","protected":false},"excerpt":{"rendered":"<p data-start=\"95\" data-end=\"378\">With the Woodletics Foot Strength Board, you can specifically strengthen the often neglected areas of your feet, laying the foundation for greater stability, strength and freedom from pain. Whether during training, everyday life or sporting activities, strong feet are the basis for every movement.<\/p>\n<p data-start=\"380\" data-end=\"666\">Many complaints arise from overuse and lack of training of the foot muscles. This is exactly where the FootCore Set comes in: with its versatile exercises, it helps you build lasting foot strength, improve mobility, and prevent injuries.<\/p>\n<p data-start=\"668\" data-end=\"802\">A real must-have for anyone who wants to improve their performance, walk more healthily, or simply walk through life without discomfort.<\/p>","protected":false},"featured_media":3280,"comment_status":"closed","ping_status":"closed","template":"","meta":{"iawp_total_views":34},"product_brand":[],"product_cat":[38],"product_tag":[52,50,51,53,49],"class_list":{"0":"post-950","1":"product","2":"type-product","3":"status-publish","4":"has-post-thumbnail","6":"product_cat-balance-mobility","7":"product_tag-holz-einbein-wackelbrett","8":"product_tag-propriozeptions-board","9":"product_tag-rehab-balance-tool","10":"product_tag-single-balance-trainer","11":"product_tag-sprunggelenktrainer-holz","12":"product_shipping_class-s","14":"first","15":"instock","16":"shipping-taxable","17":"purchasable","18":"product-type-simple"},"yoast_head":"<!-- This site is optimized with the Yoast SEO plugin v27.4 - https:\/\/yoast.com\/product\/yoast-seo-wordpress\/ -->\n<title>Foot Strength Board \u2013 Einfu\u00dftrainer aus Holz<\/title>\n<meta name=\"description\" content=\"WoodGym Foot Trainer f\u00fcr Balance, Fu\u00dfkraft &amp; Schmerzpr\u00e4vention. Kr\u00e4ftigt Fu\u00dfgew\u00f6lbe &amp; Stabilit\u00e4t \u2013 f\u00fcr Alltag, Wandern &amp; Sport.\" \/>\n<meta name=\"robots\" content=\"index, follow, max-snippet:-1, max-image-preview:large, max-video-preview:-1\" \/>\n<link rel=\"canonical\" href=\"https:\/\/www.woodgym.de\/english\/product\/single-balance-board-einfusstrainer-aus-holz\/\" \/>\n<meta property=\"og:locale\" content=\"en_GB\" \/>\n<meta property=\"og:type\" content=\"article\" \/>\n<meta property=\"og:title\" content=\"Foot Strength Board \u2013 Einfu\u00dftrainer aus Holz\" \/>\n<meta property=\"og:description\" content=\"WoodGym Foot Trainer f\u00fcr Balance, Fu\u00dfkraft &amp; Schmerzpr\u00e4vention. Kr\u00e4ftigt Fu\u00dfgew\u00f6lbe &amp; Stabilit\u00e4t \u2013 f\u00fcr Alltag, Wandern &amp; Sport.\" \/>\n<meta property=\"og:url\" content=\"https:\/\/www.woodgym.de\/english\/product\/single-balance-board-einfusstrainer-aus-holz\/\" \/>\n<meta property=\"og:site_name\" content=\"Holz-Fitnessger\u00e4te von WoodGym\" \/>\n<meta property=\"article:modified_time\" content=\"2026-01-14T13:33:06+00:00\" \/>\n<meta property=\"og:image\" content=\"https:\/\/www.woodgym.de\/wp-content\/uploads\/2026\/01\/Fitness-Holz-Equipment-WoodGym-Fusstrainer-765x1024.png\" \/>\n\t<meta property=\"og:image:width\" content=\"765\" \/>\n\t<meta property=\"og:image:height\" content=\"1024\" \/>\n\t<meta property=\"og:image:type\" content=\"image\/png\" \/>\n<meta name=\"twitter:card\" content=\"summary_large_image\" \/>\n<meta name=\"twitter:label1\" content=\"Estimated reading time\" \/>\n\t<meta name=\"twitter:data1\" content=\"1 minute\" \/>\n<script type=\"application\/ld+json\" class=\"yoast-schema-graph\">{\"@context\":\"https:\\\/\\\/schema.org\",\"@graph\":[{\"@type\":\"WebPage\",\"@id\":\"https:\\\/\\\/www.woodgym.de\\\/produkt\\\/single-balance-board-einfusstrainer-aus-holz\\\/\",\"url\":\"https:\\\/\\\/www.woodgym.de\\\/produkt\\\/single-balance-board-einfusstrainer-aus-holz\\\/\",\"name\":\"Foot Strength Board \u2013 Einfu\u00dftrainer aus Holz\",\"isPartOf\":{\"@id\":\"https:\\\/\\\/www.woodgym.de\\\/#website\"},\"primaryImageOfPage\":{\"@id\":\"https:\\\/\\\/www.woodgym.de\\\/produkt\\\/single-balance-board-einfusstrainer-aus-holz\\\/#primaryimage\"},\"image\":{\"@id\":\"https:\\\/\\\/www.woodgym.de\\\/produkt\\\/single-balance-board-einfusstrainer-aus-holz\\\/#primaryimage\"},\"thumbnailUrl\":\"https:\\\/\\\/www.woodgym.de\\\/wp-content\\\/uploads\\\/2026\\\/01\\\/Fitness-Holz-Equipment-WoodGym-Fusstrainer.png\",\"datePublished\":\"2025-08-16T08:32:12+00:00\",\"dateModified\":\"2026-01-14T13:33:06+00:00\",\"description\":\"WoodGym Foot Trainer f\u00fcr Balance, Fu\u00dfkraft & Schmerzpr\u00e4vention. Kr\u00e4ftigt Fu\u00dfgew\u00f6lbe & Stabilit\u00e4t \u2013 f\u00fcr Alltag, Wandern & Sport.\",\"breadcrumb\":{\"@id\":\"https:\\\/\\\/www.woodgym.de\\\/produkt\\\/single-balance-board-einfusstrainer-aus-holz\\\/#breadcrumb\"},\"inLanguage\":\"en-GB\",\"potentialAction\":[{\"@type\":\"ReadAction\",\"target\":[\"https:\\\/\\\/www.woodgym.de\\\/produkt\\\/single-balance-board-einfusstrainer-aus-holz\\\/\"]}]},{\"@type\":\"ImageObject\",\"inLanguage\":\"en-GB\",\"@id\":\"https:\\\/\\\/www.woodgym.de\\\/produkt\\\/single-balance-board-einfusstrainer-aus-holz\\\/#primaryimage\",\"url\":\"https:\\\/\\\/www.woodgym.de\\\/wp-content\\\/uploads\\\/2026\\\/01\\\/Fitness-Holz-Equipment-WoodGym-Fusstrainer.png\",\"contentUrl\":\"https:\\\/\\\/www.woodgym.de\\\/wp-content\\\/uploads\\\/2026\\\/01\\\/Fitness-Holz-Equipment-WoodGym-Fusstrainer.png\",\"width\":896,\"height\":1200},{\"@type\":\"BreadcrumbList\",\"@id\":\"https:\\\/\\\/www.woodgym.de\\\/produkt\\\/single-balance-board-einfusstrainer-aus-holz\\\/#breadcrumb\",\"itemListElement\":[{\"@type\":\"ListItem\",\"position\":1,\"name\":\"Startseite\",\"item\":\"https:\\\/\\\/www.woodgym.de\\\/\"},{\"@type\":\"ListItem\",\"position\":2,\"name\":\"Shop\",\"item\":\"https:\\\/\\\/www.woodgym.de\\\/shop-2\\\/\"},{\"@type\":\"ListItem\",\"position\":3,\"name\":\"Foot Strength Board \u2013 Einfu\u00dftrainer aus Holz\"}]},{\"@type\":\"WebSite\",\"@id\":\"https:\\\/\\\/www.woodgym.de\\\/#website\",\"url\":\"https:\\\/\\\/www.woodgym.de\\\/\",\"name\":\"Holz-Fitnessger\u00e4te von WoodGym\",\"description\":\"Fitnessger\u00e4te aus Holz\",\"publisher\":{\"@id\":\"https:\\\/\\\/www.woodgym.de\\\/#organization\"},\"potentialAction\":[{\"@type\":\"SearchAction\",\"target\":{\"@type\":\"EntryPoint\",\"urlTemplate\":\"https:\\\/\\\/www.woodgym.de\\\/?s={search_term_string}\"},\"query-input\":{\"@type\":\"PropertyValueSpecification\",\"valueRequired\":true,\"valueName\":\"search_term_string\"}}],\"inLanguage\":\"en-GB\"},{\"@type\":\"Organization\",\"@id\":\"https:\\\/\\\/www.woodgym.de\\\/#organization\",\"name\":\"Holz-Fitnessger\u00e4te von WoodGym\",\"url\":\"https:\\\/\\\/www.woodgym.de\\\/\",\"logo\":{\"@type\":\"ImageObject\",\"inLanguage\":\"en-GB\",\"@id\":\"https:\\\/\\\/www.woodgym.de\\\/#\\\/schema\\\/logo\\\/image\\\/\",\"url\":\"https:\\\/\\\/www.woodgym.de\\\/wp-content\\\/uploads\\\/2026\\\/01\\\/woodgym-nur-text-black-bold-200-header.png\",\"contentUrl\":\"https:\\\/\\\/www.woodgym.de\\\/wp-content\\\/uploads\\\/2026\\\/01\\\/woodgym-nur-text-black-bold-200-header.png\",\"width\":200,\"height\":29,\"caption\":\"Holz-Fitnessger\u00e4te von WoodGym\"},\"image\":{\"@id\":\"https:\\\/\\\/www.woodgym.de\\\/#\\\/schema\\\/logo\\\/image\\\/\"}}]}<\/script>\n<!-- \/ Yoast SEO plugin. -->","yoast_head_json":{"title":"Foot Strength Board \u2013 Wooden single-foot trainer","description":"WoodGym Foot Trainer f\u00fcr Balance, Fu\u00dfkraft & Schmerzpr\u00e4vention. Kr\u00e4ftigt Fu\u00dfgew\u00f6lbe & Stabilit\u00e4t \u2013 f\u00fcr Alltag, Wandern & Sport.","robots":{"index":"index","follow":"follow","max-snippet":"max-snippet:-1","max-image-preview":"max-image-preview:large","max-video-preview":"max-video-preview:-1"},"canonical":"https:\/\/www.woodgym.de\/english\/product\/single-balance-board-einfusstrainer-aus-holz\/","og_locale":"en_GB","og_type":"article","og_title":"Foot Strength Board \u2013 Einfu\u00dftrainer aus Holz","og_description":"WoodGym Foot Trainer f\u00fcr Balance, Fu\u00dfkraft & Schmerzpr\u00e4vention. Kr\u00e4ftigt Fu\u00dfgew\u00f6lbe & Stabilit\u00e4t \u2013 f\u00fcr Alltag, Wandern & Sport.","og_url":"https:\/\/www.woodgym.de\/english\/product\/single-balance-board-einfusstrainer-aus-holz\/","og_site_name":"Holz-Fitnessger\u00e4te von WoodGym","article_modified_time":"2026-01-14T13:33:06+00:00","og_image":[{"width":765,"height":1024,"url":"https:\/\/www.woodgym.de\/wp-content\/uploads\/2026\/01\/Fitness-Holz-Equipment-WoodGym-Fusstrainer-765x1024.png","type":"image\/png"}],"twitter_card":"summary_large_image","twitter_misc":{"Estimated reading time":"1 minute"},"schema":{"@context":"https:\/\/schema.org","@graph":[{"@type":"WebPage","@id":"https:\/\/www.woodgym.de\/produkt\/single-balance-board-einfusstrainer-aus-holz\/","url":"https:\/\/www.woodgym.de\/produkt\/single-balance-board-einfusstrainer-aus-holz\/","name":"Foot Strength Board \u2013 Wooden single-foot trainer","isPartOf":{"@id":"https:\/\/www.woodgym.de\/#website"},"primaryImageOfPage":{"@id":"https:\/\/www.woodgym.de\/produkt\/single-balance-board-einfusstrainer-aus-holz\/#primaryimage"},"image":{"@id":"https:\/\/www.woodgym.de\/produkt\/single-balance-board-einfusstrainer-aus-holz\/#primaryimage"},"thumbnailUrl":"https:\/\/www.woodgym.de\/wp-content\/uploads\/2026\/01\/Fitness-Holz-Equipment-WoodGym-Fusstrainer.png","datePublished":"2025-08-16T08:32:12+00:00","dateModified":"2026-01-14T13:33:06+00:00","description":"WoodGym Foot Trainer f\u00fcr Balance, Fu\u00dfkraft & Schmerzpr\u00e4vention. Kr\u00e4ftigt Fu\u00dfgew\u00f6lbe & Stabilit\u00e4t \u2013 f\u00fcr Alltag, Wandern & Sport.","breadcrumb":{"@id":"https:\/\/www.woodgym.de\/produkt\/single-balance-board-einfusstrainer-aus-holz\/#breadcrumb"},"inLanguage":"en-GB","potentialAction":[{"@type":"ReadAction","target":["https:\/\/www.woodgym.de\/produkt\/single-balance-board-einfusstrainer-aus-holz\/"]}]},{"@type":"ImageObject","inLanguage":"en-GB","@id":"https:\/\/www.woodgym.de\/produkt\/single-balance-board-einfusstrainer-aus-holz\/#primaryimage","url":"https:\/\/www.woodgym.de\/wp-content\/uploads\/2026\/01\/Fitness-Holz-Equipment-WoodGym-Fusstrainer.png","contentUrl":"https:\/\/www.woodgym.de\/wp-content\/uploads\/2026\/01\/Fitness-Holz-Equipment-WoodGym-Fusstrainer.png","width":896,"height":1200},{"@type":"BreadcrumbList","@id":"https:\/\/www.woodgym.de\/produkt\/single-balance-board-einfusstrainer-aus-holz\/#breadcrumb","itemListElement":[{"@type":"ListItem","position":1,"name":"Startseite","item":"https:\/\/www.woodgym.de\/"},{"@type":"ListItem","position":2,"name":"Shop","item":"https:\/\/www.woodgym.de\/shop-2\/"},{"@type":"ListItem","position":3,"name":"Foot Strength Board \u2013 Einfu\u00dftrainer aus Holz"}]},{"@type":"WebSite","@id":"https:\/\/www.woodgym.de\/#website","url":"https:\/\/www.woodgym.de\/","name":"Holz-Fitnessger\u00e4te von WoodGym","description":"Fitnessger\u00e4te aus Holz","publisher":{"@id":"https:\/\/www.woodgym.de\/#organization"},"potentialAction":[{"@type":"SearchAction","target":{"@type":"EntryPoint","urlTemplate":"https:\/\/www.woodgym.de\/?s={search_term_string}"},"query-input":{"@type":"PropertyValueSpecification","valueRequired":true,"valueName":"search_term_string"}}],"inLanguage":"en-GB"},{"@type":"Organization","@id":"https:\/\/www.woodgym.de\/#organization","name":"Holz-Fitnessger\u00e4te von WoodGym","url":"https:\/\/www.woodgym.de\/","logo":{"@type":"ImageObject","inLanguage":"en-GB","@id":"https:\/\/www.woodgym.de\/#\/schema\/logo\/image\/","url":"https:\/\/www.woodgym.de\/wp-content\/uploads\/2026\/01\/woodgym-nur-text-black-bold-200-header.png","contentUrl":"https:\/\/www.woodgym.de\/wp-content\/uploads\/2026\/01\/woodgym-nur-text-black-bold-200-header.png","width":200,"height":29,"caption":"Holz-Fitnessger\u00e4te von WoodGym"},"image":{"@id":"https:\/\/www.woodgym.de\/#\/schema\/logo\/image\/"}}]}},"_links":{"self":[{"href":"https:\/\/www.woodgym.de\/english\/wp-json\/wp\/v2\/product\/950","targetHints":{"allow":["GET"]}}],"collection":[{"href":"https:\/\/www.woodgym.de\/english\/wp-json\/wp\/v2\/product"}],"about":[{"href":"https:\/\/www.woodgym.de\/english\/wp-json\/wp\/v2\/types\/product"}],"replies":[{"embeddable":true,"href":"https:\/\/www.woodgym.de\/english\/wp-json\/wp\/v2\/comments?post=950"}],"wp:featuredmedia":[{"embeddable":true,"href":"https:\/\/www.woodgym.de\/english\/wp-json\/wp\/v2\/media\/3280"}],"wp:attachment":[{"href":"https:\/\/www.woodgym.de\/english\/wp-json\/wp\/v2\/media?parent=950"}],"wp:term":[{"taxonomy":"product_brand","embeddable":true,"href":"https:\/\/www.woodgym.de\/english\/wp-json\/wp\/v2\/product_brand?post=950"},{"taxonomy":"product_cat","embeddable":true,"href":"https:\/\/www.woodgym.de\/english\/wp-json\/wp\/v2\/product_cat?post=950"},{"taxonomy":"product_tag","embeddable":true,"href":"https:\/\/www.woodgym.de\/english\/wp-json\/wp\/v2\/product_tag?post=950"}],"curies":[{"name":"wp","href":"https:\/\/api.w.org\/{rel}","templated":true}]}}