{"id":940,"date":"2025-08-16T10:10:22","date_gmt":"2025-08-16T08:10:22","guid":{"rendered":"https:\/\/woodletics.com\/?post_type=product&#038;p=940"},"modified":"2026-01-14T13:59:05","modified_gmt":"2026-01-14T12:59:05","slug":"farmers-walks-premium-holzgriffe-fuer-funktionelles-training","status":"publish","type":"product","link":"https:\/\/www.woodgym.de\/english\/product\/farmers-walks-premium-holzgriffe-fuer-funktionelles-training\/","title":{"rendered":"Farmers Walks Handles"},"content":{"rendered":"","protected":false},"excerpt":{"rendered":"<p data-start=\"133\" data-end=\"433\">Die WoodGym-Farmers-Walk-Handles sind aus massivem Holz gefertigt und bieten maximale Stabilit\u00e4t sowie Langlebigkeit f\u00fcr dein Strongman- und Krafttraining. Dank der robusten Bauweise halten sie selbst schwersten Belastungen stand und sorgen f\u00fcr ein sicheres Handling beim Tragen schwerer Lasten.<\/p>\n<p data-start=\"435\" data-end=\"704\">Whether for strength endurance, grip strength or full-body training, the handles are the ideal tool for taking your performance to the next level. The sophisticated design fits perfectly in your hand and allows you to enjoy an intense, functional workout.<\/p>\n<p data-start=\"706\" data-end=\"874\">Robust, belastbar und sicher: Mit den WoodGym-Farmers-Walk-Handles trainierst du kompromisslos stark, funktionell und effektiv \u2013 perfekt f\u00fcr Home Gyms und Studios.<\/p>\n<p data-start=\"706\" data-end=\"874\"><strong>Handcrafted quality \u2018Made in Berlin\u2019<\/strong><\/p>\n<p data-start=\"706\" data-end=\"874\"><img fetchpriority=\"high\" decoding=\"async\" class=\"alignnone size-full wp-image-3028\" src=\"https:\/\/woodletics.com\/wp-content\/uploads\/2025\/10\/Fitness-Holz-Equipment-Woodletics-005-e1759311687543.png\" alt=\"\" width=\"1200\" height=\"532\" srcset=\"https:\/\/www.woodgym.de\/wp-content\/uploads\/2025\/10\/Fitness-Holz-Equipment-Woodletics-005-e1759311687543.png 1200w, https:\/\/www.woodgym.de\/wp-content\/uploads\/2025\/10\/Fitness-Holz-Equipment-Woodletics-005-e1759311687543-300x133.png 300w, https:\/\/www.woodgym.de\/wp-content\/uploads\/2025\/10\/Fitness-Holz-Equipment-Woodletics-005-e1759311687543-1024x454.png 1024w, https:\/\/www.woodgym.de\/wp-content\/uploads\/2025\/10\/Fitness-Holz-Equipment-Woodletics-005-e1759311687543-768x340.png 768w, https:\/\/www.woodgym.de\/wp-content\/uploads\/2025\/10\/Fitness-Holz-Equipment-Woodletics-005-e1759311687543-18x8.png 18w, https:\/\/www.woodgym.de\/wp-content\/uploads\/2025\/10\/Fitness-Holz-Equipment-Woodletics-005-e1759311687543-600x266.png 600w\" sizes=\"(max-width: 1200px) 100vw, 1200px\" \/><br data-start=\"2367\" data-end=\"2370\" \/>Our Farmers Walk Handles are made in Berlin from solid pine wood \u2013 sturdy, heavy and absolutely reliable. The handles are the result of regional craftsmanship, with a focus on functionality and durability. This gives you a training device that combines uncompromising strength with sustainable materials.<\/p>","protected":false},"featured_media":3268,"comment_status":"closed","ping_status":"closed","template":"","meta":{"iawp_total_views":21},"product_brand":[],"product_cat":[62],"product_tag":[40,43,41,42],"class_list":{"0":"post-940","1":"product","2":"type-product","3":"status-publish","4":"has-post-thumbnail","6":"product_cat-strength-training","7":"product_tag-functional-training-farmers-walk","8":"product_tag-holz-farmers-carry","9":"product_tag-krafttraining-holzgriffe","10":"product_tag-strongman-griffe","11":"product_shipping_class-l","13":"first","14":"instock","15":"shipping-taxable","16":"purchasable","17":"product-type-simple"},"yoast_head":"<!-- This site is optimized with the Yoast SEO plugin v27.4 - https:\/\/yoast.com\/product\/yoast-seo-wordpress\/ -->\n<title>Holz Fitnessger\u00e4t: Farmers Walk Handles<\/title>\n<meta name=\"description\" content=\"Massive Holz Farmers Walk Griffe f\u00fcr Strongman Training, Grip &amp; Ganzk\u00f6rperkraft. Langlebig, ergonomisch &amp; ideal f\u00fcr Home Gym &amp; Studio.\" \/>\n<meta name=\"robots\" content=\"index, follow, max-snippet:-1, max-image-preview:large, max-video-preview:-1\" \/>\n<link rel=\"canonical\" href=\"https:\/\/www.woodgym.de\/english\/product\/farmers-walks-premium-holzgriffe-fuer-funktionelles-training\/\" \/>\n<meta property=\"og:locale\" content=\"en_GB\" \/>\n<meta property=\"og:type\" content=\"article\" \/>\n<meta property=\"og:title\" content=\"Holz Fitnessger\u00e4t: Farmers Walk Handles\" \/>\n<meta property=\"og:description\" content=\"Massive Holz Farmers Walk Griffe f\u00fcr Strongman Training, Grip &amp; Ganzk\u00f6rperkraft. Langlebig, ergonomisch &amp; ideal f\u00fcr Home Gym &amp; Studio.\" \/>\n<meta property=\"og:url\" content=\"https:\/\/www.woodgym.de\/english\/product\/farmers-walks-premium-holzgriffe-fuer-funktionelles-training\/\" \/>\n<meta property=\"og:site_name\" content=\"Holz-Fitnessger\u00e4te von WoodGym\" \/>\n<meta property=\"article:modified_time\" content=\"2026-01-14T12:59:05+00:00\" \/>\n<meta property=\"og:image\" content=\"https:\/\/www.woodgym.de\/wp-content\/uploads\/2026\/01\/Fitness-Holz-Equipment-WoodGym-Farmers-Walk-Handels.png\" \/>\n\t<meta property=\"og:image:width\" content=\"1216\" \/>\n\t<meta property=\"og:image:height\" content=\"880\" \/>\n\t<meta property=\"og:image:type\" content=\"image\/png\" \/>\n<meta name=\"twitter:card\" content=\"summary_large_image\" \/>\n<meta name=\"twitter:label1\" content=\"Estimated reading time\" \/>\n\t<meta name=\"twitter:data1\" content=\"1 minute\" \/>\n<script type=\"application\/ld+json\" class=\"yoast-schema-graph\">{\"@context\":\"https:\\\/\\\/schema.org\",\"@graph\":[{\"@type\":\"WebPage\",\"@id\":\"https:\\\/\\\/www.woodgym.de\\\/produkt\\\/farmers-walks-premium-holzgriffe-fuer-funktionelles-training\\\/\",\"url\":\"https:\\\/\\\/www.woodgym.de\\\/produkt\\\/farmers-walks-premium-holzgriffe-fuer-funktionelles-training\\\/\",\"name\":\"Holz Fitnessger\u00e4t: Farmers Walk Handles\",\"isPartOf\":{\"@id\":\"https:\\\/\\\/www.woodgym.de\\\/#website\"},\"primaryImageOfPage\":{\"@id\":\"https:\\\/\\\/www.woodgym.de\\\/produkt\\\/farmers-walks-premium-holzgriffe-fuer-funktionelles-training\\\/#primaryimage\"},\"image\":{\"@id\":\"https:\\\/\\\/www.woodgym.de\\\/produkt\\\/farmers-walks-premium-holzgriffe-fuer-funktionelles-training\\\/#primaryimage\"},\"thumbnailUrl\":\"https:\\\/\\\/www.woodgym.de\\\/wp-content\\\/uploads\\\/2026\\\/01\\\/Fitness-Holz-Equipment-WoodGym-Farmers-Walk-Handels.png\",\"datePublished\":\"2025-08-16T08:10:22+00:00\",\"dateModified\":\"2026-01-14T12:59:05+00:00\",\"description\":\"Massive Holz Farmers Walk Griffe f\u00fcr Strongman Training, Grip & Ganzk\u00f6rperkraft. Langlebig, ergonomisch & ideal f\u00fcr Home Gym & Studio.\",\"breadcrumb\":{\"@id\":\"https:\\\/\\\/www.woodgym.de\\\/produkt\\\/farmers-walks-premium-holzgriffe-fuer-funktionelles-training\\\/#breadcrumb\"},\"inLanguage\":\"en-GB\",\"potentialAction\":[{\"@type\":\"ReadAction\",\"target\":[\"https:\\\/\\\/www.woodgym.de\\\/produkt\\\/farmers-walks-premium-holzgriffe-fuer-funktionelles-training\\\/\"]}]},{\"@type\":\"ImageObject\",\"inLanguage\":\"en-GB\",\"@id\":\"https:\\\/\\\/www.woodgym.de\\\/produkt\\\/farmers-walks-premium-holzgriffe-fuer-funktionelles-training\\\/#primaryimage\",\"url\":\"https:\\\/\\\/www.woodgym.de\\\/wp-content\\\/uploads\\\/2026\\\/01\\\/Fitness-Holz-Equipment-WoodGym-Farmers-Walk-Handels.png\",\"contentUrl\":\"https:\\\/\\\/www.woodgym.de\\\/wp-content\\\/uploads\\\/2026\\\/01\\\/Fitness-Holz-Equipment-WoodGym-Farmers-Walk-Handels.png\",\"width\":1216,\"height\":880,\"caption\":\"Holz Fitnessger\u00e4te\"},{\"@type\":\"BreadcrumbList\",\"@id\":\"https:\\\/\\\/www.woodgym.de\\\/produkt\\\/farmers-walks-premium-holzgriffe-fuer-funktionelles-training\\\/#breadcrumb\",\"itemListElement\":[{\"@type\":\"ListItem\",\"position\":1,\"name\":\"Startseite\",\"item\":\"https:\\\/\\\/www.woodgym.de\\\/\"},{\"@type\":\"ListItem\",\"position\":2,\"name\":\"Shop\",\"item\":\"https:\\\/\\\/www.woodgym.de\\\/shop-2\\\/\"},{\"@type\":\"ListItem\",\"position\":3,\"name\":\"Farmers Walks Handles\"}]},{\"@type\":\"WebSite\",\"@id\":\"https:\\\/\\\/www.woodgym.de\\\/#website\",\"url\":\"https:\\\/\\\/www.woodgym.de\\\/\",\"name\":\"Holz-Fitnessger\u00e4te von WoodGym\",\"description\":\"Fitnessger\u00e4te aus Holz\",\"publisher\":{\"@id\":\"https:\\\/\\\/www.woodgym.de\\\/#organization\"},\"potentialAction\":[{\"@type\":\"SearchAction\",\"target\":{\"@type\":\"EntryPoint\",\"urlTemplate\":\"https:\\\/\\\/www.woodgym.de\\\/?s={search_term_string}\"},\"query-input\":{\"@type\":\"PropertyValueSpecification\",\"valueRequired\":true,\"valueName\":\"search_term_string\"}}],\"inLanguage\":\"en-GB\"},{\"@type\":\"Organization\",\"@id\":\"https:\\\/\\\/www.woodgym.de\\\/#organization\",\"name\":\"Holz-Fitnessger\u00e4te von WoodGym\",\"url\":\"https:\\\/\\\/www.woodgym.de\\\/\",\"logo\":{\"@type\":\"ImageObject\",\"inLanguage\":\"en-GB\",\"@id\":\"https:\\\/\\\/www.woodgym.de\\\/#\\\/schema\\\/logo\\\/image\\\/\",\"url\":\"https:\\\/\\\/www.woodgym.de\\\/wp-content\\\/uploads\\\/2026\\\/01\\\/woodgym-nur-text-black-bold-200-header.png\",\"contentUrl\":\"https:\\\/\\\/www.woodgym.de\\\/wp-content\\\/uploads\\\/2026\\\/01\\\/woodgym-nur-text-black-bold-200-header.png\",\"width\":200,\"height\":29,\"caption\":\"Holz-Fitnessger\u00e4te von WoodGym\"},\"image\":{\"@id\":\"https:\\\/\\\/www.woodgym.de\\\/#\\\/schema\\\/logo\\\/image\\\/\"}}]}<\/script>\n<!-- \/ Yoast SEO plugin. -->","yoast_head_json":{"title":"Holz Fitnessger\u00e4t: Farmers Walk Handles","description":"Massive Holz Farmers Walk Griffe f\u00fcr Strongman Training, Grip & Ganzk\u00f6rperkraft. Langlebig, ergonomisch & ideal f\u00fcr Home Gym & Studio.","robots":{"index":"index","follow":"follow","max-snippet":"max-snippet:-1","max-image-preview":"max-image-preview:large","max-video-preview":"max-video-preview:-1"},"canonical":"https:\/\/www.woodgym.de\/english\/product\/farmers-walks-premium-holzgriffe-fuer-funktionelles-training\/","og_locale":"en_GB","og_type":"article","og_title":"Holz Fitnessger\u00e4t: Farmers Walk Handles","og_description":"Massive Holz Farmers Walk Griffe f\u00fcr Strongman Training, Grip & Ganzk\u00f6rperkraft. Langlebig, ergonomisch & ideal f\u00fcr Home Gym & Studio.","og_url":"https:\/\/www.woodgym.de\/english\/product\/farmers-walks-premium-holzgriffe-fuer-funktionelles-training\/","og_site_name":"Holz-Fitnessger\u00e4te von WoodGym","article_modified_time":"2026-01-14T12:59:05+00:00","og_image":[{"width":1216,"height":880,"url":"https:\/\/www.woodgym.de\/wp-content\/uploads\/2026\/01\/Fitness-Holz-Equipment-WoodGym-Farmers-Walk-Handels.png","type":"image\/png"}],"twitter_card":"summary_large_image","twitter_misc":{"Estimated reading time":"1 minute"},"schema":{"@context":"https:\/\/schema.org","@graph":[{"@type":"WebPage","@id":"https:\/\/www.woodgym.de\/produkt\/farmers-walks-premium-holzgriffe-fuer-funktionelles-training\/","url":"https:\/\/www.woodgym.de\/produkt\/farmers-walks-premium-holzgriffe-fuer-funktionelles-training\/","name":"Holz Fitnessger\u00e4t: Farmers Walk Handles","isPartOf":{"@id":"https:\/\/www.woodgym.de\/#website"},"primaryImageOfPage":{"@id":"https:\/\/www.woodgym.de\/produkt\/farmers-walks-premium-holzgriffe-fuer-funktionelles-training\/#primaryimage"},"image":{"@id":"https:\/\/www.woodgym.de\/produkt\/farmers-walks-premium-holzgriffe-fuer-funktionelles-training\/#primaryimage"},"thumbnailUrl":"https:\/\/www.woodgym.de\/wp-content\/uploads\/2026\/01\/Fitness-Holz-Equipment-WoodGym-Farmers-Walk-Handels.png","datePublished":"2025-08-16T08:10:22+00:00","dateModified":"2026-01-14T12:59:05+00:00","description":"Massive Holz Farmers Walk Griffe f\u00fcr Strongman Training, Grip & Ganzk\u00f6rperkraft. Langlebig, ergonomisch & ideal f\u00fcr Home Gym & Studio.","breadcrumb":{"@id":"https:\/\/www.woodgym.de\/produkt\/farmers-walks-premium-holzgriffe-fuer-funktionelles-training\/#breadcrumb"},"inLanguage":"en-GB","potentialAction":[{"@type":"ReadAction","target":["https:\/\/www.woodgym.de\/produkt\/farmers-walks-premium-holzgriffe-fuer-funktionelles-training\/"]}]},{"@type":"ImageObject","inLanguage":"en-GB","@id":"https:\/\/www.woodgym.de\/produkt\/farmers-walks-premium-holzgriffe-fuer-funktionelles-training\/#primaryimage","url":"https:\/\/www.woodgym.de\/wp-content\/uploads\/2026\/01\/Fitness-Holz-Equipment-WoodGym-Farmers-Walk-Handels.png","contentUrl":"https:\/\/www.woodgym.de\/wp-content\/uploads\/2026\/01\/Fitness-Holz-Equipment-WoodGym-Farmers-Walk-Handels.png","width":1216,"height":880,"caption":"Holz Fitnessger\u00e4te"},{"@type":"BreadcrumbList","@id":"https:\/\/www.woodgym.de\/produkt\/farmers-walks-premium-holzgriffe-fuer-funktionelles-training\/#breadcrumb","itemListElement":[{"@type":"ListItem","position":1,"name":"Startseite","item":"https:\/\/www.woodgym.de\/"},{"@type":"ListItem","position":2,"name":"Shop","item":"https:\/\/www.woodgym.de\/shop-2\/"},{"@type":"ListItem","position":3,"name":"Farmers Walks Handles"}]},{"@type":"WebSite","@id":"https:\/\/www.woodgym.de\/#website","url":"https:\/\/www.woodgym.de\/","name":"Holz-Fitnessger\u00e4te von WoodGym","description":"Fitnessger\u00e4te aus Holz","publisher":{"@id":"https:\/\/www.woodgym.de\/#organization"},"potentialAction":[{"@type":"SearchAction","target":{"@type":"EntryPoint","urlTemplate":"https:\/\/www.woodgym.de\/?s={search_term_string}"},"query-input":{"@type":"PropertyValueSpecification","valueRequired":true,"valueName":"search_term_string"}}],"inLanguage":"en-GB"},{"@type":"Organization","@id":"https:\/\/www.woodgym.de\/#organization","name":"Holz-Fitnessger\u00e4te von WoodGym","url":"https:\/\/www.woodgym.de\/","logo":{"@type":"ImageObject","inLanguage":"en-GB","@id":"https:\/\/www.woodgym.de\/#\/schema\/logo\/image\/","url":"https:\/\/www.woodgym.de\/wp-content\/uploads\/2026\/01\/woodgym-nur-text-black-bold-200-header.png","contentUrl":"https:\/\/www.woodgym.de\/wp-content\/uploads\/2026\/01\/woodgym-nur-text-black-bold-200-header.png","width":200,"height":29,"caption":"Holz-Fitnessger\u00e4te von WoodGym"},"image":{"@id":"https:\/\/www.woodgym.de\/#\/schema\/logo\/image\/"}}]}},"_links":{"self":[{"href":"https:\/\/www.woodgym.de\/english\/wp-json\/wp\/v2\/product\/940","targetHints":{"allow":["GET"]}}],"collection":[{"href":"https:\/\/www.woodgym.de\/english\/wp-json\/wp\/v2\/product"}],"about":[{"href":"https:\/\/www.woodgym.de\/english\/wp-json\/wp\/v2\/types\/product"}],"replies":[{"embeddable":true,"href":"https:\/\/www.woodgym.de\/english\/wp-json\/wp\/v2\/comments?post=940"}],"wp:featuredmedia":[{"embeddable":true,"href":"https:\/\/www.woodgym.de\/english\/wp-json\/wp\/v2\/media\/3268"}],"wp:attachment":[{"href":"https:\/\/www.woodgym.de\/english\/wp-json\/wp\/v2\/media?parent=940"}],"wp:term":[{"taxonomy":"product_brand","embeddable":true,"href":"https:\/\/www.woodgym.de\/english\/wp-json\/wp\/v2\/product_brand?post=940"},{"taxonomy":"product_cat","embeddable":true,"href":"https:\/\/www.woodgym.de\/english\/wp-json\/wp\/v2\/product_cat?post=940"},{"taxonomy":"product_tag","embeddable":true,"href":"https:\/\/www.woodgym.de\/english\/wp-json\/wp\/v2\/product_tag?post=940"}],"curies":[{"name":"wp","href":"https:\/\/api.w.org\/{rel}","templated":true}]}}