{"id":2369,"date":"2025-09-18T16:08:28","date_gmt":"2025-09-18T14:08:28","guid":{"rendered":"https:\/\/woodletics.com\/?post_type=product&#038;p=2369"},"modified":"2025-12-06T10:35:15","modified_gmt":"2025-12-06T09:35:15","slug":"klimmzugstange-aus-holz-kopie","status":"publish","type":"product","link":"https:\/\/www.woodgym.de\/english\/product\/klimmzugstange-aus-holz-kopie\/","title":{"rendered":"Wooden dip bars for wall mounting"},"content":{"rendered":"","protected":false},"excerpt":{"rendered":"<p data-start=\"200\" data-end=\"513\">Woodletics Dip Bars are your compact training device for effective upper body training at home. Made from solid pine, the wooden bars offer maximum stability and a comfortable, natural grip \u2013 ideal for clean dips that specifically train your chest, shoulders and triceps.<\/p>\n<p data-start=\"515\" data-end=\"775\">The width of the bars can be adjusted to three different positions, allowing you to find the perfect setting for your height and training goals. The removable handles can be stored on the base to save space \u2013 ideal if you have limited room.<\/p>\n<p data-start=\"777\" data-end=\"1007\">Robust, durable and flexible: with Woodletics DipBars, you can bring a versatile training device into your home that adds variety, targeted muscle building and maximum stability to your workout \u2013 typical Woodletics.<\/p>\n<p data-start=\"777\" data-end=\"1007\"><strong>Handcrafted quality \u2018Made in Berlin\u2019<\/strong><\/p>\n<p data-start=\"777\" data-end=\"1007\"><img fetchpriority=\"high\" decoding=\"async\" class=\"alignnone size-full wp-image-3024\" src=\"https:\/\/woodletics.com\/wp-content\/uploads\/2025\/10\/Fitness-Holz-Equipment-Woodletics-001-e1759311590615.png\" alt=\"\" width=\"1200\" height=\"562\" srcset=\"https:\/\/www.woodgym.de\/wp-content\/uploads\/2025\/10\/Fitness-Holz-Equipment-Woodletics-001-e1759311590615.png 1200w, https:\/\/www.woodgym.de\/wp-content\/uploads\/2025\/10\/Fitness-Holz-Equipment-Woodletics-001-e1759311590615-300x141.png 300w, https:\/\/www.woodgym.de\/wp-content\/uploads\/2025\/10\/Fitness-Holz-Equipment-Woodletics-001-e1759311590615-1024x480.png 1024w, https:\/\/www.woodgym.de\/wp-content\/uploads\/2025\/10\/Fitness-Holz-Equipment-Woodletics-001-e1759311590615-768x360.png 768w, https:\/\/www.woodgym.de\/wp-content\/uploads\/2025\/10\/Fitness-Holz-Equipment-Woodletics-001-e1759311590615-18x8.png 18w, https:\/\/www.woodgym.de\/wp-content\/uploads\/2025\/10\/Fitness-Holz-Equipment-Woodletics-001-e1759311590615-600x281.png 600w\" sizes=\"(max-width: 1200px) 100vw, 1200px\" \/><br data-start=\"1991\" data-end=\"1994\" \/>Woodletics dip bars are handmade in Berlin from solid pine. Each pair is precision-crafted to ensure stability and safety during every workout. Sustainable wood from the region and loving craftsmanship make these bars a functional piece of artistry.<\/p>","protected":false},"featured_media":2359,"comment_status":"closed","ping_status":"closed","template":"","meta":{"iawp_total_views":143},"product_brand":[],"product_cat":[62],"product_tag":[],"class_list":{"0":"post-2369","1":"product","2":"type-product","3":"status-publish","4":"has-post-thumbnail","6":"product_cat-strength-training","8":"first","9":"instock","10":"shipping-taxable","11":"purchasable","12":"product-type-simple"},"yoast_head":"<!-- This site is optimized with the Yoast SEO plugin v27.4 - https:\/\/yoast.com\/product\/yoast-seo-wordpress\/ -->\n<title>Holz Fitnessger\u00e4t: Dipbarren, Dip barren<\/title>\n<meta name=\"description\" content=\"Wood Parallettes Dip Bars aus massivem Holz f\u00fcr Oberk\u00f6rpertraining. Stabil, verstellbar &amp; ideal f\u00fcr Dips, L-Sits &amp; Trizeps\/Chest Workouts.\" \/>\n<meta name=\"robots\" content=\"index, follow, max-snippet:-1, max-image-preview:large, max-video-preview:-1\" \/>\n<link rel=\"canonical\" href=\"https:\/\/www.woodgym.de\/english\/product\/klimmzugstange-aus-holz-kopie\/\" \/>\n<meta property=\"og:locale\" content=\"en_GB\" \/>\n<meta property=\"og:type\" content=\"article\" \/>\n<meta property=\"og:title\" content=\"Holz Fitnessger\u00e4t: Dipbarren, Dip barren\" \/>\n<meta property=\"og:description\" content=\"Wood Parallettes Dip Bars aus massivem Holz f\u00fcr Oberk\u00f6rpertraining. Stabil, verstellbar &amp; ideal f\u00fcr Dips, L-Sits &amp; Trizeps\/Chest Workouts.\" \/>\n<meta property=\"og:url\" content=\"https:\/\/www.woodgym.de\/english\/product\/klimmzugstange-aus-holz-kopie\/\" \/>\n<meta property=\"og:site_name\" content=\"Holz-Fitnessger\u00e4te von WoodGym\" \/>\n<meta property=\"article:modified_time\" content=\"2025-12-06T09:35:15+00:00\" \/>\n<meta property=\"og:image\" content=\"https:\/\/www.woodgym.de\/wp-content\/uploads\/2025\/09\/IMG_0853.png\" \/>\n\t<meta property=\"og:image:width\" content=\"1184\" \/>\n\t<meta property=\"og:image:height\" content=\"864\" \/>\n\t<meta property=\"og:image:type\" content=\"image\/png\" \/>\n<meta name=\"twitter:card\" content=\"summary_large_image\" \/>\n<meta name=\"twitter:label1\" content=\"Estimated reading time\" \/>\n\t<meta name=\"twitter:data1\" content=\"1 minute\" \/>\n<script type=\"application\/ld+json\" class=\"yoast-schema-graph\">{\"@context\":\"https:\\\/\\\/schema.org\",\"@graph\":[{\"@type\":\"WebPage\",\"@id\":\"https:\\\/\\\/www.woodgym.de\\\/english\\\/product\\\/klimmzugstange-aus-holz-kopie\\\/\",\"url\":\"https:\\\/\\\/www.woodgym.de\\\/english\\\/product\\\/klimmzugstange-aus-holz-kopie\\\/\",\"name\":\"Holz Fitnessger\u00e4t: Dipbarren, Dip barren\",\"isPartOf\":{\"@id\":\"https:\\\/\\\/www.woodgym.de\\\/#website\"},\"primaryImageOfPage\":{\"@id\":\"https:\\\/\\\/www.woodgym.de\\\/english\\\/product\\\/klimmzugstange-aus-holz-kopie\\\/#primaryimage\"},\"image\":{\"@id\":\"https:\\\/\\\/www.woodgym.de\\\/english\\\/product\\\/klimmzugstange-aus-holz-kopie\\\/#primaryimage\"},\"thumbnailUrl\":\"https:\\\/\\\/www.woodgym.de\\\/wp-content\\\/uploads\\\/2025\\\/09\\\/IMG_0853.png\",\"datePublished\":\"2025-09-18T14:08:28+00:00\",\"dateModified\":\"2025-12-06T09:35:15+00:00\",\"description\":\"Wood Parallettes Dip Bars aus massivem Holz f\u00fcr Oberk\u00f6rpertraining. Stabil, verstellbar & ideal f\u00fcr Dips, L-Sits & Trizeps\\\/Chest Workouts.\",\"breadcrumb\":{\"@id\":\"https:\\\/\\\/www.woodgym.de\\\/english\\\/product\\\/klimmzugstange-aus-holz-kopie\\\/#breadcrumb\"},\"inLanguage\":\"en-GB\",\"potentialAction\":[{\"@type\":\"ReadAction\",\"target\":[\"https:\\\/\\\/www.woodgym.de\\\/english\\\/product\\\/klimmzugstange-aus-holz-kopie\\\/\"]}]},{\"@type\":\"ImageObject\",\"inLanguage\":\"en-GB\",\"@id\":\"https:\\\/\\\/www.woodgym.de\\\/english\\\/product\\\/klimmzugstange-aus-holz-kopie\\\/#primaryimage\",\"url\":\"https:\\\/\\\/www.woodgym.de\\\/wp-content\\\/uploads\\\/2025\\\/09\\\/IMG_0853.png\",\"contentUrl\":\"https:\\\/\\\/www.woodgym.de\\\/wp-content\\\/uploads\\\/2025\\\/09\\\/IMG_0853.png\",\"width\":1184,\"height\":864},{\"@type\":\"BreadcrumbList\",\"@id\":\"https:\\\/\\\/www.woodgym.de\\\/english\\\/product\\\/klimmzugstange-aus-holz-kopie\\\/#breadcrumb\",\"itemListElement\":[{\"@type\":\"ListItem\",\"position\":1,\"name\":\"Startseite\",\"item\":\"https:\\\/\\\/www.woodgym.de\\\/\"},{\"@type\":\"ListItem\",\"position\":2,\"name\":\"Shop\",\"item\":\"https:\\\/\\\/www.woodgym.de\\\/shop-2\\\/\"},{\"@type\":\"ListItem\",\"position\":3,\"name\":\"Dip Barren aus Holz zur Wandmontage\"}]},{\"@type\":\"WebSite\",\"@id\":\"https:\\\/\\\/www.woodgym.de\\\/#website\",\"url\":\"https:\\\/\\\/www.woodgym.de\\\/\",\"name\":\"Holz-Fitnessger\u00e4te von WoodGym\",\"description\":\"Fitnessger\u00e4te aus Holz\",\"publisher\":{\"@id\":\"https:\\\/\\\/www.woodgym.de\\\/#organization\"},\"potentialAction\":[{\"@type\":\"SearchAction\",\"target\":{\"@type\":\"EntryPoint\",\"urlTemplate\":\"https:\\\/\\\/www.woodgym.de\\\/?s={search_term_string}\"},\"query-input\":{\"@type\":\"PropertyValueSpecification\",\"valueRequired\":true,\"valueName\":\"search_term_string\"}}],\"inLanguage\":\"en-GB\"},{\"@type\":\"Organization\",\"@id\":\"https:\\\/\\\/www.woodgym.de\\\/#organization\",\"name\":\"Holz-Fitnessger\u00e4te von WoodGym\",\"url\":\"https:\\\/\\\/www.woodgym.de\\\/\",\"logo\":{\"@type\":\"ImageObject\",\"inLanguage\":\"en-GB\",\"@id\":\"https:\\\/\\\/www.woodgym.de\\\/#\\\/schema\\\/logo\\\/image\\\/\",\"url\":\"https:\\\/\\\/www.woodgym.de\\\/wp-content\\\/uploads\\\/2026\\\/01\\\/woodgym-nur-text-black-bold-200-header.png\",\"contentUrl\":\"https:\\\/\\\/www.woodgym.de\\\/wp-content\\\/uploads\\\/2026\\\/01\\\/woodgym-nur-text-black-bold-200-header.png\",\"width\":200,\"height\":29,\"caption\":\"Holz-Fitnessger\u00e4te von WoodGym\"},\"image\":{\"@id\":\"https:\\\/\\\/www.woodgym.de\\\/#\\\/schema\\\/logo\\\/image\\\/\"}}]}<\/script>\n<!-- \/ Yoast SEO plugin. -->","yoast_head_json":{"title":"Holz Fitnessger\u00e4t: Dipbarren, Dip barren","description":"Wood Parallettes Dip Bars aus massivem Holz f\u00fcr Oberk\u00f6rpertraining. Stabil, verstellbar & ideal f\u00fcr Dips, L-Sits & Trizeps\/Chest Workouts.","robots":{"index":"index","follow":"follow","max-snippet":"max-snippet:-1","max-image-preview":"max-image-preview:large","max-video-preview":"max-video-preview:-1"},"canonical":"https:\/\/www.woodgym.de\/english\/product\/klimmzugstange-aus-holz-kopie\/","og_locale":"en_GB","og_type":"article","og_title":"Holz Fitnessger\u00e4t: Dipbarren, Dip barren","og_description":"Wood Parallettes Dip Bars aus massivem Holz f\u00fcr Oberk\u00f6rpertraining. Stabil, verstellbar & ideal f\u00fcr Dips, L-Sits & Trizeps\/Chest Workouts.","og_url":"https:\/\/www.woodgym.de\/english\/product\/klimmzugstange-aus-holz-kopie\/","og_site_name":"Holz-Fitnessger\u00e4te von WoodGym","article_modified_time":"2025-12-06T09:35:15+00:00","og_image":[{"width":1184,"height":864,"url":"https:\/\/www.woodgym.de\/wp-content\/uploads\/2025\/09\/IMG_0853.png","type":"image\/png"}],"twitter_card":"summary_large_image","twitter_misc":{"Estimated reading time":"1 minute"},"schema":{"@context":"https:\/\/schema.org","@graph":[{"@type":"WebPage","@id":"https:\/\/www.woodgym.de\/english\/product\/klimmzugstange-aus-holz-kopie\/","url":"https:\/\/www.woodgym.de\/english\/product\/klimmzugstange-aus-holz-kopie\/","name":"Holz Fitnessger\u00e4t: Dipbarren, Dip barren","isPartOf":{"@id":"https:\/\/www.woodgym.de\/#website"},"primaryImageOfPage":{"@id":"https:\/\/www.woodgym.de\/english\/product\/klimmzugstange-aus-holz-kopie\/#primaryimage"},"image":{"@id":"https:\/\/www.woodgym.de\/english\/product\/klimmzugstange-aus-holz-kopie\/#primaryimage"},"thumbnailUrl":"https:\/\/www.woodgym.de\/wp-content\/uploads\/2025\/09\/IMG_0853.png","datePublished":"2025-09-18T14:08:28+00:00","dateModified":"2025-12-06T09:35:15+00:00","description":"Wood Parallettes Dip Bars aus massivem Holz f\u00fcr Oberk\u00f6rpertraining. Stabil, verstellbar & ideal f\u00fcr Dips, L-Sits & Trizeps\/Chest Workouts.","breadcrumb":{"@id":"https:\/\/www.woodgym.de\/english\/product\/klimmzugstange-aus-holz-kopie\/#breadcrumb"},"inLanguage":"en-GB","potentialAction":[{"@type":"ReadAction","target":["https:\/\/www.woodgym.de\/english\/product\/klimmzugstange-aus-holz-kopie\/"]}]},{"@type":"ImageObject","inLanguage":"en-GB","@id":"https:\/\/www.woodgym.de\/english\/product\/klimmzugstange-aus-holz-kopie\/#primaryimage","url":"https:\/\/www.woodgym.de\/wp-content\/uploads\/2025\/09\/IMG_0853.png","contentUrl":"https:\/\/www.woodgym.de\/wp-content\/uploads\/2025\/09\/IMG_0853.png","width":1184,"height":864},{"@type":"BreadcrumbList","@id":"https:\/\/www.woodgym.de\/english\/product\/klimmzugstange-aus-holz-kopie\/#breadcrumb","itemListElement":[{"@type":"ListItem","position":1,"name":"Startseite","item":"https:\/\/www.woodgym.de\/"},{"@type":"ListItem","position":2,"name":"Shop","item":"https:\/\/www.woodgym.de\/shop-2\/"},{"@type":"ListItem","position":3,"name":"Dip Barren aus Holz zur Wandmontage"}]},{"@type":"WebSite","@id":"https:\/\/www.woodgym.de\/#website","url":"https:\/\/www.woodgym.de\/","name":"Holz-Fitnessger\u00e4te von WoodGym","description":"Fitnessger\u00e4te aus Holz","publisher":{"@id":"https:\/\/www.woodgym.de\/#organization"},"potentialAction":[{"@type":"SearchAction","target":{"@type":"EntryPoint","urlTemplate":"https:\/\/www.woodgym.de\/?s={search_term_string}"},"query-input":{"@type":"PropertyValueSpecification","valueRequired":true,"valueName":"search_term_string"}}],"inLanguage":"en-GB"},{"@type":"Organization","@id":"https:\/\/www.woodgym.de\/#organization","name":"Holz-Fitnessger\u00e4te von WoodGym","url":"https:\/\/www.woodgym.de\/","logo":{"@type":"ImageObject","inLanguage":"en-GB","@id":"https:\/\/www.woodgym.de\/#\/schema\/logo\/image\/","url":"https:\/\/www.woodgym.de\/wp-content\/uploads\/2026\/01\/woodgym-nur-text-black-bold-200-header.png","contentUrl":"https:\/\/www.woodgym.de\/wp-content\/uploads\/2026\/01\/woodgym-nur-text-black-bold-200-header.png","width":200,"height":29,"caption":"Holz-Fitnessger\u00e4te von WoodGym"},"image":{"@id":"https:\/\/www.woodgym.de\/#\/schema\/logo\/image\/"}}]}},"_links":{"self":[{"href":"https:\/\/www.woodgym.de\/english\/wp-json\/wp\/v2\/product\/2369","targetHints":{"allow":["GET"]}}],"collection":[{"href":"https:\/\/www.woodgym.de\/english\/wp-json\/wp\/v2\/product"}],"about":[{"href":"https:\/\/www.woodgym.de\/english\/wp-json\/wp\/v2\/types\/product"}],"replies":[{"embeddable":true,"href":"https:\/\/www.woodgym.de\/english\/wp-json\/wp\/v2\/comments?post=2369"}],"wp:featuredmedia":[{"embeddable":true,"href":"https:\/\/www.woodgym.de\/english\/wp-json\/wp\/v2\/media\/2359"}],"wp:attachment":[{"href":"https:\/\/www.woodgym.de\/english\/wp-json\/wp\/v2\/media?parent=2369"}],"wp:term":[{"taxonomy":"product_brand","embeddable":true,"href":"https:\/\/www.woodgym.de\/english\/wp-json\/wp\/v2\/product_brand?post=2369"},{"taxonomy":"product_cat","embeddable":true,"href":"https:\/\/www.woodgym.de\/english\/wp-json\/wp\/v2\/product_cat?post=2369"},{"taxonomy":"product_tag","embeddable":true,"href":"https:\/\/www.woodgym.de\/english\/wp-json\/wp\/v2\/product_tag?post=2369"}],"curies":[{"name":"wp","href":"https:\/\/api.w.org\/{rel}","templated":true}]}}