{"id":2062,"date":"2025-09-13T07:01:29","date_gmt":"2025-09-13T05:01:29","guid":{"rendered":"https:\/\/woodletics.com\/?post_type=product&#038;p=2062"},"modified":"2025-12-06T10:38:14","modified_gmt":"2025-12-06T09:38:14","slug":"holzgriffe-mit-gurt-universelle-zughilfe-fuer-natuerliches-training","status":"publish","type":"product","link":"https:\/\/www.woodgym.de\/english\/product\/holzgriffe-mit-gurt-universelle-zughilfe-fuer-natuerliches-training\/","title":{"rendered":"Wooden handles with strap \u2013 universal pulling aid for natural training"},"content":{"rendered":"","protected":false},"excerpt":{"rendered":"<p data-start=\"158\" data-end=\"507\">Maximum versatility in one tool: Woodletics wooden handles with straps are the perfect addition to almost any type of training \u2013 whether resistance bands, cable pulls, pull-up bars, barbells or machines. They enable natural, controlled and pain-free movements and add completely new training stimuli to your workout.<\/p>\n<p data-start=\"509\" data-end=\"773\">The ergonomic wooden handles fit comfortably in your hand and have notches at both ends so you can adjust the length of the strap flexibly. This allows you to customise your grip and make your training even more varied.<\/p>\n<p data-start=\"775\" data-end=\"1058\">Whether you're doing pull-ups, rowing, deadlifts or functional pulling exercises, the variable grip positions and rotation options offered by Woodletics wooden handles with straps open up completely new movement sequences and provide more freedom, variety and natural training movements.<\/p>","protected":false},"featured_media":2443,"comment_status":"closed","ping_status":"closed","template":"","meta":{"iawp_total_views":6},"product_brand":[],"product_cat":[62],"product_tag":[],"class_list":{"0":"post-2062","1":"product","2":"type-product","3":"status-publish","4":"has-post-thumbnail","6":"product_cat-strength-training","8":"first","9":"instock","10":"shipping-taxable","11":"purchasable","12":"product-type-simple"},"yoast_head":"<!-- This site is optimized with the Yoast SEO plugin v27.4 - https:\/\/yoast.com\/product\/yoast-seo-wordpress\/ -->\n<title>Holz Fitness Equipment: Griffe, Grip, Zuggriffe, Zughilfe<\/title>\n<meta name=\"description\" content=\"WoodGym Holzgriffe mit verstellbarem Gurt f\u00fcr Functional Training, Resistance Bands &amp; Kabelz\u00fcge. Ergonomisch, robust &amp; ideal f\u00fcr nat\u00fcrliche Bewegungen.\" \/>\n<meta name=\"robots\" content=\"index, follow, max-snippet:-1, max-image-preview:large, max-video-preview:-1\" \/>\n<link rel=\"canonical\" href=\"https:\/\/www.woodgym.de\/english\/product\/holzgriffe-mit-gurt-universelle-zughilfe-fuer-natuerliches-training\/\" \/>\n<meta property=\"og:locale\" content=\"en_GB\" \/>\n<meta property=\"og:type\" content=\"article\" \/>\n<meta property=\"og:title\" content=\"Holz Fitness Equipment: Griffe, Grip, Zuggriffe, Zughilfe\" \/>\n<meta property=\"og:description\" content=\"WoodGym Holzgriffe mit verstellbarem Gurt f\u00fcr Functional Training, Resistance Bands &amp; Kabelz\u00fcge. Ergonomisch, robust &amp; ideal f\u00fcr nat\u00fcrliche Bewegungen.\" \/>\n<meta property=\"og:url\" content=\"https:\/\/www.woodgym.de\/english\/product\/holzgriffe-mit-gurt-universelle-zughilfe-fuer-natuerliches-training\/\" \/>\n<meta property=\"og:site_name\" content=\"Holz-Fitnessger\u00e4te von WoodGym\" \/>\n<meta property=\"article:modified_time\" content=\"2025-12-06T09:38:14+00:00\" \/>\n<meta property=\"og:image\" content=\"https:\/\/www.woodgym.de\/wp-content\/uploads\/2025\/09\/Fitness-Holz-Equipment-Woodletics-Deadlift-Giffe-470.png\" \/>\n\t<meta property=\"og:image:width\" content=\"900\" \/>\n\t<meta property=\"og:image:height\" content=\"1200\" \/>\n\t<meta property=\"og:image:type\" content=\"image\/png\" \/>\n<meta name=\"twitter:card\" content=\"summary_large_image\" \/>\n<meta name=\"twitter:label1\" content=\"Estimated reading time\" \/>\n\t<meta name=\"twitter:data1\" content=\"1 minute\" \/>\n<script type=\"application\/ld+json\" class=\"yoast-schema-graph\">{\"@context\":\"https:\\\/\\\/schema.org\",\"@graph\":[{\"@type\":\"WebPage\",\"@id\":\"https:\\\/\\\/www.woodgym.de\\\/produkt\\\/holzgriffe-mit-gurt-universelle-zughilfe-fuer-natuerliches-training\\\/\",\"url\":\"https:\\\/\\\/www.woodgym.de\\\/produkt\\\/holzgriffe-mit-gurt-universelle-zughilfe-fuer-natuerliches-training\\\/\",\"name\":\"Holz Fitness Equipment: Griffe, Grip, Zuggriffe, Zughilfe\",\"isPartOf\":{\"@id\":\"https:\\\/\\\/www.woodgym.de\\\/#website\"},\"primaryImageOfPage\":{\"@id\":\"https:\\\/\\\/www.woodgym.de\\\/produkt\\\/holzgriffe-mit-gurt-universelle-zughilfe-fuer-natuerliches-training\\\/#primaryimage\"},\"image\":{\"@id\":\"https:\\\/\\\/www.woodgym.de\\\/produkt\\\/holzgriffe-mit-gurt-universelle-zughilfe-fuer-natuerliches-training\\\/#primaryimage\"},\"thumbnailUrl\":\"https:\\\/\\\/www.woodgym.de\\\/wp-content\\\/uploads\\\/2025\\\/09\\\/Fitness-Holz-Equipment-Woodletics-Deadlift-Giffe-470.png\",\"datePublished\":\"2025-09-13T05:01:29+00:00\",\"dateModified\":\"2025-12-06T09:38:14+00:00\",\"description\":\"WoodGym Holzgriffe mit verstellbarem Gurt f\u00fcr Functional Training, Resistance Bands & Kabelz\u00fcge. Ergonomisch, robust & ideal f\u00fcr nat\u00fcrliche Bewegungen.\",\"breadcrumb\":{\"@id\":\"https:\\\/\\\/www.woodgym.de\\\/produkt\\\/holzgriffe-mit-gurt-universelle-zughilfe-fuer-natuerliches-training\\\/#breadcrumb\"},\"inLanguage\":\"en-GB\",\"potentialAction\":[{\"@type\":\"ReadAction\",\"target\":[\"https:\\\/\\\/www.woodgym.de\\\/produkt\\\/holzgriffe-mit-gurt-universelle-zughilfe-fuer-natuerliches-training\\\/\"]}]},{\"@type\":\"ImageObject\",\"inLanguage\":\"en-GB\",\"@id\":\"https:\\\/\\\/www.woodgym.de\\\/produkt\\\/holzgriffe-mit-gurt-universelle-zughilfe-fuer-natuerliches-training\\\/#primaryimage\",\"url\":\"https:\\\/\\\/www.woodgym.de\\\/wp-content\\\/uploads\\\/2025\\\/09\\\/Fitness-Holz-Equipment-Woodletics-Deadlift-Giffe-470.png\",\"contentUrl\":\"https:\\\/\\\/www.woodgym.de\\\/wp-content\\\/uploads\\\/2025\\\/09\\\/Fitness-Holz-Equipment-Woodletics-Deadlift-Giffe-470.png\",\"width\":900,\"height\":1200},{\"@type\":\"BreadcrumbList\",\"@id\":\"https:\\\/\\\/www.woodgym.de\\\/produkt\\\/holzgriffe-mit-gurt-universelle-zughilfe-fuer-natuerliches-training\\\/#breadcrumb\",\"itemListElement\":[{\"@type\":\"ListItem\",\"position\":1,\"name\":\"Startseite\",\"item\":\"https:\\\/\\\/www.woodgym.de\\\/\"},{\"@type\":\"ListItem\",\"position\":2,\"name\":\"Shop\",\"item\":\"https:\\\/\\\/www.woodgym.de\\\/shop-2\\\/\"},{\"@type\":\"ListItem\",\"position\":3,\"name\":\"Holzgriffe mit Gurt \u2013 universelle Zughilfe f\u00fcr nat\u00fcrliches Training\"}]},{\"@type\":\"WebSite\",\"@id\":\"https:\\\/\\\/www.woodgym.de\\\/#website\",\"url\":\"https:\\\/\\\/www.woodgym.de\\\/\",\"name\":\"Holz-Fitnessger\u00e4te von WoodGym\",\"description\":\"Fitnessger\u00e4te aus Holz\",\"publisher\":{\"@id\":\"https:\\\/\\\/www.woodgym.de\\\/#organization\"},\"potentialAction\":[{\"@type\":\"SearchAction\",\"target\":{\"@type\":\"EntryPoint\",\"urlTemplate\":\"https:\\\/\\\/www.woodgym.de\\\/?s={search_term_string}\"},\"query-input\":{\"@type\":\"PropertyValueSpecification\",\"valueRequired\":true,\"valueName\":\"search_term_string\"}}],\"inLanguage\":\"en-GB\"},{\"@type\":\"Organization\",\"@id\":\"https:\\\/\\\/www.woodgym.de\\\/#organization\",\"name\":\"Holz-Fitnessger\u00e4te von WoodGym\",\"url\":\"https:\\\/\\\/www.woodgym.de\\\/\",\"logo\":{\"@type\":\"ImageObject\",\"inLanguage\":\"en-GB\",\"@id\":\"https:\\\/\\\/www.woodgym.de\\\/#\\\/schema\\\/logo\\\/image\\\/\",\"url\":\"https:\\\/\\\/www.woodgym.de\\\/wp-content\\\/uploads\\\/2026\\\/01\\\/woodgym-nur-text-black-bold-200-header.png\",\"contentUrl\":\"https:\\\/\\\/www.woodgym.de\\\/wp-content\\\/uploads\\\/2026\\\/01\\\/woodgym-nur-text-black-bold-200-header.png\",\"width\":200,\"height\":29,\"caption\":\"Holz-Fitnessger\u00e4te von WoodGym\"},\"image\":{\"@id\":\"https:\\\/\\\/www.woodgym.de\\\/#\\\/schema\\\/logo\\\/image\\\/\"}}]}<\/script>\n<!-- \/ Yoast SEO plugin. -->","yoast_head_json":{"title":"Holz Fitness Equipment: Griffe, Grip, Zuggriffe, Zughilfe","description":"WoodGym Holzgriffe mit verstellbarem Gurt f\u00fcr Functional Training, Resistance Bands & Kabelz\u00fcge. Ergonomisch, robust & ideal f\u00fcr nat\u00fcrliche Bewegungen.","robots":{"index":"index","follow":"follow","max-snippet":"max-snippet:-1","max-image-preview":"max-image-preview:large","max-video-preview":"max-video-preview:-1"},"canonical":"https:\/\/www.woodgym.de\/english\/product\/holzgriffe-mit-gurt-universelle-zughilfe-fuer-natuerliches-training\/","og_locale":"en_GB","og_type":"article","og_title":"Holz Fitness Equipment: Griffe, Grip, Zuggriffe, Zughilfe","og_description":"WoodGym Holzgriffe mit verstellbarem Gurt f\u00fcr Functional Training, Resistance Bands & Kabelz\u00fcge. Ergonomisch, robust & ideal f\u00fcr nat\u00fcrliche Bewegungen.","og_url":"https:\/\/www.woodgym.de\/english\/product\/holzgriffe-mit-gurt-universelle-zughilfe-fuer-natuerliches-training\/","og_site_name":"Holz-Fitnessger\u00e4te von WoodGym","article_modified_time":"2025-12-06T09:38:14+00:00","og_image":[{"width":900,"height":1200,"url":"https:\/\/www.woodgym.de\/wp-content\/uploads\/2025\/09\/Fitness-Holz-Equipment-Woodletics-Deadlift-Giffe-470.png","type":"image\/png"}],"twitter_card":"summary_large_image","twitter_misc":{"Estimated reading time":"1 minute"},"schema":{"@context":"https:\/\/schema.org","@graph":[{"@type":"WebPage","@id":"https:\/\/www.woodgym.de\/produkt\/holzgriffe-mit-gurt-universelle-zughilfe-fuer-natuerliches-training\/","url":"https:\/\/www.woodgym.de\/produkt\/holzgriffe-mit-gurt-universelle-zughilfe-fuer-natuerliches-training\/","name":"Holz Fitness Equipment: Griffe, Grip, Zuggriffe, Zughilfe","isPartOf":{"@id":"https:\/\/www.woodgym.de\/#website"},"primaryImageOfPage":{"@id":"https:\/\/www.woodgym.de\/produkt\/holzgriffe-mit-gurt-universelle-zughilfe-fuer-natuerliches-training\/#primaryimage"},"image":{"@id":"https:\/\/www.woodgym.de\/produkt\/holzgriffe-mit-gurt-universelle-zughilfe-fuer-natuerliches-training\/#primaryimage"},"thumbnailUrl":"https:\/\/www.woodgym.de\/wp-content\/uploads\/2025\/09\/Fitness-Holz-Equipment-Woodletics-Deadlift-Giffe-470.png","datePublished":"2025-09-13T05:01:29+00:00","dateModified":"2025-12-06T09:38:14+00:00","description":"WoodGym Holzgriffe mit verstellbarem Gurt f\u00fcr Functional Training, Resistance Bands & Kabelz\u00fcge. Ergonomisch, robust & ideal f\u00fcr nat\u00fcrliche Bewegungen.","breadcrumb":{"@id":"https:\/\/www.woodgym.de\/produkt\/holzgriffe-mit-gurt-universelle-zughilfe-fuer-natuerliches-training\/#breadcrumb"},"inLanguage":"en-GB","potentialAction":[{"@type":"ReadAction","target":["https:\/\/www.woodgym.de\/produkt\/holzgriffe-mit-gurt-universelle-zughilfe-fuer-natuerliches-training\/"]}]},{"@type":"ImageObject","inLanguage":"en-GB","@id":"https:\/\/www.woodgym.de\/produkt\/holzgriffe-mit-gurt-universelle-zughilfe-fuer-natuerliches-training\/#primaryimage","url":"https:\/\/www.woodgym.de\/wp-content\/uploads\/2025\/09\/Fitness-Holz-Equipment-Woodletics-Deadlift-Giffe-470.png","contentUrl":"https:\/\/www.woodgym.de\/wp-content\/uploads\/2025\/09\/Fitness-Holz-Equipment-Woodletics-Deadlift-Giffe-470.png","width":900,"height":1200},{"@type":"BreadcrumbList","@id":"https:\/\/www.woodgym.de\/produkt\/holzgriffe-mit-gurt-universelle-zughilfe-fuer-natuerliches-training\/#breadcrumb","itemListElement":[{"@type":"ListItem","position":1,"name":"Startseite","item":"https:\/\/www.woodgym.de\/"},{"@type":"ListItem","position":2,"name":"Shop","item":"https:\/\/www.woodgym.de\/shop-2\/"},{"@type":"ListItem","position":3,"name":"Holzgriffe mit Gurt \u2013 universelle Zughilfe f\u00fcr nat\u00fcrliches Training"}]},{"@type":"WebSite","@id":"https:\/\/www.woodgym.de\/#website","url":"https:\/\/www.woodgym.de\/","name":"Holz-Fitnessger\u00e4te von WoodGym","description":"Fitnessger\u00e4te aus Holz","publisher":{"@id":"https:\/\/www.woodgym.de\/#organization"},"potentialAction":[{"@type":"SearchAction","target":{"@type":"EntryPoint","urlTemplate":"https:\/\/www.woodgym.de\/?s={search_term_string}"},"query-input":{"@type":"PropertyValueSpecification","valueRequired":true,"valueName":"search_term_string"}}],"inLanguage":"en-GB"},{"@type":"Organization","@id":"https:\/\/www.woodgym.de\/#organization","name":"Holz-Fitnessger\u00e4te von WoodGym","url":"https:\/\/www.woodgym.de\/","logo":{"@type":"ImageObject","inLanguage":"en-GB","@id":"https:\/\/www.woodgym.de\/#\/schema\/logo\/image\/","url":"https:\/\/www.woodgym.de\/wp-content\/uploads\/2026\/01\/woodgym-nur-text-black-bold-200-header.png","contentUrl":"https:\/\/www.woodgym.de\/wp-content\/uploads\/2026\/01\/woodgym-nur-text-black-bold-200-header.png","width":200,"height":29,"caption":"Holz-Fitnessger\u00e4te von WoodGym"},"image":{"@id":"https:\/\/www.woodgym.de\/#\/schema\/logo\/image\/"}}]}},"_links":{"self":[{"href":"https:\/\/www.woodgym.de\/english\/wp-json\/wp\/v2\/product\/2062","targetHints":{"allow":["GET"]}}],"collection":[{"href":"https:\/\/www.woodgym.de\/english\/wp-json\/wp\/v2\/product"}],"about":[{"href":"https:\/\/www.woodgym.de\/english\/wp-json\/wp\/v2\/types\/product"}],"replies":[{"embeddable":true,"href":"https:\/\/www.woodgym.de\/english\/wp-json\/wp\/v2\/comments?post=2062"}],"wp:featuredmedia":[{"embeddable":true,"href":"https:\/\/www.woodgym.de\/english\/wp-json\/wp\/v2\/media\/2443"}],"wp:attachment":[{"href":"https:\/\/www.woodgym.de\/english\/wp-json\/wp\/v2\/media?parent=2062"}],"wp:term":[{"taxonomy":"product_brand","embeddable":true,"href":"https:\/\/www.woodgym.de\/english\/wp-json\/wp\/v2\/product_brand?post=2062"},{"taxonomy":"product_cat","embeddable":true,"href":"https:\/\/www.woodgym.de\/english\/wp-json\/wp\/v2\/product_cat?post=2062"},{"taxonomy":"product_tag","embeddable":true,"href":"https:\/\/www.woodgym.de\/english\/wp-json\/wp\/v2\/product_tag?post=2062"}],"curies":[{"name":"wp","href":"https:\/\/api.w.org\/{rel}","templated":true}]}}