{"id":2060,"date":"2025-09-13T06:58:22","date_gmt":"2025-09-13T04:58:22","guid":{"rendered":"https:\/\/woodletics.com\/?post_type=product&#038;p=2060"},"modified":"2025-12-06T10:38:52","modified_gmt":"2025-12-06T09:38:52","slug":"widerstandsgriffe-aus-holz","status":"publish","type":"product","link":"https:\/\/www.woodgym.de\/english\/product\/widerstandsgriffe-aus-holz\/","title":{"rendered":"Wooden resistance handles (pair)"},"content":{"rendered":"","protected":false},"excerpt":{"rendered":"<p data-start=\"140\" data-end=\"478\">Combine functionality with a natural training feel! The Woodletics resistance handles made of solid wood are the ideal addition to your resistance band training. Thanks to their ergonomic shape and pleasantly smooth surface, the handles lie securely and comfortably in your hand \u2013 perfect for all pulling and pushing exercises.<\/p>\n<p data-start=\"480\" data-end=\"800\">The wooden handles are not only visually appealing, but also extremely robust and durable. Thanks to sturdy fastening eyelets, they can be quickly and easily combined with all standard resistance bands. This allows you to add variety to your training and perform movements even more naturally and with greater control.<\/p>\n<p data-start=\"802\" data-end=\"1009\">With Woodletics resistance handles, you can train effectively, safely and with the special feel of real wood \u2013 for functional training that is fun and challenges your muscles in the best possible way.<\/p>","protected":false},"featured_media":2477,"comment_status":"closed","ping_status":"closed","template":"","meta":{"iawp_total_views":11},"product_brand":[],"product_cat":[62],"product_tag":[],"class_list":{"0":"post-2060","1":"product","2":"type-product","3":"status-publish","4":"has-post-thumbnail","6":"product_cat-strength-training","8":"first","9":"outofstock","10":"shipping-taxable","11":"purchasable","12":"product-type-simple"},"yoast_head":"<!-- This site is optimized with the Yoast SEO plugin v27.4 - https:\/\/yoast.com\/product\/yoast-seo-wordpress\/ -->\n<title>Fitness Equipment: Widerstandsgriffe<\/title>\n<meta name=\"description\" content=\"Hochwertige Holz Fitnessger\u00e4te f\u00fcr dein Home Gym. Entdecke nachhaltiges Fitness Equipment aus Holz f\u00fcr effektives Training zuhause. Stilvoll, robust &amp; funktional.\" \/>\n<meta name=\"robots\" content=\"index, follow, max-snippet:-1, max-image-preview:large, max-video-preview:-1\" \/>\n<link rel=\"canonical\" href=\"https:\/\/www.woodgym.de\/english\/product\/widerstandsgriffe-aus-holz\/\" \/>\n<meta property=\"og:locale\" content=\"en_GB\" \/>\n<meta property=\"og:type\" content=\"article\" \/>\n<meta property=\"og:title\" content=\"Fitness Equipment: Widerstandsgriffe\" \/>\n<meta property=\"og:description\" content=\"Hochwertige Holz Fitnessger\u00e4te f\u00fcr dein Home Gym. Entdecke nachhaltiges Fitness Equipment aus Holz f\u00fcr effektives Training zuhause. Stilvoll, robust &amp; funktional.\" \/>\n<meta property=\"og:url\" content=\"https:\/\/www.woodgym.de\/english\/product\/widerstandsgriffe-aus-holz\/\" \/>\n<meta property=\"og:site_name\" content=\"Holz-Fitnessger\u00e4te von WoodGym\" \/>\n<meta property=\"article:modified_time\" content=\"2025-12-06T09:38:52+00:00\" \/>\n<meta property=\"og:image\" content=\"https:\/\/www.woodgym.de\/wp-content\/uploads\/2025\/09\/Fitness-Holz-Equipment-Woodletics-Widerstandband-Giffe-467.png\" \/>\n\t<meta property=\"og:image:width\" content=\"900\" \/>\n\t<meta property=\"og:image:height\" content=\"1200\" \/>\n\t<meta property=\"og:image:type\" content=\"image\/png\" \/>\n<meta name=\"twitter:card\" content=\"summary_large_image\" \/>\n<meta name=\"twitter:label1\" content=\"Estimated reading time\" \/>\n\t<meta name=\"twitter:data1\" content=\"1 minute\" \/>\n<script type=\"application\/ld+json\" class=\"yoast-schema-graph\">{\"@context\":\"https:\\\/\\\/schema.org\",\"@graph\":[{\"@type\":\"WebPage\",\"@id\":\"https:\\\/\\\/www.woodgym.de\\\/produkt\\\/widerstandsgriffe-aus-holz\\\/\",\"url\":\"https:\\\/\\\/www.woodgym.de\\\/produkt\\\/widerstandsgriffe-aus-holz\\\/\",\"name\":\"Fitness Equipment: Widerstandsgriffe\",\"isPartOf\":{\"@id\":\"https:\\\/\\\/www.woodgym.de\\\/#website\"},\"primaryImageOfPage\":{\"@id\":\"https:\\\/\\\/www.woodgym.de\\\/produkt\\\/widerstandsgriffe-aus-holz\\\/#primaryimage\"},\"image\":{\"@id\":\"https:\\\/\\\/www.woodgym.de\\\/produkt\\\/widerstandsgriffe-aus-holz\\\/#primaryimage\"},\"thumbnailUrl\":\"https:\\\/\\\/www.woodgym.de\\\/wp-content\\\/uploads\\\/2025\\\/09\\\/Fitness-Holz-Equipment-Woodletics-Widerstandband-Giffe-467.png\",\"datePublished\":\"2025-09-13T04:58:22+00:00\",\"dateModified\":\"2025-12-06T09:38:52+00:00\",\"description\":\"Hochwertige Holz Fitnessger\u00e4te f\u00fcr dein Home Gym. Entdecke nachhaltiges Fitness Equipment aus Holz f\u00fcr effektives Training zuhause. Stilvoll, robust & funktional.\",\"breadcrumb\":{\"@id\":\"https:\\\/\\\/www.woodgym.de\\\/produkt\\\/widerstandsgriffe-aus-holz\\\/#breadcrumb\"},\"inLanguage\":\"en-GB\",\"potentialAction\":[{\"@type\":\"ReadAction\",\"target\":[\"https:\\\/\\\/www.woodgym.de\\\/produkt\\\/widerstandsgriffe-aus-holz\\\/\"]}]},{\"@type\":\"ImageObject\",\"inLanguage\":\"en-GB\",\"@id\":\"https:\\\/\\\/www.woodgym.de\\\/produkt\\\/widerstandsgriffe-aus-holz\\\/#primaryimage\",\"url\":\"https:\\\/\\\/www.woodgym.de\\\/wp-content\\\/uploads\\\/2025\\\/09\\\/Fitness-Holz-Equipment-Woodletics-Widerstandband-Giffe-467.png\",\"contentUrl\":\"https:\\\/\\\/www.woodgym.de\\\/wp-content\\\/uploads\\\/2025\\\/09\\\/Fitness-Holz-Equipment-Woodletics-Widerstandband-Giffe-467.png\",\"width\":900,\"height\":1200},{\"@type\":\"BreadcrumbList\",\"@id\":\"https:\\\/\\\/www.woodgym.de\\\/produkt\\\/widerstandsgriffe-aus-holz\\\/#breadcrumb\",\"itemListElement\":[{\"@type\":\"ListItem\",\"position\":1,\"name\":\"Startseite\",\"item\":\"https:\\\/\\\/www.woodgym.de\\\/\"},{\"@type\":\"ListItem\",\"position\":2,\"name\":\"Shop\",\"item\":\"https:\\\/\\\/www.woodgym.de\\\/shop-2\\\/\"},{\"@type\":\"ListItem\",\"position\":3,\"name\":\"Widerstandsgriffe aus Holz (Paar)\"}]},{\"@type\":\"WebSite\",\"@id\":\"https:\\\/\\\/www.woodgym.de\\\/#website\",\"url\":\"https:\\\/\\\/www.woodgym.de\\\/\",\"name\":\"Holz-Fitnessger\u00e4te von WoodGym\",\"description\":\"Fitnessger\u00e4te aus Holz\",\"publisher\":{\"@id\":\"https:\\\/\\\/www.woodgym.de\\\/#organization\"},\"potentialAction\":[{\"@type\":\"SearchAction\",\"target\":{\"@type\":\"EntryPoint\",\"urlTemplate\":\"https:\\\/\\\/www.woodgym.de\\\/?s={search_term_string}\"},\"query-input\":{\"@type\":\"PropertyValueSpecification\",\"valueRequired\":true,\"valueName\":\"search_term_string\"}}],\"inLanguage\":\"en-GB\"},{\"@type\":\"Organization\",\"@id\":\"https:\\\/\\\/www.woodgym.de\\\/#organization\",\"name\":\"Holz-Fitnessger\u00e4te von WoodGym\",\"url\":\"https:\\\/\\\/www.woodgym.de\\\/\",\"logo\":{\"@type\":\"ImageObject\",\"inLanguage\":\"en-GB\",\"@id\":\"https:\\\/\\\/www.woodgym.de\\\/#\\\/schema\\\/logo\\\/image\\\/\",\"url\":\"https:\\\/\\\/www.woodgym.de\\\/wp-content\\\/uploads\\\/2026\\\/01\\\/woodgym-nur-text-black-bold-200-header.png\",\"contentUrl\":\"https:\\\/\\\/www.woodgym.de\\\/wp-content\\\/uploads\\\/2026\\\/01\\\/woodgym-nur-text-black-bold-200-header.png\",\"width\":200,\"height\":29,\"caption\":\"Holz-Fitnessger\u00e4te von WoodGym\"},\"image\":{\"@id\":\"https:\\\/\\\/www.woodgym.de\\\/#\\\/schema\\\/logo\\\/image\\\/\"}}]}<\/script>\n<!-- \/ Yoast SEO plugin. -->","yoast_head_json":{"title":"Fitness Equipment: Widerstandsgriffe","description":"Hochwertige Holz Fitnessger\u00e4te f\u00fcr dein Home Gym. Entdecke nachhaltiges Fitness Equipment aus Holz f\u00fcr effektives Training zuhause. Stilvoll, robust & funktional.","robots":{"index":"index","follow":"follow","max-snippet":"max-snippet:-1","max-image-preview":"max-image-preview:large","max-video-preview":"max-video-preview:-1"},"canonical":"https:\/\/www.woodgym.de\/english\/product\/widerstandsgriffe-aus-holz\/","og_locale":"en_GB","og_type":"article","og_title":"Fitness Equipment: Widerstandsgriffe","og_description":"Hochwertige Holz Fitnessger\u00e4te f\u00fcr dein Home Gym. Entdecke nachhaltiges Fitness Equipment aus Holz f\u00fcr effektives Training zuhause. Stilvoll, robust & funktional.","og_url":"https:\/\/www.woodgym.de\/english\/product\/widerstandsgriffe-aus-holz\/","og_site_name":"Holz-Fitnessger\u00e4te von WoodGym","article_modified_time":"2025-12-06T09:38:52+00:00","og_image":[{"width":900,"height":1200,"url":"https:\/\/www.woodgym.de\/wp-content\/uploads\/2025\/09\/Fitness-Holz-Equipment-Woodletics-Widerstandband-Giffe-467.png","type":"image\/png"}],"twitter_card":"summary_large_image","twitter_misc":{"Estimated reading time":"1 minute"},"schema":{"@context":"https:\/\/schema.org","@graph":[{"@type":"WebPage","@id":"https:\/\/www.woodgym.de\/produkt\/widerstandsgriffe-aus-holz\/","url":"https:\/\/www.woodgym.de\/produkt\/widerstandsgriffe-aus-holz\/","name":"Fitness Equipment: Widerstandsgriffe","isPartOf":{"@id":"https:\/\/www.woodgym.de\/#website"},"primaryImageOfPage":{"@id":"https:\/\/www.woodgym.de\/produkt\/widerstandsgriffe-aus-holz\/#primaryimage"},"image":{"@id":"https:\/\/www.woodgym.de\/produkt\/widerstandsgriffe-aus-holz\/#primaryimage"},"thumbnailUrl":"https:\/\/www.woodgym.de\/wp-content\/uploads\/2025\/09\/Fitness-Holz-Equipment-Woodletics-Widerstandband-Giffe-467.png","datePublished":"2025-09-13T04:58:22+00:00","dateModified":"2025-12-06T09:38:52+00:00","description":"Hochwertige Holz Fitnessger\u00e4te f\u00fcr dein Home Gym. Entdecke nachhaltiges Fitness Equipment aus Holz f\u00fcr effektives Training zuhause. Stilvoll, robust & funktional.","breadcrumb":{"@id":"https:\/\/www.woodgym.de\/produkt\/widerstandsgriffe-aus-holz\/#breadcrumb"},"inLanguage":"en-GB","potentialAction":[{"@type":"ReadAction","target":["https:\/\/www.woodgym.de\/produkt\/widerstandsgriffe-aus-holz\/"]}]},{"@type":"ImageObject","inLanguage":"en-GB","@id":"https:\/\/www.woodgym.de\/produkt\/widerstandsgriffe-aus-holz\/#primaryimage","url":"https:\/\/www.woodgym.de\/wp-content\/uploads\/2025\/09\/Fitness-Holz-Equipment-Woodletics-Widerstandband-Giffe-467.png","contentUrl":"https:\/\/www.woodgym.de\/wp-content\/uploads\/2025\/09\/Fitness-Holz-Equipment-Woodletics-Widerstandband-Giffe-467.png","width":900,"height":1200},{"@type":"BreadcrumbList","@id":"https:\/\/www.woodgym.de\/produkt\/widerstandsgriffe-aus-holz\/#breadcrumb","itemListElement":[{"@type":"ListItem","position":1,"name":"Startseite","item":"https:\/\/www.woodgym.de\/"},{"@type":"ListItem","position":2,"name":"Shop","item":"https:\/\/www.woodgym.de\/shop-2\/"},{"@type":"ListItem","position":3,"name":"Widerstandsgriffe aus Holz (Paar)"}]},{"@type":"WebSite","@id":"https:\/\/www.woodgym.de\/#website","url":"https:\/\/www.woodgym.de\/","name":"Holz-Fitnessger\u00e4te von WoodGym","description":"Fitnessger\u00e4te aus Holz","publisher":{"@id":"https:\/\/www.woodgym.de\/#organization"},"potentialAction":[{"@type":"SearchAction","target":{"@type":"EntryPoint","urlTemplate":"https:\/\/www.woodgym.de\/?s={search_term_string}"},"query-input":{"@type":"PropertyValueSpecification","valueRequired":true,"valueName":"search_term_string"}}],"inLanguage":"en-GB"},{"@type":"Organization","@id":"https:\/\/www.woodgym.de\/#organization","name":"Holz-Fitnessger\u00e4te von WoodGym","url":"https:\/\/www.woodgym.de\/","logo":{"@type":"ImageObject","inLanguage":"en-GB","@id":"https:\/\/www.woodgym.de\/#\/schema\/logo\/image\/","url":"https:\/\/www.woodgym.de\/wp-content\/uploads\/2026\/01\/woodgym-nur-text-black-bold-200-header.png","contentUrl":"https:\/\/www.woodgym.de\/wp-content\/uploads\/2026\/01\/woodgym-nur-text-black-bold-200-header.png","width":200,"height":29,"caption":"Holz-Fitnessger\u00e4te von WoodGym"},"image":{"@id":"https:\/\/www.woodgym.de\/#\/schema\/logo\/image\/"}}]}},"_links":{"self":[{"href":"https:\/\/www.woodgym.de\/english\/wp-json\/wp\/v2\/product\/2060","targetHints":{"allow":["GET"]}}],"collection":[{"href":"https:\/\/www.woodgym.de\/english\/wp-json\/wp\/v2\/product"}],"about":[{"href":"https:\/\/www.woodgym.de\/english\/wp-json\/wp\/v2\/types\/product"}],"replies":[{"embeddable":true,"href":"https:\/\/www.woodgym.de\/english\/wp-json\/wp\/v2\/comments?post=2060"}],"wp:featuredmedia":[{"embeddable":true,"href":"https:\/\/www.woodgym.de\/english\/wp-json\/wp\/v2\/media\/2477"}],"wp:attachment":[{"href":"https:\/\/www.woodgym.de\/english\/wp-json\/wp\/v2\/media?parent=2060"}],"wp:term":[{"taxonomy":"product_brand","embeddable":true,"href":"https:\/\/www.woodgym.de\/english\/wp-json\/wp\/v2\/product_brand?post=2060"},{"taxonomy":"product_cat","embeddable":true,"href":"https:\/\/www.woodgym.de\/english\/wp-json\/wp\/v2\/product_cat?post=2060"},{"taxonomy":"product_tag","embeddable":true,"href":"https:\/\/www.woodgym.de\/english\/wp-json\/wp\/v2\/product_tag?post=2060"}],"curies":[{"name":"wp","href":"https:\/\/api.w.org\/{rel}","templated":true}]}}