{"id":2054,"date":"2025-09-13T06:51:41","date_gmt":"2025-09-13T04:51:41","guid":{"rendered":"https:\/\/woodletics.com\/?post_type=product&#038;p=2054"},"modified":"2025-12-06T10:40:13","modified_gmt":"2025-12-06T09:40:13","slug":"peanut-massageball-aus-kork","status":"publish","type":"product","link":"https:\/\/www.woodgym.de\/english\/product\/peanut-massageball-aus-kork\/","title":{"rendered":"Peanut massage ball made of cork"},"content":{"rendered":"","protected":false},"excerpt":{"rendered":"<p data-start=\"129\" data-end=\"445\">The Woodletics Peanut Massage Ball, made from 100% natural cork, is the ideal combination of targeted trigger point massage and comfortable pressure distribution. Thanks to its special peanut shape, it fits perfectly along the spine without putting pressure on the bones, enabling a particularly effective self-massage.<\/p>\n<p data-start=\"447\" data-end=\"619\">Whether for your back, neck, legs or feet, the Peanut Massage Ball targets tense muscle areas even more effectively and actively supports recovery after training.<\/p>\n<p data-start=\"621\" data-end=\"907\">Made from sustainable and robust natural cork, the massage ball is non-slip, skin-friendly and durable. Its ergonomic shape is perfect for trigger points, fasciae and deep tissue, while its compact, lightweight design makes it ideal for the gym, home or on the go.<\/p>\n<p data-start=\"909\" data-end=\"1011\">The Peanut Massage Ball is your smart companion for maximum relaxation and supple muscles.<\/p>","protected":false},"featured_media":2235,"comment_status":"closed","ping_status":"closed","template":"","meta":{"iawp_total_views":5},"product_brand":[],"product_cat":[38],"product_tag":[],"class_list":{"0":"post-2054","1":"product","2":"type-product","3":"status-publish","4":"has-post-thumbnail","6":"product_cat-balance-mobility","8":"first","9":"instock","10":"shipping-taxable","11":"purchasable","12":"product-type-simple"},"yoast_head":"<!-- This site is optimized with the Yoast SEO plugin v27.4 - https:\/\/yoast.com\/product\/yoast-seo-wordpress\/ -->\n<title>Holz Fitness Equipment: Peanut Massageball aus Kork<\/title>\n<meta name=\"description\" content=\"Kork Peanut Massageball f\u00fcr Wirbels\u00e4ule &amp; Deep Tissue Massage. Ergonomisch, nachhaltig &amp; ideal f\u00fcr Muscle Recovery &amp; Mobility.\" \/>\n<meta name=\"robots\" content=\"index, follow, max-snippet:-1, max-image-preview:large, max-video-preview:-1\" \/>\n<link rel=\"canonical\" href=\"https:\/\/www.woodgym.de\/english\/product\/peanut-massageball-aus-kork\/\" \/>\n<meta property=\"og:locale\" content=\"en_GB\" \/>\n<meta property=\"og:type\" content=\"article\" \/>\n<meta property=\"og:title\" content=\"Holz Fitness Equipment: Peanut Massageball aus Kork\" \/>\n<meta property=\"og:description\" content=\"Kork Peanut Massageball f\u00fcr Wirbels\u00e4ule &amp; Deep Tissue Massage. Ergonomisch, nachhaltig &amp; ideal f\u00fcr Muscle Recovery &amp; Mobility.\" \/>\n<meta property=\"og:url\" content=\"https:\/\/www.woodgym.de\/english\/product\/peanut-massageball-aus-kork\/\" \/>\n<meta property=\"og:site_name\" content=\"Holz-Fitnessger\u00e4te von WoodGym\" \/>\n<meta property=\"article:modified_time\" content=\"2025-12-06T09:40:13+00:00\" \/>\n<meta property=\"og:image\" content=\"https:\/\/www.woodgym.de\/wp-content\/uploads\/2025\/09\/IMG_0742.png\" \/>\n\t<meta property=\"og:image:width\" content=\"1024\" \/>\n\t<meta property=\"og:image:height\" content=\"1024\" \/>\n\t<meta property=\"og:image:type\" content=\"image\/png\" \/>\n<meta name=\"twitter:card\" content=\"summary_large_image\" \/>\n<meta name=\"twitter:label1\" content=\"Estimated reading time\" \/>\n\t<meta name=\"twitter:data1\" content=\"1 minute\" \/>\n<script type=\"application\/ld+json\" class=\"yoast-schema-graph\">{\"@context\":\"https:\\\/\\\/schema.org\",\"@graph\":[{\"@type\":\"WebPage\",\"@id\":\"https:\\\/\\\/www.woodgym.de\\\/produkt\\\/peanut-massageball-aus-kork\\\/\",\"url\":\"https:\\\/\\\/www.woodgym.de\\\/produkt\\\/peanut-massageball-aus-kork\\\/\",\"name\":\"Holz Fitness Equipment: Peanut Massageball aus Kork\",\"isPartOf\":{\"@id\":\"https:\\\/\\\/www.woodgym.de\\\/#website\"},\"primaryImageOfPage\":{\"@id\":\"https:\\\/\\\/www.woodgym.de\\\/produkt\\\/peanut-massageball-aus-kork\\\/#primaryimage\"},\"image\":{\"@id\":\"https:\\\/\\\/www.woodgym.de\\\/produkt\\\/peanut-massageball-aus-kork\\\/#primaryimage\"},\"thumbnailUrl\":\"https:\\\/\\\/www.woodgym.de\\\/wp-content\\\/uploads\\\/2025\\\/09\\\/IMG_0742.png\",\"datePublished\":\"2025-09-13T04:51:41+00:00\",\"dateModified\":\"2025-12-06T09:40:13+00:00\",\"description\":\"Kork Peanut Massageball f\u00fcr Wirbels\u00e4ule & Deep Tissue Massage. Ergonomisch, nachhaltig & ideal f\u00fcr Muscle Recovery & Mobility.\",\"breadcrumb\":{\"@id\":\"https:\\\/\\\/www.woodgym.de\\\/produkt\\\/peanut-massageball-aus-kork\\\/#breadcrumb\"},\"inLanguage\":\"en-GB\",\"potentialAction\":[{\"@type\":\"ReadAction\",\"target\":[\"https:\\\/\\\/www.woodgym.de\\\/produkt\\\/peanut-massageball-aus-kork\\\/\"]}]},{\"@type\":\"ImageObject\",\"inLanguage\":\"en-GB\",\"@id\":\"https:\\\/\\\/www.woodgym.de\\\/produkt\\\/peanut-massageball-aus-kork\\\/#primaryimage\",\"url\":\"https:\\\/\\\/www.woodgym.de\\\/wp-content\\\/uploads\\\/2025\\\/09\\\/IMG_0742.png\",\"contentUrl\":\"https:\\\/\\\/www.woodgym.de\\\/wp-content\\\/uploads\\\/2025\\\/09\\\/IMG_0742.png\",\"width\":1024,\"height\":1024},{\"@type\":\"BreadcrumbList\",\"@id\":\"https:\\\/\\\/www.woodgym.de\\\/produkt\\\/peanut-massageball-aus-kork\\\/#breadcrumb\",\"itemListElement\":[{\"@type\":\"ListItem\",\"position\":1,\"name\":\"Startseite\",\"item\":\"https:\\\/\\\/www.woodgym.de\\\/\"},{\"@type\":\"ListItem\",\"position\":2,\"name\":\"Shop\",\"item\":\"https:\\\/\\\/www.woodgym.de\\\/shop-2\\\/\"},{\"@type\":\"ListItem\",\"position\":3,\"name\":\"Peanut Massageball aus Kork\"}]},{\"@type\":\"WebSite\",\"@id\":\"https:\\\/\\\/www.woodgym.de\\\/#website\",\"url\":\"https:\\\/\\\/www.woodgym.de\\\/\",\"name\":\"Holz-Fitnessger\u00e4te von WoodGym\",\"description\":\"Fitnessger\u00e4te aus Holz\",\"publisher\":{\"@id\":\"https:\\\/\\\/www.woodgym.de\\\/#organization\"},\"potentialAction\":[{\"@type\":\"SearchAction\",\"target\":{\"@type\":\"EntryPoint\",\"urlTemplate\":\"https:\\\/\\\/www.woodgym.de\\\/?s={search_term_string}\"},\"query-input\":{\"@type\":\"PropertyValueSpecification\",\"valueRequired\":true,\"valueName\":\"search_term_string\"}}],\"inLanguage\":\"en-GB\"},{\"@type\":\"Organization\",\"@id\":\"https:\\\/\\\/www.woodgym.de\\\/#organization\",\"name\":\"Holz-Fitnessger\u00e4te von WoodGym\",\"url\":\"https:\\\/\\\/www.woodgym.de\\\/\",\"logo\":{\"@type\":\"ImageObject\",\"inLanguage\":\"en-GB\",\"@id\":\"https:\\\/\\\/www.woodgym.de\\\/#\\\/schema\\\/logo\\\/image\\\/\",\"url\":\"https:\\\/\\\/www.woodgym.de\\\/wp-content\\\/uploads\\\/2026\\\/01\\\/woodgym-nur-text-black-bold-200-header.png\",\"contentUrl\":\"https:\\\/\\\/www.woodgym.de\\\/wp-content\\\/uploads\\\/2026\\\/01\\\/woodgym-nur-text-black-bold-200-header.png\",\"width\":200,\"height\":29,\"caption\":\"Holz-Fitnessger\u00e4te von WoodGym\"},\"image\":{\"@id\":\"https:\\\/\\\/www.woodgym.de\\\/#\\\/schema\\\/logo\\\/image\\\/\"}}]}<\/script>\n<!-- \/ Yoast SEO plugin. -->","yoast_head_json":{"title":"Holz Fitness Equipment: Peanut Massageball aus Kork","description":"Kork Peanut Massageball f\u00fcr Wirbels\u00e4ule & Deep Tissue Massage. Ergonomisch, nachhaltig & ideal f\u00fcr Muscle Recovery & Mobility.","robots":{"index":"index","follow":"follow","max-snippet":"max-snippet:-1","max-image-preview":"max-image-preview:large","max-video-preview":"max-video-preview:-1"},"canonical":"https:\/\/www.woodgym.de\/english\/product\/peanut-massageball-aus-kork\/","og_locale":"en_GB","og_type":"article","og_title":"Holz Fitness Equipment: Peanut Massageball aus Kork","og_description":"Kork Peanut Massageball f\u00fcr Wirbels\u00e4ule & Deep Tissue Massage. Ergonomisch, nachhaltig & ideal f\u00fcr Muscle Recovery & Mobility.","og_url":"https:\/\/www.woodgym.de\/english\/product\/peanut-massageball-aus-kork\/","og_site_name":"Holz-Fitnessger\u00e4te von WoodGym","article_modified_time":"2025-12-06T09:40:13+00:00","og_image":[{"width":1024,"height":1024,"url":"https:\/\/www.woodgym.de\/wp-content\/uploads\/2025\/09\/IMG_0742.png","type":"image\/png"}],"twitter_card":"summary_large_image","twitter_misc":{"Estimated reading time":"1 minute"},"schema":{"@context":"https:\/\/schema.org","@graph":[{"@type":"WebPage","@id":"https:\/\/www.woodgym.de\/produkt\/peanut-massageball-aus-kork\/","url":"https:\/\/www.woodgym.de\/produkt\/peanut-massageball-aus-kork\/","name":"Holz Fitness Equipment: Peanut Massageball aus Kork","isPartOf":{"@id":"https:\/\/www.woodgym.de\/#website"},"primaryImageOfPage":{"@id":"https:\/\/www.woodgym.de\/produkt\/peanut-massageball-aus-kork\/#primaryimage"},"image":{"@id":"https:\/\/www.woodgym.de\/produkt\/peanut-massageball-aus-kork\/#primaryimage"},"thumbnailUrl":"https:\/\/www.woodgym.de\/wp-content\/uploads\/2025\/09\/IMG_0742.png","datePublished":"2025-09-13T04:51:41+00:00","dateModified":"2025-12-06T09:40:13+00:00","description":"Kork Peanut Massageball f\u00fcr Wirbels\u00e4ule & Deep Tissue Massage. Ergonomisch, nachhaltig & ideal f\u00fcr Muscle Recovery & Mobility.","breadcrumb":{"@id":"https:\/\/www.woodgym.de\/produkt\/peanut-massageball-aus-kork\/#breadcrumb"},"inLanguage":"en-GB","potentialAction":[{"@type":"ReadAction","target":["https:\/\/www.woodgym.de\/produkt\/peanut-massageball-aus-kork\/"]}]},{"@type":"ImageObject","inLanguage":"en-GB","@id":"https:\/\/www.woodgym.de\/produkt\/peanut-massageball-aus-kork\/#primaryimage","url":"https:\/\/www.woodgym.de\/wp-content\/uploads\/2025\/09\/IMG_0742.png","contentUrl":"https:\/\/www.woodgym.de\/wp-content\/uploads\/2025\/09\/IMG_0742.png","width":1024,"height":1024},{"@type":"BreadcrumbList","@id":"https:\/\/www.woodgym.de\/produkt\/peanut-massageball-aus-kork\/#breadcrumb","itemListElement":[{"@type":"ListItem","position":1,"name":"Startseite","item":"https:\/\/www.woodgym.de\/"},{"@type":"ListItem","position":2,"name":"Shop","item":"https:\/\/www.woodgym.de\/shop-2\/"},{"@type":"ListItem","position":3,"name":"Peanut Massageball aus Kork"}]},{"@type":"WebSite","@id":"https:\/\/www.woodgym.de\/#website","url":"https:\/\/www.woodgym.de\/","name":"Holz-Fitnessger\u00e4te von WoodGym","description":"Fitnessger\u00e4te aus Holz","publisher":{"@id":"https:\/\/www.woodgym.de\/#organization"},"potentialAction":[{"@type":"SearchAction","target":{"@type":"EntryPoint","urlTemplate":"https:\/\/www.woodgym.de\/?s={search_term_string}"},"query-input":{"@type":"PropertyValueSpecification","valueRequired":true,"valueName":"search_term_string"}}],"inLanguage":"en-GB"},{"@type":"Organization","@id":"https:\/\/www.woodgym.de\/#organization","name":"Holz-Fitnessger\u00e4te von WoodGym","url":"https:\/\/www.woodgym.de\/","logo":{"@type":"ImageObject","inLanguage":"en-GB","@id":"https:\/\/www.woodgym.de\/#\/schema\/logo\/image\/","url":"https:\/\/www.woodgym.de\/wp-content\/uploads\/2026\/01\/woodgym-nur-text-black-bold-200-header.png","contentUrl":"https:\/\/www.woodgym.de\/wp-content\/uploads\/2026\/01\/woodgym-nur-text-black-bold-200-header.png","width":200,"height":29,"caption":"Holz-Fitnessger\u00e4te von WoodGym"},"image":{"@id":"https:\/\/www.woodgym.de\/#\/schema\/logo\/image\/"}}]}},"_links":{"self":[{"href":"https:\/\/www.woodgym.de\/english\/wp-json\/wp\/v2\/product\/2054","targetHints":{"allow":["GET"]}}],"collection":[{"href":"https:\/\/www.woodgym.de\/english\/wp-json\/wp\/v2\/product"}],"about":[{"href":"https:\/\/www.woodgym.de\/english\/wp-json\/wp\/v2\/types\/product"}],"replies":[{"embeddable":true,"href":"https:\/\/www.woodgym.de\/english\/wp-json\/wp\/v2\/comments?post=2054"}],"wp:featuredmedia":[{"embeddable":true,"href":"https:\/\/www.woodgym.de\/english\/wp-json\/wp\/v2\/media\/2235"}],"wp:attachment":[{"href":"https:\/\/www.woodgym.de\/english\/wp-json\/wp\/v2\/media?parent=2054"}],"wp:term":[{"taxonomy":"product_brand","embeddable":true,"href":"https:\/\/www.woodgym.de\/english\/wp-json\/wp\/v2\/product_brand?post=2054"},{"taxonomy":"product_cat","embeddable":true,"href":"https:\/\/www.woodgym.de\/english\/wp-json\/wp\/v2\/product_cat?post=2054"},{"taxonomy":"product_tag","embeddable":true,"href":"https:\/\/www.woodgym.de\/english\/wp-json\/wp\/v2\/product_tag?post=2054"}],"curies":[{"name":"wp","href":"https:\/\/api.w.org\/{rel}","templated":true}]}}