{"id":1502,"date":"2025-08-19T10:07:32","date_gmt":"2025-08-19T08:07:32","guid":{"rendered":"https:\/\/woodletics.com\/?post_type=product&#038;p=1502"},"modified":"2026-01-14T14:49:11","modified_gmt":"2026-01-14T13:49:11","slug":"hantelscheiben-bumperplate-staender","status":"publish","type":"product","link":"https:\/\/www.woodgym.de\/english\/product\/hantelscheiben-bumperplate-staender\/","title":{"rendered":"Weight plate &amp; bumper plate rack"},"content":{"rendered":"","protected":false},"excerpt":{"rendered":"<p data-start=\"228\" data-end=\"533\">Bring order and efficiency to your strength training! With the Woodletics weight plate and bumper plate rack, you can store your weights neatly and safely so that they are always quickly accessible. No more searching or tedious rearranging\u2014every plate has its place.<\/p>\n<p data-start=\"535\" data-end=\"885\">The vertical storage of each weight plate and bumper plate ensures a tidy training experience, while the sturdy construction reliably holds even heavy weights. Thanks to its compact, space-saving design, the rack is perfect for home gyms or studios and is robust enough for all standard and Olympic weight plates.<\/p>\n<p data-start=\"887\" data-end=\"1109\">Note: Storing weight plates on the rack may cause slight deformation of the wood on the contact surfaces. This does not affect the stability of the rack and also protects your plates from damage.<\/p>\n<p data-start=\"1111\" data-end=\"1284\">The Woodletics weight plate and bumper plate rack keeps your training area tidy and well organized for an efficient, stress-free workout.<\/p>\n<p data-start=\"1111\" data-end=\"1284\"><strong>Handcrafted quality \u2018Made in Berlin\u2019<\/strong><\/p>\n<p data-start=\"1111\" data-end=\"1284\"><img fetchpriority=\"high\" decoding=\"async\" class=\"alignnone size-full wp-image-3024\" src=\"https:\/\/woodletics.com\/wp-content\/uploads\/2025\/10\/Fitness-Holz-Equipment-Woodletics-001-e1759311590615.png\" alt=\"\" width=\"1200\" height=\"562\" srcset=\"https:\/\/www.woodgym.de\/wp-content\/uploads\/2025\/10\/Fitness-Holz-Equipment-Woodletics-001-e1759311590615.png 1200w, https:\/\/www.woodgym.de\/wp-content\/uploads\/2025\/10\/Fitness-Holz-Equipment-Woodletics-001-e1759311590615-300x141.png 300w, https:\/\/www.woodgym.de\/wp-content\/uploads\/2025\/10\/Fitness-Holz-Equipment-Woodletics-001-e1759311590615-1024x480.png 1024w, https:\/\/www.woodgym.de\/wp-content\/uploads\/2025\/10\/Fitness-Holz-Equipment-Woodletics-001-e1759311590615-768x360.png 768w, https:\/\/www.woodgym.de\/wp-content\/uploads\/2025\/10\/Fitness-Holz-Equipment-Woodletics-001-e1759311590615-18x8.png 18w, https:\/\/www.woodgym.de\/wp-content\/uploads\/2025\/10\/Fitness-Holz-Equipment-Woodletics-001-e1759311590615-600x281.png 600w\" sizes=\"(max-width: 1200px) 100vw, 1200px\" \/><br data-start=\"3481\" data-end=\"3484\" \/>The Woodletics weight plate rack is made in Berlin from sturdy spruce wood. Careful craftsmanship results in a robust yet compact storage system that combines order and sustainability\u2014a functional piece of craftsmanship for your gym.<\/p>","protected":false},"featured_media":3293,"comment_status":"closed","ping_status":"closed","template":"","meta":{"iawp_total_views":22},"product_brand":[],"product_cat":[39],"product_tag":[],"class_list":{"0":"post-1502","1":"product","2":"type-product","3":"status-publish","4":"has-post-thumbnail","6":"product_cat-gym-accessories","8":"first","9":"instock","10":"shipping-taxable","11":"purchasable","12":"product-type-simple"},"yoast_head":"<!-- This site is optimized with the Yoast SEO plugin v27.4 - https:\/\/yoast.com\/product\/yoast-seo-wordpress\/ -->\n<title>Holz Fitnessger\u00e4t: Hantelscheiben- &amp; Bumperplate-St\u00e4nder<\/title>\n<meta name=\"description\" content=\"Holz Weight Plate Rack f\u00fcr \u00fcbersichtliche Lagerung &amp; schnellen Zugriff. Stabil, platzsparend &amp; f\u00fcr Standard- &amp; Olympic Plates geeignet.\" \/>\n<meta name=\"robots\" content=\"index, follow, max-snippet:-1, max-image-preview:large, max-video-preview:-1\" \/>\n<link rel=\"canonical\" href=\"https:\/\/www.woodgym.de\/english\/product\/hantelscheiben-bumperplate-staender\/\" \/>\n<meta property=\"og:locale\" content=\"en_GB\" \/>\n<meta property=\"og:type\" content=\"article\" \/>\n<meta property=\"og:title\" content=\"Holz Fitnessger\u00e4t: Hantelscheiben- &amp; Bumperplate-St\u00e4nder\" \/>\n<meta property=\"og:description\" content=\"Holz Weight Plate Rack f\u00fcr \u00fcbersichtliche Lagerung &amp; schnellen Zugriff. Stabil, platzsparend &amp; f\u00fcr Standard- &amp; Olympic Plates geeignet.\" \/>\n<meta property=\"og:url\" content=\"https:\/\/www.woodgym.de\/english\/product\/hantelscheiben-bumperplate-staender\/\" \/>\n<meta property=\"og:site_name\" content=\"Holz-Fitnessger\u00e4te von WoodGym\" \/>\n<meta property=\"article:modified_time\" content=\"2026-01-14T13:49:11+00:00\" \/>\n<meta property=\"og:image\" content=\"https:\/\/www.woodgym.de\/wp-content\/uploads\/2025\/08\/Fitness-Holz-Equipment-WoodGym-Hantelscheiben-Staender.png\" \/>\n\t<meta property=\"og:image:width\" content=\"1184\" \/>\n\t<meta property=\"og:image:height\" content=\"896\" \/>\n\t<meta property=\"og:image:type\" content=\"image\/png\" \/>\n<meta name=\"twitter:card\" content=\"summary_large_image\" \/>\n<meta name=\"twitter:label1\" content=\"Estimated reading time\" \/>\n\t<meta name=\"twitter:data1\" content=\"1 minute\" \/>\n<script type=\"application\/ld+json\" class=\"yoast-schema-graph\">{\"@context\":\"https:\\\/\\\/schema.org\",\"@graph\":[{\"@type\":\"WebPage\",\"@id\":\"https:\\\/\\\/www.woodgym.de\\\/produkt\\\/hantelscheiben-bumperplate-staender\\\/\",\"url\":\"https:\\\/\\\/www.woodgym.de\\\/produkt\\\/hantelscheiben-bumperplate-staender\\\/\",\"name\":\"Holz Fitnessger\u00e4t: Hantelscheiben- & Bumperplate-St\u00e4nder\",\"isPartOf\":{\"@id\":\"https:\\\/\\\/www.woodgym.de\\\/#website\"},\"primaryImageOfPage\":{\"@id\":\"https:\\\/\\\/www.woodgym.de\\\/produkt\\\/hantelscheiben-bumperplate-staender\\\/#primaryimage\"},\"image\":{\"@id\":\"https:\\\/\\\/www.woodgym.de\\\/produkt\\\/hantelscheiben-bumperplate-staender\\\/#primaryimage\"},\"thumbnailUrl\":\"https:\\\/\\\/www.woodgym.de\\\/wp-content\\\/uploads\\\/2025\\\/08\\\/Fitness-Holz-Equipment-WoodGym-Hantelscheiben-Staender.png\",\"datePublished\":\"2025-08-19T08:07:32+00:00\",\"dateModified\":\"2026-01-14T13:49:11+00:00\",\"description\":\"Holz Weight Plate Rack f\u00fcr \u00fcbersichtliche Lagerung & schnellen Zugriff. Stabil, platzsparend & f\u00fcr Standard- & Olympic Plates geeignet.\",\"breadcrumb\":{\"@id\":\"https:\\\/\\\/www.woodgym.de\\\/produkt\\\/hantelscheiben-bumperplate-staender\\\/#breadcrumb\"},\"inLanguage\":\"en-GB\",\"potentialAction\":[{\"@type\":\"ReadAction\",\"target\":[\"https:\\\/\\\/www.woodgym.de\\\/produkt\\\/hantelscheiben-bumperplate-staender\\\/\"]}]},{\"@type\":\"ImageObject\",\"inLanguage\":\"en-GB\",\"@id\":\"https:\\\/\\\/www.woodgym.de\\\/produkt\\\/hantelscheiben-bumperplate-staender\\\/#primaryimage\",\"url\":\"https:\\\/\\\/www.woodgym.de\\\/wp-content\\\/uploads\\\/2025\\\/08\\\/Fitness-Holz-Equipment-WoodGym-Hantelscheiben-Staender.png\",\"contentUrl\":\"https:\\\/\\\/www.woodgym.de\\\/wp-content\\\/uploads\\\/2025\\\/08\\\/Fitness-Holz-Equipment-WoodGym-Hantelscheiben-Staender.png\",\"width\":1184,\"height\":896},{\"@type\":\"BreadcrumbList\",\"@id\":\"https:\\\/\\\/www.woodgym.de\\\/produkt\\\/hantelscheiben-bumperplate-staender\\\/#breadcrumb\",\"itemListElement\":[{\"@type\":\"ListItem\",\"position\":1,\"name\":\"Startseite\",\"item\":\"https:\\\/\\\/www.woodgym.de\\\/\"},{\"@type\":\"ListItem\",\"position\":2,\"name\":\"Shop\",\"item\":\"https:\\\/\\\/www.woodgym.de\\\/shop-2\\\/\"},{\"@type\":\"ListItem\",\"position\":3,\"name\":\"Hantelscheiben- &#038; Bumperplate-St\u00e4nder\"}]},{\"@type\":\"WebSite\",\"@id\":\"https:\\\/\\\/www.woodgym.de\\\/#website\",\"url\":\"https:\\\/\\\/www.woodgym.de\\\/\",\"name\":\"Holz-Fitnessger\u00e4te von WoodGym\",\"description\":\"Fitnessger\u00e4te aus Holz\",\"publisher\":{\"@id\":\"https:\\\/\\\/www.woodgym.de\\\/#organization\"},\"potentialAction\":[{\"@type\":\"SearchAction\",\"target\":{\"@type\":\"EntryPoint\",\"urlTemplate\":\"https:\\\/\\\/www.woodgym.de\\\/?s={search_term_string}\"},\"query-input\":{\"@type\":\"PropertyValueSpecification\",\"valueRequired\":true,\"valueName\":\"search_term_string\"}}],\"inLanguage\":\"en-GB\"},{\"@type\":\"Organization\",\"@id\":\"https:\\\/\\\/www.woodgym.de\\\/#organization\",\"name\":\"Holz-Fitnessger\u00e4te von WoodGym\",\"url\":\"https:\\\/\\\/www.woodgym.de\\\/\",\"logo\":{\"@type\":\"ImageObject\",\"inLanguage\":\"en-GB\",\"@id\":\"https:\\\/\\\/www.woodgym.de\\\/#\\\/schema\\\/logo\\\/image\\\/\",\"url\":\"https:\\\/\\\/www.woodgym.de\\\/wp-content\\\/uploads\\\/2026\\\/01\\\/woodgym-nur-text-black-bold-200-header.png\",\"contentUrl\":\"https:\\\/\\\/www.woodgym.de\\\/wp-content\\\/uploads\\\/2026\\\/01\\\/woodgym-nur-text-black-bold-200-header.png\",\"width\":200,\"height\":29,\"caption\":\"Holz-Fitnessger\u00e4te von WoodGym\"},\"image\":{\"@id\":\"https:\\\/\\\/www.woodgym.de\\\/#\\\/schema\\\/logo\\\/image\\\/\"}}]}<\/script>\n<!-- \/ Yoast SEO plugin. -->","yoast_head_json":{"title":"Holz Fitnessger\u00e4t: Hantelscheiben- & Bumperplate-St\u00e4nder","description":"Holz Weight Plate Rack f\u00fcr \u00fcbersichtliche Lagerung & schnellen Zugriff. Stabil, platzsparend & f\u00fcr Standard- & Olympic Plates geeignet.","robots":{"index":"index","follow":"follow","max-snippet":"max-snippet:-1","max-image-preview":"max-image-preview:large","max-video-preview":"max-video-preview:-1"},"canonical":"https:\/\/www.woodgym.de\/english\/product\/hantelscheiben-bumperplate-staender\/","og_locale":"en_GB","og_type":"article","og_title":"Holz Fitnessger\u00e4t: Hantelscheiben- & Bumperplate-St\u00e4nder","og_description":"Holz Weight Plate Rack f\u00fcr \u00fcbersichtliche Lagerung & schnellen Zugriff. Stabil, platzsparend & f\u00fcr Standard- & Olympic Plates geeignet.","og_url":"https:\/\/www.woodgym.de\/english\/product\/hantelscheiben-bumperplate-staender\/","og_site_name":"Holz-Fitnessger\u00e4te von WoodGym","article_modified_time":"2026-01-14T13:49:11+00:00","og_image":[{"width":1184,"height":896,"url":"https:\/\/www.woodgym.de\/wp-content\/uploads\/2025\/08\/Fitness-Holz-Equipment-WoodGym-Hantelscheiben-Staender.png","type":"image\/png"}],"twitter_card":"summary_large_image","twitter_misc":{"Estimated reading time":"1 minute"},"schema":{"@context":"https:\/\/schema.org","@graph":[{"@type":"WebPage","@id":"https:\/\/www.woodgym.de\/produkt\/hantelscheiben-bumperplate-staender\/","url":"https:\/\/www.woodgym.de\/produkt\/hantelscheiben-bumperplate-staender\/","name":"Holz Fitnessger\u00e4t: Hantelscheiben- & Bumperplate-St\u00e4nder","isPartOf":{"@id":"https:\/\/www.woodgym.de\/#website"},"primaryImageOfPage":{"@id":"https:\/\/www.woodgym.de\/produkt\/hantelscheiben-bumperplate-staender\/#primaryimage"},"image":{"@id":"https:\/\/www.woodgym.de\/produkt\/hantelscheiben-bumperplate-staender\/#primaryimage"},"thumbnailUrl":"https:\/\/www.woodgym.de\/wp-content\/uploads\/2025\/08\/Fitness-Holz-Equipment-WoodGym-Hantelscheiben-Staender.png","datePublished":"2025-08-19T08:07:32+00:00","dateModified":"2026-01-14T13:49:11+00:00","description":"Holz Weight Plate Rack f\u00fcr \u00fcbersichtliche Lagerung & schnellen Zugriff. Stabil, platzsparend & f\u00fcr Standard- & Olympic Plates geeignet.","breadcrumb":{"@id":"https:\/\/www.woodgym.de\/produkt\/hantelscheiben-bumperplate-staender\/#breadcrumb"},"inLanguage":"en-GB","potentialAction":[{"@type":"ReadAction","target":["https:\/\/www.woodgym.de\/produkt\/hantelscheiben-bumperplate-staender\/"]}]},{"@type":"ImageObject","inLanguage":"en-GB","@id":"https:\/\/www.woodgym.de\/produkt\/hantelscheiben-bumperplate-staender\/#primaryimage","url":"https:\/\/www.woodgym.de\/wp-content\/uploads\/2025\/08\/Fitness-Holz-Equipment-WoodGym-Hantelscheiben-Staender.png","contentUrl":"https:\/\/www.woodgym.de\/wp-content\/uploads\/2025\/08\/Fitness-Holz-Equipment-WoodGym-Hantelscheiben-Staender.png","width":1184,"height":896},{"@type":"BreadcrumbList","@id":"https:\/\/www.woodgym.de\/produkt\/hantelscheiben-bumperplate-staender\/#breadcrumb","itemListElement":[{"@type":"ListItem","position":1,"name":"Startseite","item":"https:\/\/www.woodgym.de\/"},{"@type":"ListItem","position":2,"name":"Shop","item":"https:\/\/www.woodgym.de\/shop-2\/"},{"@type":"ListItem","position":3,"name":"Hantelscheiben- &#038; Bumperplate-St\u00e4nder"}]},{"@type":"WebSite","@id":"https:\/\/www.woodgym.de\/#website","url":"https:\/\/www.woodgym.de\/","name":"Holz-Fitnessger\u00e4te von WoodGym","description":"Fitnessger\u00e4te aus Holz","publisher":{"@id":"https:\/\/www.woodgym.de\/#organization"},"potentialAction":[{"@type":"SearchAction","target":{"@type":"EntryPoint","urlTemplate":"https:\/\/www.woodgym.de\/?s={search_term_string}"},"query-input":{"@type":"PropertyValueSpecification","valueRequired":true,"valueName":"search_term_string"}}],"inLanguage":"en-GB"},{"@type":"Organization","@id":"https:\/\/www.woodgym.de\/#organization","name":"Holz-Fitnessger\u00e4te von WoodGym","url":"https:\/\/www.woodgym.de\/","logo":{"@type":"ImageObject","inLanguage":"en-GB","@id":"https:\/\/www.woodgym.de\/#\/schema\/logo\/image\/","url":"https:\/\/www.woodgym.de\/wp-content\/uploads\/2026\/01\/woodgym-nur-text-black-bold-200-header.png","contentUrl":"https:\/\/www.woodgym.de\/wp-content\/uploads\/2026\/01\/woodgym-nur-text-black-bold-200-header.png","width":200,"height":29,"caption":"Holz-Fitnessger\u00e4te von WoodGym"},"image":{"@id":"https:\/\/www.woodgym.de\/#\/schema\/logo\/image\/"}}]}},"_links":{"self":[{"href":"https:\/\/www.woodgym.de\/english\/wp-json\/wp\/v2\/product\/1502","targetHints":{"allow":["GET"]}}],"collection":[{"href":"https:\/\/www.woodgym.de\/english\/wp-json\/wp\/v2\/product"}],"about":[{"href":"https:\/\/www.woodgym.de\/english\/wp-json\/wp\/v2\/types\/product"}],"replies":[{"embeddable":true,"href":"https:\/\/www.woodgym.de\/english\/wp-json\/wp\/v2\/comments?post=1502"}],"wp:featuredmedia":[{"embeddable":true,"href":"https:\/\/www.woodgym.de\/english\/wp-json\/wp\/v2\/media\/3293"}],"wp:attachment":[{"href":"https:\/\/www.woodgym.de\/english\/wp-json\/wp\/v2\/media?parent=1502"}],"wp:term":[{"taxonomy":"product_brand","embeddable":true,"href":"https:\/\/www.woodgym.de\/english\/wp-json\/wp\/v2\/product_brand?post=1502"},{"taxonomy":"product_cat","embeddable":true,"href":"https:\/\/www.woodgym.de\/english\/wp-json\/wp\/v2\/product_cat?post=1502"},{"taxonomy":"product_tag","embeddable":true,"href":"https:\/\/www.woodgym.de\/english\/wp-json\/wp\/v2\/product_tag?post=1502"}],"curies":[{"name":"wp","href":"https:\/\/api.w.org\/{rel}","templated":true}]}}