{"id":1488,"date":"2025-08-19T09:47:22","date_gmt":"2025-08-19T07:47:22","guid":{"rendered":"https:\/\/woodletics.com\/?post_type=product&#038;p=1488"},"modified":"2026-01-13T14:57:11","modified_gmt":"2026-01-13T13:57:11","slug":"pull-up-kegel-holzgriff-paar","status":"publish","type":"product","link":"https:\/\/www.woodgym.de\/english\/product\/pull-up-kegel-holzgriff-paar\/","title":{"rendered":"ConeGrip (pair)"},"content":{"rendered":"","protected":false},"excerpt":{"rendered":"<p data-start=\"181\" data-end=\"402\">Die GripCones von WoodGym sind speziell f\u00fcr effektives Griffkraft- und Oberk\u00f6rpertraining entwickelt. Dank ihres ergonomischen Kegeldesigns trainieren sie Fingerspitzen, Unterarme und Griffkraft optimal und schonend.<\/p>\n<p data-start=\"404\" data-end=\"795\">Die Griffe k\u00f6nnen h\u00e4ngend mit dem beiliegenden Band genutzt werden \u2013 ideal f\u00fcr Klimmz\u00fcge und Hang\u00fcbungen. In Kombination mit dem WoodGym-Ladestift eignen sie sich perfekt f\u00fcr Zug\u00fcbungen mit Zusatzgewicht. Gurte und Karabiner sind inklusive, sodass du sofort mit dem Training starten kannst. Das Kegeldesign erm\u00f6glicht verschiedene Griffst\u00e4rken und sorgt f\u00fcr eine nat\u00fcrliche Handhaltung.<\/p>\n<p data-start=\"797\" data-end=\"1135\">Thanks to their compact design, GripCones are ideal for use at home or on the go. A handy carrying bag is also included, making them easy to store or take with you. Robust, durable and versatile, GripCones are the perfect tool for flexible and varied grip strength training.<\/p>","protected":false},"featured_media":2503,"comment_status":"closed","ping_status":"closed","template":"","meta":{"iawp_total_views":2},"product_brand":[],"product_cat":[37],"product_tag":[123],"class_list":{"0":"post-1488","1":"product","2":"type-product","3":"status-publish","4":"has-post-thumbnail","6":"product_cat-climbing-grip-strength","7":"product_tag-griff","9":"first","10":"instock","11":"shipping-taxable","12":"purchasable","13":"product-type-simple"},"yoast_head":"<!-- This site is optimized with the Yoast SEO plugin v27.4 - https:\/\/yoast.com\/product\/yoast-seo-wordpress\/ -->\n<title>Holz Fitness Equipment: Griffe, Grip, Zuggriffe<\/title>\n<meta name=\"description\" content=\"Holz Kegel-Griffe f\u00fcr Griffkraft &amp; Unterarme. H\u00e4ngend oder am Ladestift einsetzbar, inkl. Gurte &amp; Karabiner. Mobil &amp; robust f\u00fcr Home Gym &amp; Studio.\" \/>\n<meta name=\"robots\" content=\"index, follow, max-snippet:-1, max-image-preview:large, max-video-preview:-1\" \/>\n<link rel=\"canonical\" href=\"https:\/\/www.woodgym.de\/english\/product\/pull-up-kegel-holzgriff-paar\/\" \/>\n<meta property=\"og:locale\" content=\"en_GB\" \/>\n<meta property=\"og:type\" content=\"article\" \/>\n<meta property=\"og:title\" content=\"Holz Fitness Equipment: Griffe, Grip, Zuggriffe\" \/>\n<meta property=\"og:description\" content=\"Holz Kegel-Griffe f\u00fcr Griffkraft &amp; Unterarme. H\u00e4ngend oder am Ladestift einsetzbar, inkl. Gurte &amp; Karabiner. Mobil &amp; robust f\u00fcr Home Gym &amp; Studio.\" \/>\n<meta property=\"og:url\" content=\"https:\/\/www.woodgym.de\/english\/product\/pull-up-kegel-holzgriff-paar\/\" \/>\n<meta property=\"og:site_name\" content=\"Holz-Fitnessger\u00e4te von WoodGym\" \/>\n<meta property=\"article:modified_time\" content=\"2026-01-13T13:57:11+00:00\" \/>\n<meta property=\"og:image\" content=\"https:\/\/www.woodgym.de\/wp-content\/uploads\/2025\/09\/Fitness-Holz-Equipment-Woodletics-Zuggriffe-388.png\" \/>\n\t<meta property=\"og:image:width\" content=\"900\" \/>\n\t<meta property=\"og:image:height\" content=\"1200\" \/>\n\t<meta property=\"og:image:type\" content=\"image\/png\" \/>\n<meta name=\"twitter:card\" content=\"summary_large_image\" \/>\n<meta name=\"twitter:label1\" content=\"Estimated reading time\" \/>\n\t<meta name=\"twitter:data1\" content=\"1 minute\" \/>\n<script type=\"application\/ld+json\" class=\"yoast-schema-graph\">{\"@context\":\"https:\\\/\\\/schema.org\",\"@graph\":[{\"@type\":\"WebPage\",\"@id\":\"https:\\\/\\\/www.woodgym.de\\\/english\\\/product\\\/pull-up-kegel-holzgriff-paar\\\/\",\"url\":\"https:\\\/\\\/www.woodgym.de\\\/english\\\/product\\\/pull-up-kegel-holzgriff-paar\\\/\",\"name\":\"Holz Fitness Equipment: Griffe, Grip, Zuggriffe\",\"isPartOf\":{\"@id\":\"https:\\\/\\\/www.woodgym.de\\\/#website\"},\"primaryImageOfPage\":{\"@id\":\"https:\\\/\\\/www.woodgym.de\\\/english\\\/product\\\/pull-up-kegel-holzgriff-paar\\\/#primaryimage\"},\"image\":{\"@id\":\"https:\\\/\\\/www.woodgym.de\\\/english\\\/product\\\/pull-up-kegel-holzgriff-paar\\\/#primaryimage\"},\"thumbnailUrl\":\"https:\\\/\\\/www.woodgym.de\\\/wp-content\\\/uploads\\\/2025\\\/09\\\/Fitness-Holz-Equipment-Woodletics-Zuggriffe-388.png\",\"datePublished\":\"2025-08-19T07:47:22+00:00\",\"dateModified\":\"2026-01-13T13:57:11+00:00\",\"description\":\"Holz Kegel-Griffe f\u00fcr Griffkraft & Unterarme. H\u00e4ngend oder am Ladestift einsetzbar, inkl. Gurte & Karabiner. Mobil & robust f\u00fcr Home Gym & Studio.\",\"breadcrumb\":{\"@id\":\"https:\\\/\\\/www.woodgym.de\\\/english\\\/product\\\/pull-up-kegel-holzgriff-paar\\\/#breadcrumb\"},\"inLanguage\":\"en-GB\",\"potentialAction\":[{\"@type\":\"ReadAction\",\"target\":[\"https:\\\/\\\/www.woodgym.de\\\/english\\\/product\\\/pull-up-kegel-holzgriff-paar\\\/\"]}]},{\"@type\":\"ImageObject\",\"inLanguage\":\"en-GB\",\"@id\":\"https:\\\/\\\/www.woodgym.de\\\/english\\\/product\\\/pull-up-kegel-holzgriff-paar\\\/#primaryimage\",\"url\":\"https:\\\/\\\/www.woodgym.de\\\/wp-content\\\/uploads\\\/2025\\\/09\\\/Fitness-Holz-Equipment-Woodletics-Zuggriffe-388.png\",\"contentUrl\":\"https:\\\/\\\/www.woodgym.de\\\/wp-content\\\/uploads\\\/2025\\\/09\\\/Fitness-Holz-Equipment-Woodletics-Zuggriffe-388.png\",\"width\":900,\"height\":1200},{\"@type\":\"BreadcrumbList\",\"@id\":\"https:\\\/\\\/www.woodgym.de\\\/english\\\/product\\\/pull-up-kegel-holzgriff-paar\\\/#breadcrumb\",\"itemListElement\":[{\"@type\":\"ListItem\",\"position\":1,\"name\":\"Startseite\",\"item\":\"https:\\\/\\\/www.woodgym.de\\\/\"},{\"@type\":\"ListItem\",\"position\":2,\"name\":\"Shop\",\"item\":\"https:\\\/\\\/www.woodgym.de\\\/shop-2\\\/\"},{\"@type\":\"ListItem\",\"position\":3,\"name\":\"ConeGrip (Paar)\"}]},{\"@type\":\"WebSite\",\"@id\":\"https:\\\/\\\/www.woodgym.de\\\/#website\",\"url\":\"https:\\\/\\\/www.woodgym.de\\\/\",\"name\":\"Holz-Fitnessger\u00e4te von WoodGym\",\"description\":\"Fitnessger\u00e4te aus Holz\",\"publisher\":{\"@id\":\"https:\\\/\\\/www.woodgym.de\\\/#organization\"},\"potentialAction\":[{\"@type\":\"SearchAction\",\"target\":{\"@type\":\"EntryPoint\",\"urlTemplate\":\"https:\\\/\\\/www.woodgym.de\\\/?s={search_term_string}\"},\"query-input\":{\"@type\":\"PropertyValueSpecification\",\"valueRequired\":true,\"valueName\":\"search_term_string\"}}],\"inLanguage\":\"en-GB\"},{\"@type\":\"Organization\",\"@id\":\"https:\\\/\\\/www.woodgym.de\\\/#organization\",\"name\":\"Holz-Fitnessger\u00e4te von WoodGym\",\"url\":\"https:\\\/\\\/www.woodgym.de\\\/\",\"logo\":{\"@type\":\"ImageObject\",\"inLanguage\":\"en-GB\",\"@id\":\"https:\\\/\\\/www.woodgym.de\\\/#\\\/schema\\\/logo\\\/image\\\/\",\"url\":\"https:\\\/\\\/www.woodgym.de\\\/wp-content\\\/uploads\\\/2026\\\/01\\\/woodgym-nur-text-black-bold-200-header.png\",\"contentUrl\":\"https:\\\/\\\/www.woodgym.de\\\/wp-content\\\/uploads\\\/2026\\\/01\\\/woodgym-nur-text-black-bold-200-header.png\",\"width\":200,\"height\":29,\"caption\":\"Holz-Fitnessger\u00e4te von WoodGym\"},\"image\":{\"@id\":\"https:\\\/\\\/www.woodgym.de\\\/#\\\/schema\\\/logo\\\/image\\\/\"}}]}<\/script>\n<!-- \/ Yoast SEO plugin. -->","yoast_head_json":{"title":"Holz Fitness Equipment: Griffe, Grip, Zuggriffe","description":"Holz Kegel-Griffe f\u00fcr Griffkraft & Unterarme. H\u00e4ngend oder am Ladestift einsetzbar, inkl. Gurte & Karabiner. Mobil & robust f\u00fcr Home Gym & Studio.","robots":{"index":"index","follow":"follow","max-snippet":"max-snippet:-1","max-image-preview":"max-image-preview:large","max-video-preview":"max-video-preview:-1"},"canonical":"https:\/\/www.woodgym.de\/english\/product\/pull-up-kegel-holzgriff-paar\/","og_locale":"en_GB","og_type":"article","og_title":"Holz Fitness Equipment: Griffe, Grip, Zuggriffe","og_description":"Holz Kegel-Griffe f\u00fcr Griffkraft & Unterarme. H\u00e4ngend oder am Ladestift einsetzbar, inkl. Gurte & Karabiner. Mobil & robust f\u00fcr Home Gym & Studio.","og_url":"https:\/\/www.woodgym.de\/english\/product\/pull-up-kegel-holzgriff-paar\/","og_site_name":"Holz-Fitnessger\u00e4te von WoodGym","article_modified_time":"2026-01-13T13:57:11+00:00","og_image":[{"width":900,"height":1200,"url":"https:\/\/www.woodgym.de\/wp-content\/uploads\/2025\/09\/Fitness-Holz-Equipment-Woodletics-Zuggriffe-388.png","type":"image\/png"}],"twitter_card":"summary_large_image","twitter_misc":{"Estimated reading time":"1 minute"},"schema":{"@context":"https:\/\/schema.org","@graph":[{"@type":"WebPage","@id":"https:\/\/www.woodgym.de\/english\/product\/pull-up-kegel-holzgriff-paar\/","url":"https:\/\/www.woodgym.de\/english\/product\/pull-up-kegel-holzgriff-paar\/","name":"Holz Fitness Equipment: Griffe, Grip, Zuggriffe","isPartOf":{"@id":"https:\/\/www.woodgym.de\/#website"},"primaryImageOfPage":{"@id":"https:\/\/www.woodgym.de\/english\/product\/pull-up-kegel-holzgriff-paar\/#primaryimage"},"image":{"@id":"https:\/\/www.woodgym.de\/english\/product\/pull-up-kegel-holzgriff-paar\/#primaryimage"},"thumbnailUrl":"https:\/\/www.woodgym.de\/wp-content\/uploads\/2025\/09\/Fitness-Holz-Equipment-Woodletics-Zuggriffe-388.png","datePublished":"2025-08-19T07:47:22+00:00","dateModified":"2026-01-13T13:57:11+00:00","description":"Holz Kegel-Griffe f\u00fcr Griffkraft & Unterarme. H\u00e4ngend oder am Ladestift einsetzbar, inkl. Gurte & Karabiner. Mobil & robust f\u00fcr Home Gym & Studio.","breadcrumb":{"@id":"https:\/\/www.woodgym.de\/english\/product\/pull-up-kegel-holzgriff-paar\/#breadcrumb"},"inLanguage":"en-GB","potentialAction":[{"@type":"ReadAction","target":["https:\/\/www.woodgym.de\/english\/product\/pull-up-kegel-holzgriff-paar\/"]}]},{"@type":"ImageObject","inLanguage":"en-GB","@id":"https:\/\/www.woodgym.de\/english\/product\/pull-up-kegel-holzgriff-paar\/#primaryimage","url":"https:\/\/www.woodgym.de\/wp-content\/uploads\/2025\/09\/Fitness-Holz-Equipment-Woodletics-Zuggriffe-388.png","contentUrl":"https:\/\/www.woodgym.de\/wp-content\/uploads\/2025\/09\/Fitness-Holz-Equipment-Woodletics-Zuggriffe-388.png","width":900,"height":1200},{"@type":"BreadcrumbList","@id":"https:\/\/www.woodgym.de\/english\/product\/pull-up-kegel-holzgriff-paar\/#breadcrumb","itemListElement":[{"@type":"ListItem","position":1,"name":"Startseite","item":"https:\/\/www.woodgym.de\/"},{"@type":"ListItem","position":2,"name":"Shop","item":"https:\/\/www.woodgym.de\/shop-2\/"},{"@type":"ListItem","position":3,"name":"ConeGrip (Paar)"}]},{"@type":"WebSite","@id":"https:\/\/www.woodgym.de\/#website","url":"https:\/\/www.woodgym.de\/","name":"Holz-Fitnessger\u00e4te von WoodGym","description":"Fitnessger\u00e4te aus Holz","publisher":{"@id":"https:\/\/www.woodgym.de\/#organization"},"potentialAction":[{"@type":"SearchAction","target":{"@type":"EntryPoint","urlTemplate":"https:\/\/www.woodgym.de\/?s={search_term_string}"},"query-input":{"@type":"PropertyValueSpecification","valueRequired":true,"valueName":"search_term_string"}}],"inLanguage":"en-GB"},{"@type":"Organization","@id":"https:\/\/www.woodgym.de\/#organization","name":"Holz-Fitnessger\u00e4te von WoodGym","url":"https:\/\/www.woodgym.de\/","logo":{"@type":"ImageObject","inLanguage":"en-GB","@id":"https:\/\/www.woodgym.de\/#\/schema\/logo\/image\/","url":"https:\/\/www.woodgym.de\/wp-content\/uploads\/2026\/01\/woodgym-nur-text-black-bold-200-header.png","contentUrl":"https:\/\/www.woodgym.de\/wp-content\/uploads\/2026\/01\/woodgym-nur-text-black-bold-200-header.png","width":200,"height":29,"caption":"Holz-Fitnessger\u00e4te von WoodGym"},"image":{"@id":"https:\/\/www.woodgym.de\/#\/schema\/logo\/image\/"}}]}},"_links":{"self":[{"href":"https:\/\/www.woodgym.de\/english\/wp-json\/wp\/v2\/product\/1488","targetHints":{"allow":["GET"]}}],"collection":[{"href":"https:\/\/www.woodgym.de\/english\/wp-json\/wp\/v2\/product"}],"about":[{"href":"https:\/\/www.woodgym.de\/english\/wp-json\/wp\/v2\/types\/product"}],"replies":[{"embeddable":true,"href":"https:\/\/www.woodgym.de\/english\/wp-json\/wp\/v2\/comments?post=1488"}],"wp:featuredmedia":[{"embeddable":true,"href":"https:\/\/www.woodgym.de\/english\/wp-json\/wp\/v2\/media\/2503"}],"wp:attachment":[{"href":"https:\/\/www.woodgym.de\/english\/wp-json\/wp\/v2\/media?parent=1488"}],"wp:term":[{"taxonomy":"product_brand","embeddable":true,"href":"https:\/\/www.woodgym.de\/english\/wp-json\/wp\/v2\/product_brand?post=1488"},{"taxonomy":"product_cat","embeddable":true,"href":"https:\/\/www.woodgym.de\/english\/wp-json\/wp\/v2\/product_cat?post=1488"},{"taxonomy":"product_tag","embeddable":true,"href":"https:\/\/www.woodgym.de\/english\/wp-json\/wp\/v2\/product_tag?post=1488"}],"curies":[{"name":"wp","href":"https:\/\/api.w.org\/{rel}","templated":true}]}}