{"id":1486,"date":"2025-08-19T09:45:56","date_gmt":"2025-08-19T07:45:56","guid":{"rendered":"https:\/\/woodletics.com\/?post_type=product&#038;p=1486"},"modified":"2026-01-13T14:57:00","modified_gmt":"2026-01-13T13:57:00","slug":"pull-up-zylinder-holzgriff","status":"publish","type":"product","link":"https:\/\/www.woodgym.de\/english\/product\/pull-up-zylinder-holzgriff\/","title":{"rendered":"CylinderGrip (pair)"},"content":{"rendered":"","protected":false},"excerpt":{"rendered":"<p data-start=\"157\" data-end=\"392\">Die GripCylinders von WoodGym sind ideal f\u00fcr ein gezieltes Griffkraft- und Oberk\u00f6rpertraining. Die runde Zylinderform erm\u00f6glicht einen gleichm\u00e4\u00dfigen, nat\u00fcrlichen Griff und trainiert Fingerspitzen, Unterarme und Handkraft effektiv.<\/p>\n<p data-start=\"394\" data-end=\"793\">Die Griffe k\u00f6nnen h\u00e4ngend mit dem beiliegenden Band genutzt werden \u2013 optimal f\u00fcr Klimmz\u00fcge und Hang\u00fcbungen. In Kombination mit dem WoodGym-Ladestift eignen sie sich perfekt f\u00fcr Zug\u00fcbungen mit Zusatzgewicht. Gurte und Karabiner sind bereits inklusive, sodass du das Training sofort starten kannst. Die ergonomische Zylinderform sorgt f\u00fcr eine nat\u00fcrliche Griffhaltung und hohe Trainingskontrolle.<\/p>\n<p data-start=\"795\" data-end=\"1108\">Thanks to their compact design, GripCylinders are ideal for use at home or on the go. A practical carrying bag is included, making storage and transport particularly easy. Robust, durable and versatile \u2013 GripCylinders are the perfect tool for varied grip strength training.<\/p>","protected":false},"featured_media":2496,"comment_status":"closed","ping_status":"closed","template":"","meta":{"iawp_total_views":3},"product_brand":[],"product_cat":[37],"product_tag":[123,191],"class_list":{"0":"post-1486","1":"product","2":"type-product","3":"status-publish","4":"has-post-thumbnail","6":"product_cat-climbing-grip-strength","7":"product_tag-griff","8":"product_tag-griffe","10":"first","11":"instock","12":"shipping-taxable","13":"purchasable","14":"product-type-simple"},"yoast_head":"<!-- This site is optimized with the Yoast SEO plugin v27.4 - https:\/\/yoast.com\/product\/yoast-seo-wordpress\/ -->\n<title>Holz Fitness Equipment: Griffe, Grip, Zuggriffe<\/title>\n<meta name=\"description\" content=\"Holz Zylinder-Griffe f\u00fcr Griffkraft &amp; Unterarme. H\u00e4ngend oder am Ladestift einsetzbar, inkl. Gurte &amp; Karabiner. Mobil &amp; robust f\u00fcr Home Gym &amp; Studio.\" \/>\n<meta name=\"robots\" content=\"index, follow, max-snippet:-1, max-image-preview:large, max-video-preview:-1\" \/>\n<link rel=\"canonical\" href=\"https:\/\/www.woodgym.de\/english\/product\/pull-up-zylinder-holzgriff\/\" \/>\n<meta property=\"og:locale\" content=\"en_GB\" \/>\n<meta property=\"og:type\" content=\"article\" \/>\n<meta property=\"og:title\" content=\"Holz Fitness Equipment: Griffe, Grip, Zuggriffe\" \/>\n<meta property=\"og:description\" content=\"Holz Zylinder-Griffe f\u00fcr Griffkraft &amp; Unterarme. H\u00e4ngend oder am Ladestift einsetzbar, inkl. Gurte &amp; Karabiner. Mobil &amp; robust f\u00fcr Home Gym &amp; Studio.\" \/>\n<meta property=\"og:url\" content=\"https:\/\/www.woodgym.de\/english\/product\/pull-up-zylinder-holzgriff\/\" \/>\n<meta property=\"og:site_name\" content=\"Holz-Fitnessger\u00e4te von WoodGym\" \/>\n<meta property=\"article:modified_time\" content=\"2026-01-13T13:57:00+00:00\" \/>\n<meta property=\"og:image\" content=\"https:\/\/www.woodgym.de\/wp-content\/uploads\/2025\/09\/Fitness-Holz-Equipment-Woodletics-Zuggriffe-359.png\" \/>\n\t<meta property=\"og:image:width\" content=\"900\" \/>\n\t<meta property=\"og:image:height\" content=\"1200\" \/>\n\t<meta property=\"og:image:type\" content=\"image\/png\" \/>\n<meta name=\"twitter:card\" content=\"summary_large_image\" \/>\n<meta name=\"twitter:label1\" content=\"Estimated reading time\" \/>\n\t<meta name=\"twitter:data1\" content=\"1 minute\" \/>\n<script type=\"application\/ld+json\" class=\"yoast-schema-graph\">{\"@context\":\"https:\\\/\\\/schema.org\",\"@graph\":[{\"@type\":\"WebPage\",\"@id\":\"https:\\\/\\\/www.woodgym.de\\\/english\\\/product\\\/pull-up-zylinder-holzgriff\\\/\",\"url\":\"https:\\\/\\\/www.woodgym.de\\\/english\\\/product\\\/pull-up-zylinder-holzgriff\\\/\",\"name\":\"Holz Fitness Equipment: Griffe, Grip, Zuggriffe\",\"isPartOf\":{\"@id\":\"https:\\\/\\\/www.woodgym.de\\\/#website\"},\"primaryImageOfPage\":{\"@id\":\"https:\\\/\\\/www.woodgym.de\\\/english\\\/product\\\/pull-up-zylinder-holzgriff\\\/#primaryimage\"},\"image\":{\"@id\":\"https:\\\/\\\/www.woodgym.de\\\/english\\\/product\\\/pull-up-zylinder-holzgriff\\\/#primaryimage\"},\"thumbnailUrl\":\"https:\\\/\\\/www.woodgym.de\\\/wp-content\\\/uploads\\\/2025\\\/09\\\/Fitness-Holz-Equipment-Woodletics-Zuggriffe-359.png\",\"datePublished\":\"2025-08-19T07:45:56+00:00\",\"dateModified\":\"2026-01-13T13:57:00+00:00\",\"description\":\"Holz Zylinder-Griffe f\u00fcr Griffkraft & Unterarme. H\u00e4ngend oder am Ladestift einsetzbar, inkl. Gurte & Karabiner. Mobil & robust f\u00fcr Home Gym & Studio.\",\"breadcrumb\":{\"@id\":\"https:\\\/\\\/www.woodgym.de\\\/english\\\/product\\\/pull-up-zylinder-holzgriff\\\/#breadcrumb\"},\"inLanguage\":\"en-GB\",\"potentialAction\":[{\"@type\":\"ReadAction\",\"target\":[\"https:\\\/\\\/www.woodgym.de\\\/english\\\/product\\\/pull-up-zylinder-holzgriff\\\/\"]}]},{\"@type\":\"ImageObject\",\"inLanguage\":\"en-GB\",\"@id\":\"https:\\\/\\\/www.woodgym.de\\\/english\\\/product\\\/pull-up-zylinder-holzgriff\\\/#primaryimage\",\"url\":\"https:\\\/\\\/www.woodgym.de\\\/wp-content\\\/uploads\\\/2025\\\/09\\\/Fitness-Holz-Equipment-Woodletics-Zuggriffe-359.png\",\"contentUrl\":\"https:\\\/\\\/www.woodgym.de\\\/wp-content\\\/uploads\\\/2025\\\/09\\\/Fitness-Holz-Equipment-Woodletics-Zuggriffe-359.png\",\"width\":900,\"height\":1200},{\"@type\":\"BreadcrumbList\",\"@id\":\"https:\\\/\\\/www.woodgym.de\\\/english\\\/product\\\/pull-up-zylinder-holzgriff\\\/#breadcrumb\",\"itemListElement\":[{\"@type\":\"ListItem\",\"position\":1,\"name\":\"Startseite\",\"item\":\"https:\\\/\\\/www.woodgym.de\\\/\"},{\"@type\":\"ListItem\",\"position\":2,\"name\":\"Shop\",\"item\":\"https:\\\/\\\/www.woodgym.de\\\/shop-2\\\/\"},{\"@type\":\"ListItem\",\"position\":3,\"name\":\"CylinderGrip (Paar)\"}]},{\"@type\":\"WebSite\",\"@id\":\"https:\\\/\\\/www.woodgym.de\\\/#website\",\"url\":\"https:\\\/\\\/www.woodgym.de\\\/\",\"name\":\"Holz-Fitnessger\u00e4te von WoodGym\",\"description\":\"Fitnessger\u00e4te aus Holz\",\"publisher\":{\"@id\":\"https:\\\/\\\/www.woodgym.de\\\/#organization\"},\"potentialAction\":[{\"@type\":\"SearchAction\",\"target\":{\"@type\":\"EntryPoint\",\"urlTemplate\":\"https:\\\/\\\/www.woodgym.de\\\/?s={search_term_string}\"},\"query-input\":{\"@type\":\"PropertyValueSpecification\",\"valueRequired\":true,\"valueName\":\"search_term_string\"}}],\"inLanguage\":\"en-GB\"},{\"@type\":\"Organization\",\"@id\":\"https:\\\/\\\/www.woodgym.de\\\/#organization\",\"name\":\"Holz-Fitnessger\u00e4te von WoodGym\",\"url\":\"https:\\\/\\\/www.woodgym.de\\\/\",\"logo\":{\"@type\":\"ImageObject\",\"inLanguage\":\"en-GB\",\"@id\":\"https:\\\/\\\/www.woodgym.de\\\/#\\\/schema\\\/logo\\\/image\\\/\",\"url\":\"https:\\\/\\\/www.woodgym.de\\\/wp-content\\\/uploads\\\/2026\\\/01\\\/woodgym-nur-text-black-bold-200-header.png\",\"contentUrl\":\"https:\\\/\\\/www.woodgym.de\\\/wp-content\\\/uploads\\\/2026\\\/01\\\/woodgym-nur-text-black-bold-200-header.png\",\"width\":200,\"height\":29,\"caption\":\"Holz-Fitnessger\u00e4te von WoodGym\"},\"image\":{\"@id\":\"https:\\\/\\\/www.woodgym.de\\\/#\\\/schema\\\/logo\\\/image\\\/\"}}]}<\/script>\n<!-- \/ Yoast SEO plugin. -->","yoast_head_json":{"title":"Holz Fitness Equipment: Griffe, Grip, Zuggriffe","description":"Holz Zylinder-Griffe f\u00fcr Griffkraft & Unterarme. H\u00e4ngend oder am Ladestift einsetzbar, inkl. Gurte & Karabiner. Mobil & robust f\u00fcr Home Gym & Studio.","robots":{"index":"index","follow":"follow","max-snippet":"max-snippet:-1","max-image-preview":"max-image-preview:large","max-video-preview":"max-video-preview:-1"},"canonical":"https:\/\/www.woodgym.de\/english\/product\/pull-up-zylinder-holzgriff\/","og_locale":"en_GB","og_type":"article","og_title":"Holz Fitness Equipment: Griffe, Grip, Zuggriffe","og_description":"Holz Zylinder-Griffe f\u00fcr Griffkraft & Unterarme. H\u00e4ngend oder am Ladestift einsetzbar, inkl. Gurte & Karabiner. Mobil & robust f\u00fcr Home Gym & Studio.","og_url":"https:\/\/www.woodgym.de\/english\/product\/pull-up-zylinder-holzgriff\/","og_site_name":"Holz-Fitnessger\u00e4te von WoodGym","article_modified_time":"2026-01-13T13:57:00+00:00","og_image":[{"width":900,"height":1200,"url":"https:\/\/www.woodgym.de\/wp-content\/uploads\/2025\/09\/Fitness-Holz-Equipment-Woodletics-Zuggriffe-359.png","type":"image\/png"}],"twitter_card":"summary_large_image","twitter_misc":{"Estimated reading time":"1 minute"},"schema":{"@context":"https:\/\/schema.org","@graph":[{"@type":"WebPage","@id":"https:\/\/www.woodgym.de\/english\/product\/pull-up-zylinder-holzgriff\/","url":"https:\/\/www.woodgym.de\/english\/product\/pull-up-zylinder-holzgriff\/","name":"Holz Fitness Equipment: Griffe, Grip, Zuggriffe","isPartOf":{"@id":"https:\/\/www.woodgym.de\/#website"},"primaryImageOfPage":{"@id":"https:\/\/www.woodgym.de\/english\/product\/pull-up-zylinder-holzgriff\/#primaryimage"},"image":{"@id":"https:\/\/www.woodgym.de\/english\/product\/pull-up-zylinder-holzgriff\/#primaryimage"},"thumbnailUrl":"https:\/\/www.woodgym.de\/wp-content\/uploads\/2025\/09\/Fitness-Holz-Equipment-Woodletics-Zuggriffe-359.png","datePublished":"2025-08-19T07:45:56+00:00","dateModified":"2026-01-13T13:57:00+00:00","description":"Holz Zylinder-Griffe f\u00fcr Griffkraft & Unterarme. H\u00e4ngend oder am Ladestift einsetzbar, inkl. Gurte & Karabiner. Mobil & robust f\u00fcr Home Gym & Studio.","breadcrumb":{"@id":"https:\/\/www.woodgym.de\/english\/product\/pull-up-zylinder-holzgriff\/#breadcrumb"},"inLanguage":"en-GB","potentialAction":[{"@type":"ReadAction","target":["https:\/\/www.woodgym.de\/english\/product\/pull-up-zylinder-holzgriff\/"]}]},{"@type":"ImageObject","inLanguage":"en-GB","@id":"https:\/\/www.woodgym.de\/english\/product\/pull-up-zylinder-holzgriff\/#primaryimage","url":"https:\/\/www.woodgym.de\/wp-content\/uploads\/2025\/09\/Fitness-Holz-Equipment-Woodletics-Zuggriffe-359.png","contentUrl":"https:\/\/www.woodgym.de\/wp-content\/uploads\/2025\/09\/Fitness-Holz-Equipment-Woodletics-Zuggriffe-359.png","width":900,"height":1200},{"@type":"BreadcrumbList","@id":"https:\/\/www.woodgym.de\/english\/product\/pull-up-zylinder-holzgriff\/#breadcrumb","itemListElement":[{"@type":"ListItem","position":1,"name":"Startseite","item":"https:\/\/www.woodgym.de\/"},{"@type":"ListItem","position":2,"name":"Shop","item":"https:\/\/www.woodgym.de\/shop-2\/"},{"@type":"ListItem","position":3,"name":"CylinderGrip (Paar)"}]},{"@type":"WebSite","@id":"https:\/\/www.woodgym.de\/#website","url":"https:\/\/www.woodgym.de\/","name":"Holz-Fitnessger\u00e4te von WoodGym","description":"Fitnessger\u00e4te aus Holz","publisher":{"@id":"https:\/\/www.woodgym.de\/#organization"},"potentialAction":[{"@type":"SearchAction","target":{"@type":"EntryPoint","urlTemplate":"https:\/\/www.woodgym.de\/?s={search_term_string}"},"query-input":{"@type":"PropertyValueSpecification","valueRequired":true,"valueName":"search_term_string"}}],"inLanguage":"en-GB"},{"@type":"Organization","@id":"https:\/\/www.woodgym.de\/#organization","name":"Holz-Fitnessger\u00e4te von WoodGym","url":"https:\/\/www.woodgym.de\/","logo":{"@type":"ImageObject","inLanguage":"en-GB","@id":"https:\/\/www.woodgym.de\/#\/schema\/logo\/image\/","url":"https:\/\/www.woodgym.de\/wp-content\/uploads\/2026\/01\/woodgym-nur-text-black-bold-200-header.png","contentUrl":"https:\/\/www.woodgym.de\/wp-content\/uploads\/2026\/01\/woodgym-nur-text-black-bold-200-header.png","width":200,"height":29,"caption":"Holz-Fitnessger\u00e4te von WoodGym"},"image":{"@id":"https:\/\/www.woodgym.de\/#\/schema\/logo\/image\/"}}]}},"_links":{"self":[{"href":"https:\/\/www.woodgym.de\/english\/wp-json\/wp\/v2\/product\/1486","targetHints":{"allow":["GET"]}}],"collection":[{"href":"https:\/\/www.woodgym.de\/english\/wp-json\/wp\/v2\/product"}],"about":[{"href":"https:\/\/www.woodgym.de\/english\/wp-json\/wp\/v2\/types\/product"}],"replies":[{"embeddable":true,"href":"https:\/\/www.woodgym.de\/english\/wp-json\/wp\/v2\/comments?post=1486"}],"wp:featuredmedia":[{"embeddable":true,"href":"https:\/\/www.woodgym.de\/english\/wp-json\/wp\/v2\/media\/2496"}],"wp:attachment":[{"href":"https:\/\/www.woodgym.de\/english\/wp-json\/wp\/v2\/media?parent=1486"}],"wp:term":[{"taxonomy":"product_brand","embeddable":true,"href":"https:\/\/www.woodgym.de\/english\/wp-json\/wp\/v2\/product_brand?post=1486"},{"taxonomy":"product_cat","embeddable":true,"href":"https:\/\/www.woodgym.de\/english\/wp-json\/wp\/v2\/product_cat?post=1486"},{"taxonomy":"product_tag","embeddable":true,"href":"https:\/\/www.woodgym.de\/english\/wp-json\/wp\/v2\/product_tag?post=1486"}],"curies":[{"name":"wp","href":"https:\/\/api.w.org\/{rel}","templated":true}]}}