{"id":1478,"date":"2025-08-19T09:40:57","date_gmt":"2025-08-19T07:40:57","guid":{"rendered":"https:\/\/woodletics.com\/?post_type=product&#038;p=1478"},"modified":"2026-01-14T13:57:48","modified_gmt":"2026-01-14T12:57:48","slug":"deadlift-resistance-band-plattform","status":"publish","type":"product","link":"https:\/\/www.woodgym.de\/english\/product\/deadlift-resistance-band-plattform\/","title":{"rendered":"Deadlift- &#038; Resistance-Band-Plattform"},"content":{"rendered":"","protected":false},"excerpt":{"rendered":"<p data-start=\"167\" data-end=\"414\">Die Deadlift- &amp; Resistance-Band-Plattform von WoodGym vereint Funktionalit\u00e4t, Robustheit und smartes Design f\u00fcr dein Krafttraining. Gefertigt aus massivem Holz und Mulitplex, bietet sie eine stabile Basis f\u00fcr Deadlifts, Band\u00fcbungen und explosive Kraftworkouts.<\/p>\n<p data-start=\"416\" data-end=\"651\">A special highlight are the wooden band pegs on both sides, which allow you to adjust the length of the resistance bands to suit your height and the exercise you are doing \u2013 for maximum training variety and safety.<\/p>\n<p data-start=\"653\" data-end=\"917\">In addition, the platform is designed to be combined with Woodletics deadlift blocks. This creates a compact, mobile and easily storable deadlift platform \u2013 ideal for any home gym or flexible use in the studio.<\/p>\n<p data-start=\"919\" data-end=\"1132\">Robust, durchdacht und vielseitig einsetzbar: Mit der Deadlift- &amp; Resistance-Band-Plattform von WoodGym holst du dir ein platzsparendes und hochfunktionales Tool f\u00fcr funktionelles Training, Powerlifting und mehr.<\/p>\n<p data-start=\"919\" data-end=\"1132\"><strong>Handcrafted quality \u2018Made in Berlin\u2019<\/strong><\/p>\n<p data-start=\"919\" data-end=\"1132\"><img fetchpriority=\"high\" decoding=\"async\" class=\"alignnone size-full wp-image-3027\" src=\"https:\/\/woodletics.com\/wp-content\/uploads\/2025\/10\/Fitness-Holz-Equipment-Woodletics-004-e1759311652794.png\" alt=\"\" width=\"1200\" height=\"570\" srcset=\"https:\/\/www.woodgym.de\/wp-content\/uploads\/2025\/10\/Fitness-Holz-Equipment-Woodletics-004-e1759311652794.png 1200w, https:\/\/www.woodgym.de\/wp-content\/uploads\/2025\/10\/Fitness-Holz-Equipment-Woodletics-004-e1759311652794-300x143.png 300w, https:\/\/www.woodgym.de\/wp-content\/uploads\/2025\/10\/Fitness-Holz-Equipment-Woodletics-004-e1759311652794-1024x486.png 1024w, https:\/\/www.woodgym.de\/wp-content\/uploads\/2025\/10\/Fitness-Holz-Equipment-Woodletics-004-e1759311652794-768x365.png 768w, https:\/\/www.woodgym.de\/wp-content\/uploads\/2025\/10\/Fitness-Holz-Equipment-Woodletics-004-e1759311652794-18x9.png 18w, https:\/\/www.woodgym.de\/wp-content\/uploads\/2025\/10\/Fitness-Holz-Equipment-Woodletics-004-e1759311652794-600x285.png 600w\" sizes=\"(max-width: 1200px) 100vw, 1200px\" \/><br data-start=\"1618\" data-end=\"1621\" \/>Our platform is manufactured in Berlin from birch multiplex and solid spruce wood. The combination of regional materials and craftsmanship guarantees you a stable, durable training tool. Built with precision and produced sustainably, it is a truly functional piece from the region.<\/p>","protected":false},"featured_media":2299,"comment_status":"closed","ping_status":"closed","template":"","meta":{"iawp_total_views":82},"product_brand":[],"product_cat":[62],"product_tag":[],"class_list":{"0":"post-1478","1":"product","2":"type-product","3":"status-publish","4":"has-post-thumbnail","6":"product_cat-strength-training","8":"first","9":"instock","10":"shipping-taxable","11":"purchasable","12":"product-type-simple"},"yoast_head":"<!-- This site is optimized with the Yoast SEO plugin v27.4 - https:\/\/yoast.com\/product\/yoast-seo-wordpress\/ -->\n<title>Holz Fitnessger\u00e4t: Deadliftplattform &amp; Widerstandsbandplattform<\/title>\n<meta name=\"description\" content=\"Massive Holzplattform f\u00fcr Deadlifts &amp; Band Workouts. Robust, mobil &amp; kompatibel mit Deadlift Blocks f\u00fcr Home Gym oder Studio.\" \/>\n<meta name=\"robots\" content=\"index, follow, max-snippet:-1, max-image-preview:large, max-video-preview:-1\" \/>\n<link rel=\"canonical\" href=\"https:\/\/www.woodgym.de\/english\/product\/deadlift-resistance-band-plattform\/\" \/>\n<meta property=\"og:locale\" content=\"en_GB\" \/>\n<meta property=\"og:type\" content=\"article\" \/>\n<meta property=\"og:title\" content=\"Holz Fitnessger\u00e4t: Deadliftplattform &amp; Widerstandsbandplattform\" \/>\n<meta property=\"og:description\" content=\"Massive Holzplattform f\u00fcr Deadlifts &amp; Band Workouts. Robust, mobil &amp; kompatibel mit Deadlift Blocks f\u00fcr Home Gym oder Studio.\" \/>\n<meta property=\"og:url\" content=\"https:\/\/www.woodgym.de\/english\/product\/deadlift-resistance-band-plattform\/\" \/>\n<meta property=\"og:site_name\" content=\"Holz-Fitnessger\u00e4te von WoodGym\" \/>\n<meta property=\"article:modified_time\" content=\"2026-01-14T12:57:48+00:00\" \/>\n<meta property=\"og:image\" content=\"https:\/\/www.woodgym.de\/wp-content\/uploads\/2025\/08\/deadlift-board-1.png\" \/>\n\t<meta property=\"og:image:width\" content=\"864\" \/>\n\t<meta property=\"og:image:height\" content=\"1184\" \/>\n\t<meta property=\"og:image:type\" content=\"image\/png\" \/>\n<meta name=\"twitter:card\" content=\"summary_large_image\" \/>\n<meta name=\"twitter:label1\" content=\"Estimated reading time\" \/>\n\t<meta name=\"twitter:data1\" content=\"1 minute\" \/>\n<script type=\"application\/ld+json\" class=\"yoast-schema-graph\">{\"@context\":\"https:\\\/\\\/schema.org\",\"@graph\":[{\"@type\":\"WebPage\",\"@id\":\"https:\\\/\\\/www.woodgym.de\\\/produkt\\\/deadlift-resistance-band-plattform\\\/\",\"url\":\"https:\\\/\\\/www.woodgym.de\\\/produkt\\\/deadlift-resistance-band-plattform\\\/\",\"name\":\"Holz Fitnessger\u00e4t: Deadliftplattform & Widerstandsbandplattform\",\"isPartOf\":{\"@id\":\"https:\\\/\\\/www.woodgym.de\\\/#website\"},\"primaryImageOfPage\":{\"@id\":\"https:\\\/\\\/www.woodgym.de\\\/produkt\\\/deadlift-resistance-band-plattform\\\/#primaryimage\"},\"image\":{\"@id\":\"https:\\\/\\\/www.woodgym.de\\\/produkt\\\/deadlift-resistance-band-plattform\\\/#primaryimage\"},\"thumbnailUrl\":\"https:\\\/\\\/www.woodgym.de\\\/wp-content\\\/uploads\\\/2025\\\/08\\\/deadlift-board-1.png\",\"datePublished\":\"2025-08-19T07:40:57+00:00\",\"dateModified\":\"2026-01-14T12:57:48+00:00\",\"description\":\"Massive Holzplattform f\u00fcr Deadlifts & Band Workouts. Robust, mobil & kompatibel mit Deadlift Blocks f\u00fcr Home Gym oder Studio.\",\"breadcrumb\":{\"@id\":\"https:\\\/\\\/www.woodgym.de\\\/produkt\\\/deadlift-resistance-band-plattform\\\/#breadcrumb\"},\"inLanguage\":\"en-GB\",\"potentialAction\":[{\"@type\":\"ReadAction\",\"target\":[\"https:\\\/\\\/www.woodgym.de\\\/produkt\\\/deadlift-resistance-band-plattform\\\/\"]}]},{\"@type\":\"ImageObject\",\"inLanguage\":\"en-GB\",\"@id\":\"https:\\\/\\\/www.woodgym.de\\\/produkt\\\/deadlift-resistance-band-plattform\\\/#primaryimage\",\"url\":\"https:\\\/\\\/www.woodgym.de\\\/wp-content\\\/uploads\\\/2025\\\/08\\\/deadlift-board-1.png\",\"contentUrl\":\"https:\\\/\\\/www.woodgym.de\\\/wp-content\\\/uploads\\\/2025\\\/08\\\/deadlift-board-1.png\",\"width\":864,\"height\":1184},{\"@type\":\"BreadcrumbList\",\"@id\":\"https:\\\/\\\/www.woodgym.de\\\/produkt\\\/deadlift-resistance-band-plattform\\\/#breadcrumb\",\"itemListElement\":[{\"@type\":\"ListItem\",\"position\":1,\"name\":\"Startseite\",\"item\":\"https:\\\/\\\/www.woodgym.de\\\/\"},{\"@type\":\"ListItem\",\"position\":2,\"name\":\"Shop\",\"item\":\"https:\\\/\\\/www.woodgym.de\\\/shop-2\\\/\"},{\"@type\":\"ListItem\",\"position\":3,\"name\":\"Deadlift- &#038; Resistance-Band-Plattform\"}]},{\"@type\":\"WebSite\",\"@id\":\"https:\\\/\\\/www.woodgym.de\\\/#website\",\"url\":\"https:\\\/\\\/www.woodgym.de\\\/\",\"name\":\"Holz-Fitnessger\u00e4te von WoodGym\",\"description\":\"Fitnessger\u00e4te aus Holz\",\"publisher\":{\"@id\":\"https:\\\/\\\/www.woodgym.de\\\/#organization\"},\"potentialAction\":[{\"@type\":\"SearchAction\",\"target\":{\"@type\":\"EntryPoint\",\"urlTemplate\":\"https:\\\/\\\/www.woodgym.de\\\/?s={search_term_string}\"},\"query-input\":{\"@type\":\"PropertyValueSpecification\",\"valueRequired\":true,\"valueName\":\"search_term_string\"}}],\"inLanguage\":\"en-GB\"},{\"@type\":\"Organization\",\"@id\":\"https:\\\/\\\/www.woodgym.de\\\/#organization\",\"name\":\"Holz-Fitnessger\u00e4te von WoodGym\",\"url\":\"https:\\\/\\\/www.woodgym.de\\\/\",\"logo\":{\"@type\":\"ImageObject\",\"inLanguage\":\"en-GB\",\"@id\":\"https:\\\/\\\/www.woodgym.de\\\/#\\\/schema\\\/logo\\\/image\\\/\",\"url\":\"https:\\\/\\\/www.woodgym.de\\\/wp-content\\\/uploads\\\/2026\\\/01\\\/woodgym-nur-text-black-bold-200-header.png\",\"contentUrl\":\"https:\\\/\\\/www.woodgym.de\\\/wp-content\\\/uploads\\\/2026\\\/01\\\/woodgym-nur-text-black-bold-200-header.png\",\"width\":200,\"height\":29,\"caption\":\"Holz-Fitnessger\u00e4te von WoodGym\"},\"image\":{\"@id\":\"https:\\\/\\\/www.woodgym.de\\\/#\\\/schema\\\/logo\\\/image\\\/\"}}]}<\/script>\n<!-- \/ Yoast SEO plugin. -->","yoast_head_json":{"title":"Holz Fitnessger\u00e4t: Deadliftplattform & Widerstandsbandplattform","description":"Massive Holzplattform f\u00fcr Deadlifts & Band Workouts. Robust, mobil & kompatibel mit Deadlift Blocks f\u00fcr Home Gym oder Studio.","robots":{"index":"index","follow":"follow","max-snippet":"max-snippet:-1","max-image-preview":"max-image-preview:large","max-video-preview":"max-video-preview:-1"},"canonical":"https:\/\/www.woodgym.de\/english\/product\/deadlift-resistance-band-plattform\/","og_locale":"en_GB","og_type":"article","og_title":"Holz Fitnessger\u00e4t: Deadliftplattform & Widerstandsbandplattform","og_description":"Massive Holzplattform f\u00fcr Deadlifts & Band Workouts. Robust, mobil & kompatibel mit Deadlift Blocks f\u00fcr Home Gym oder Studio.","og_url":"https:\/\/www.woodgym.de\/english\/product\/deadlift-resistance-band-plattform\/","og_site_name":"Holz-Fitnessger\u00e4te von WoodGym","article_modified_time":"2026-01-14T12:57:48+00:00","og_image":[{"width":864,"height":1184,"url":"https:\/\/www.woodgym.de\/wp-content\/uploads\/2025\/08\/deadlift-board-1.png","type":"image\/png"}],"twitter_card":"summary_large_image","twitter_misc":{"Estimated reading time":"1 minute"},"schema":{"@context":"https:\/\/schema.org","@graph":[{"@type":"WebPage","@id":"https:\/\/www.woodgym.de\/produkt\/deadlift-resistance-band-plattform\/","url":"https:\/\/www.woodgym.de\/produkt\/deadlift-resistance-band-plattform\/","name":"Holz Fitnessger\u00e4t: Deadliftplattform & Widerstandsbandplattform","isPartOf":{"@id":"https:\/\/www.woodgym.de\/#website"},"primaryImageOfPage":{"@id":"https:\/\/www.woodgym.de\/produkt\/deadlift-resistance-band-plattform\/#primaryimage"},"image":{"@id":"https:\/\/www.woodgym.de\/produkt\/deadlift-resistance-band-plattform\/#primaryimage"},"thumbnailUrl":"https:\/\/www.woodgym.de\/wp-content\/uploads\/2025\/08\/deadlift-board-1.png","datePublished":"2025-08-19T07:40:57+00:00","dateModified":"2026-01-14T12:57:48+00:00","description":"Massive Holzplattform f\u00fcr Deadlifts & Band Workouts. Robust, mobil & kompatibel mit Deadlift Blocks f\u00fcr Home Gym oder Studio.","breadcrumb":{"@id":"https:\/\/www.woodgym.de\/produkt\/deadlift-resistance-band-plattform\/#breadcrumb"},"inLanguage":"en-GB","potentialAction":[{"@type":"ReadAction","target":["https:\/\/www.woodgym.de\/produkt\/deadlift-resistance-band-plattform\/"]}]},{"@type":"ImageObject","inLanguage":"en-GB","@id":"https:\/\/www.woodgym.de\/produkt\/deadlift-resistance-band-plattform\/#primaryimage","url":"https:\/\/www.woodgym.de\/wp-content\/uploads\/2025\/08\/deadlift-board-1.png","contentUrl":"https:\/\/www.woodgym.de\/wp-content\/uploads\/2025\/08\/deadlift-board-1.png","width":864,"height":1184},{"@type":"BreadcrumbList","@id":"https:\/\/www.woodgym.de\/produkt\/deadlift-resistance-band-plattform\/#breadcrumb","itemListElement":[{"@type":"ListItem","position":1,"name":"Startseite","item":"https:\/\/www.woodgym.de\/"},{"@type":"ListItem","position":2,"name":"Shop","item":"https:\/\/www.woodgym.de\/shop-2\/"},{"@type":"ListItem","position":3,"name":"Deadlift- &#038; Resistance-Band-Plattform"}]},{"@type":"WebSite","@id":"https:\/\/www.woodgym.de\/#website","url":"https:\/\/www.woodgym.de\/","name":"Holz-Fitnessger\u00e4te von WoodGym","description":"Fitnessger\u00e4te aus Holz","publisher":{"@id":"https:\/\/www.woodgym.de\/#organization"},"potentialAction":[{"@type":"SearchAction","target":{"@type":"EntryPoint","urlTemplate":"https:\/\/www.woodgym.de\/?s={search_term_string}"},"query-input":{"@type":"PropertyValueSpecification","valueRequired":true,"valueName":"search_term_string"}}],"inLanguage":"en-GB"},{"@type":"Organization","@id":"https:\/\/www.woodgym.de\/#organization","name":"Holz-Fitnessger\u00e4te von WoodGym","url":"https:\/\/www.woodgym.de\/","logo":{"@type":"ImageObject","inLanguage":"en-GB","@id":"https:\/\/www.woodgym.de\/#\/schema\/logo\/image\/","url":"https:\/\/www.woodgym.de\/wp-content\/uploads\/2026\/01\/woodgym-nur-text-black-bold-200-header.png","contentUrl":"https:\/\/www.woodgym.de\/wp-content\/uploads\/2026\/01\/woodgym-nur-text-black-bold-200-header.png","width":200,"height":29,"caption":"Holz-Fitnessger\u00e4te von WoodGym"},"image":{"@id":"https:\/\/www.woodgym.de\/#\/schema\/logo\/image\/"}}]}},"_links":{"self":[{"href":"https:\/\/www.woodgym.de\/english\/wp-json\/wp\/v2\/product\/1478","targetHints":{"allow":["GET"]}}],"collection":[{"href":"https:\/\/www.woodgym.de\/english\/wp-json\/wp\/v2\/product"}],"about":[{"href":"https:\/\/www.woodgym.de\/english\/wp-json\/wp\/v2\/types\/product"}],"replies":[{"embeddable":true,"href":"https:\/\/www.woodgym.de\/english\/wp-json\/wp\/v2\/comments?post=1478"}],"wp:featuredmedia":[{"embeddable":true,"href":"https:\/\/www.woodgym.de\/english\/wp-json\/wp\/v2\/media\/2299"}],"wp:attachment":[{"href":"https:\/\/www.woodgym.de\/english\/wp-json\/wp\/v2\/media?parent=1478"}],"wp:term":[{"taxonomy":"product_brand","embeddable":true,"href":"https:\/\/www.woodgym.de\/english\/wp-json\/wp\/v2\/product_brand?post=1478"},{"taxonomy":"product_cat","embeddable":true,"href":"https:\/\/www.woodgym.de\/english\/wp-json\/wp\/v2\/product_cat?post=1478"},{"taxonomy":"product_tag","embeddable":true,"href":"https:\/\/www.woodgym.de\/english\/wp-json\/wp\/v2\/product_tag?post=1478"}],"curies":[{"name":"wp","href":"https:\/\/api.w.org\/{rel}","templated":true}]}}