{"id":996,"date":"2025-08-16T13:46:16","date_gmt":"2025-08-16T11:46:16","guid":{"rendered":"https:\/\/woodletics.com\/?page_id=996"},"modified":"2026-01-13T12:52:08","modified_gmt":"2026-01-13T11:52:08","slug":"impressum","status":"publish","type":"page","link":"https:\/\/www.woodgym.de\/english\/impressum\/","title":{"rendered":"Imprint \/ Legal Notice"},"content":{"rendered":"<div data-elementor-type=\"wp-page\" data-elementor-id=\"996\" class=\"elementor elementor-996\">\n\t\t\t\t<div class=\"elementor-element elementor-element-1690ad1 e-flex e-con-boxed e-con e-parent\" data-id=\"1690ad1\" data-element_type=\"container\" data-settings=\"{&quot;background_background&quot;:&quot;classic&quot;}\">\n\t\t\t\t\t<div class=\"e-con-inner\">\n\t\t<div class=\"elementor-element elementor-element-4e6f9ec e-con-full e-flex e-con e-child\" data-id=\"4e6f9ec\" data-element_type=\"container\">\n\t\t\t\t<div class=\"elementor-element elementor-element-12e94e6 elementor-widget__width-initial elementor-widget-divider--view-line elementor-widget elementor-widget-divider\" data-id=\"12e94e6\" data-element_type=\"widget\" data-widget_type=\"divider.default\">\n\t\t\t\t<div class=\"elementor-widget-container\">\n\t\t\t\t\t\t\t<div class=\"elementor-divider\">\n\t\t\t<span class=\"elementor-divider-separator\">\n\t\t\t\t\t\t<\/span>\n\t\t<\/div>\n\t\t\t\t\t\t<\/div>\n\t\t\t\t<\/div>\n\t\t\t\t<div class=\"elementor-element elementor-element-5b9c19d elementor-widget__width-auto elementor-widget elementor-widget-envo-extra-heading\" data-id=\"5b9c19d\" data-element_type=\"widget\" data-widget_type=\"envo-extra-heading.default\">\n\t\t\t\t<div class=\"elementor-widget-container\">\n\t\t\t\t\t\r\n\t\t<div class=\"envo-extra-heading-wrapper envo-extra-simple-heading-wrapper\">\r\n\t\t\t<h2 class=\"envo-extra-heading-title\"> <span class=\"envo-extra-title-focus\">Imprint \/ Legal Notice<\/span> <\/h2>\t\t<\/div>\r\n\t\t\t\t\t\t<\/div>\n\t\t\t\t<\/div>\n\t\t\t\t<\/div>\n\t\t<div class=\"elementor-element elementor-element-3ec8b66 e-con-full e-flex e-con e-child\" data-id=\"3ec8b66\" data-element_type=\"container\">\n\t\t\t\t<div class=\"elementor-element elementor-element-94c6d04 elementor-widget elementor-widget-text-editor\" data-id=\"94c6d04\" data-element_type=\"widget\" data-widget_type=\"text-editor.default\">\n\t\t\t\t<div class=\"elementor-widget-container\">\n\t\t\t\t\t\t\t\t\t<p>Christian Richter<br \/>Barnhelmstra\u00dfe 24b<br \/>14129 Berlin<\/p><p>Telephone: +49 151 18142234<br \/>Mail: i&#110;&#102;&#x6f;&#x40;wo&#111;&#100;&#x67;&#x79;m&#46;&#100;&#101;<br \/>Internet: http:\/\/www.woodgym.de<\/p><p>Responsible for content (in accordance with Section 55 (2) of the German Interstate Broadcasting Treaty):<br \/>Christian Richter (address as above)<\/p><p><b>Note on alternative dispute resolution pursuant to Art. 14(1) ODR Regulation and Section 36 VSBG:<br \/><\/b>We are not obliged to participate in dispute resolution proceedings before a consumer arbitration board and are generally not prepared to do so.<\/p><p><strong data-start=\"235\" data-end=\"263\">Note on Translations<\/strong><br data-start=\"263\" data-end=\"266\" \/>The legally binding version of this information and our legal documents (such as Terms and Conditions, Payment and Shipping Conditions, Right of Withdrawal, Privacy Policy, Legal Notice) is the German version.\nTranslations into other languages are provided for convenience only and are not legally binding. In the event of discrepancies or contradictions, only the German version shall prevail.<\/p>\t\t\t\t\t\t\t\t<\/div>\n\t\t\t\t<\/div>\n\t\t\t\t<\/div>\n\t\t\t\t\t<\/div>\n\t\t\t\t<\/div>\n\t\t\t\t<\/div>","protected":false},"excerpt":{"rendered":"<p>Impressum Christian RichterBarnhelmstra\u00dfe 24b14129 Berlin Telefon: +49 151 18142234Mail: in&#102;&#111;&#64;&#x77;&#x6f;&#x6f;&#x64;gy&#109;&#46;&#100;&#x65;Internet: http:\/\/www.woodgym.de Inhaltlich Verantwortlicher (gem\u00e4\u00df \u00a7 55 Abs. 2 RStV):Christian Richter (Anschrift wie oben) Hinweis zur Alternativen Streitbeilegung gem\u00e4\u00df Art. 14 Abs. 1 ODR-VO und \u00a7&hellip;<\/p>","protected":false},"author":1,"featured_media":0,"parent":0,"menu_order":0,"comment_status":"closed","ping_status":"closed","template":"template-parts\/template-page-builders.php","meta":{"iawp_total_views":17,"footnotes":""},"class_list":["post-996","page","type-page","status-publish","hentry"],"yoast_head":"<!-- This site is optimized with the Yoast SEO plugin v27.4 - https:\/\/yoast.com\/product\/yoast-seo-wordpress\/ -->\n<title>Holz Fitnessger\u00e4te &amp; Equipment - Impressum<\/title>\n<meta name=\"description\" content=\"Hochwertige Holz Fitnessger\u00e4te f\u00fcr dein Home Gym. Entdecke nachhaltiges Fitness Equipment aus Holz f\u00fcr effektives Training zuhause. Stilvoll, robust &amp; funktional.\" \/>\n<meta name=\"robots\" content=\"index, follow, max-snippet:-1, max-image-preview:large, max-video-preview:-1\" \/>\n<link rel=\"canonical\" href=\"https:\/\/www.woodgym.de\/english\/impressum\/\" \/>\n<meta property=\"og:locale\" content=\"en_GB\" \/>\n<meta property=\"og:type\" content=\"article\" \/>\n<meta property=\"og:title\" content=\"Holz Fitnessger\u00e4te &amp; Equipment - Impressum\" \/>\n<meta property=\"og:description\" content=\"Hochwertige Holz Fitnessger\u00e4te f\u00fcr dein Home Gym. Entdecke nachhaltiges Fitness Equipment aus Holz f\u00fcr effektives Training zuhause. Stilvoll, robust &amp; funktional.\" \/>\n<meta property=\"og:url\" content=\"https:\/\/www.woodgym.de\/english\/impressum\/\" \/>\n<meta property=\"og:site_name\" content=\"Holz-Fitnessger\u00e4te von WoodGym\" \/>\n<meta property=\"article:modified_time\" content=\"2026-01-13T11:52:08+00:00\" \/>\n<meta name=\"twitter:card\" content=\"summary_large_image\" \/>\n<meta name=\"twitter:label1\" content=\"Estimated reading time\" \/>\n\t<meta name=\"twitter:data1\" content=\"1 minute\" \/>\n<script type=\"application\/ld+json\" class=\"yoast-schema-graph\">{\"@context\":\"https:\\\/\\\/schema.org\",\"@graph\":[{\"@type\":\"WebPage\",\"@id\":\"https:\\\/\\\/www.woodgym.de\\\/impressum\\\/\",\"url\":\"https:\\\/\\\/www.woodgym.de\\\/impressum\\\/\",\"name\":\"Holz Fitnessger\u00e4te & Equipment - Impressum\",\"isPartOf\":{\"@id\":\"https:\\\/\\\/www.woodgym.de\\\/#website\"},\"datePublished\":\"2025-08-16T11:46:16+00:00\",\"dateModified\":\"2026-01-13T11:52:08+00:00\",\"description\":\"Hochwertige Holz Fitnessger\u00e4te f\u00fcr dein Home Gym. Entdecke nachhaltiges Fitness Equipment aus Holz f\u00fcr effektives Training zuhause. Stilvoll, robust & funktional.\",\"breadcrumb\":{\"@id\":\"https:\\\/\\\/www.woodgym.de\\\/impressum\\\/#breadcrumb\"},\"inLanguage\":\"en-GB\",\"potentialAction\":[{\"@type\":\"ReadAction\",\"target\":[\"https:\\\/\\\/www.woodgym.de\\\/impressum\\\/\"]}]},{\"@type\":\"BreadcrumbList\",\"@id\":\"https:\\\/\\\/www.woodgym.de\\\/impressum\\\/#breadcrumb\",\"itemListElement\":[{\"@type\":\"ListItem\",\"position\":1,\"name\":\"Startseite\",\"item\":\"https:\\\/\\\/www.woodgym.de\\\/\"},{\"@type\":\"ListItem\",\"position\":2,\"name\":\"Impressum\"}]},{\"@type\":\"WebSite\",\"@id\":\"https:\\\/\\\/www.woodgym.de\\\/#website\",\"url\":\"https:\\\/\\\/www.woodgym.de\\\/\",\"name\":\"Holz-Fitnessger\u00e4te von WoodGym\",\"description\":\"Fitnessger\u00e4te aus Holz\",\"publisher\":{\"@id\":\"https:\\\/\\\/www.woodgym.de\\\/#organization\"},\"potentialAction\":[{\"@type\":\"SearchAction\",\"target\":{\"@type\":\"EntryPoint\",\"urlTemplate\":\"https:\\\/\\\/www.woodgym.de\\\/?s={search_term_string}\"},\"query-input\":{\"@type\":\"PropertyValueSpecification\",\"valueRequired\":true,\"valueName\":\"search_term_string\"}}],\"inLanguage\":\"en-GB\"},{\"@type\":\"Organization\",\"@id\":\"https:\\\/\\\/www.woodgym.de\\\/#organization\",\"name\":\"Holz-Fitnessger\u00e4te von WoodGym\",\"url\":\"https:\\\/\\\/www.woodgym.de\\\/\",\"logo\":{\"@type\":\"ImageObject\",\"inLanguage\":\"en-GB\",\"@id\":\"https:\\\/\\\/www.woodgym.de\\\/#\\\/schema\\\/logo\\\/image\\\/\",\"url\":\"https:\\\/\\\/www.woodgym.de\\\/wp-content\\\/uploads\\\/2026\\\/01\\\/woodgym-nur-text-black-bold-200-header.png\",\"contentUrl\":\"https:\\\/\\\/www.woodgym.de\\\/wp-content\\\/uploads\\\/2026\\\/01\\\/woodgym-nur-text-black-bold-200-header.png\",\"width\":200,\"height\":29,\"caption\":\"Holz-Fitnessger\u00e4te von WoodGym\"},\"image\":{\"@id\":\"https:\\\/\\\/www.woodgym.de\\\/#\\\/schema\\\/logo\\\/image\\\/\"}}]}<\/script>\n<!-- \/ Yoast SEO plugin. -->","yoast_head_json":{"title":"Holz Fitnessger\u00e4te & Equipment - Impressum","description":"Hochwertige Holz Fitnessger\u00e4te f\u00fcr dein Home Gym. Entdecke nachhaltiges Fitness Equipment aus Holz f\u00fcr effektives Training zuhause. Stilvoll, robust & funktional.","robots":{"index":"index","follow":"follow","max-snippet":"max-snippet:-1","max-image-preview":"max-image-preview:large","max-video-preview":"max-video-preview:-1"},"canonical":"https:\/\/www.woodgym.de\/english\/impressum\/","og_locale":"en_GB","og_type":"article","og_title":"Holz Fitnessger\u00e4te & Equipment - Impressum","og_description":"Hochwertige Holz Fitnessger\u00e4te f\u00fcr dein Home Gym. Entdecke nachhaltiges Fitness Equipment aus Holz f\u00fcr effektives Training zuhause. Stilvoll, robust & funktional.","og_url":"https:\/\/www.woodgym.de\/english\/impressum\/","og_site_name":"Holz-Fitnessger\u00e4te von WoodGym","article_modified_time":"2026-01-13T11:52:08+00:00","twitter_card":"summary_large_image","twitter_misc":{"Estimated reading time":"1 minute"},"schema":{"@context":"https:\/\/schema.org","@graph":[{"@type":"WebPage","@id":"https:\/\/www.woodgym.de\/impressum\/","url":"https:\/\/www.woodgym.de\/impressum\/","name":"Holz Fitnessger\u00e4te & Equipment - Impressum","isPartOf":{"@id":"https:\/\/www.woodgym.de\/#website"},"datePublished":"2025-08-16T11:46:16+00:00","dateModified":"2026-01-13T11:52:08+00:00","description":"Hochwertige Holz Fitnessger\u00e4te f\u00fcr dein Home Gym. Entdecke nachhaltiges Fitness Equipment aus Holz f\u00fcr effektives Training zuhause. Stilvoll, robust & funktional.","breadcrumb":{"@id":"https:\/\/www.woodgym.de\/impressum\/#breadcrumb"},"inLanguage":"en-GB","potentialAction":[{"@type":"ReadAction","target":["https:\/\/www.woodgym.de\/impressum\/"]}]},{"@type":"BreadcrumbList","@id":"https:\/\/www.woodgym.de\/impressum\/#breadcrumb","itemListElement":[{"@type":"ListItem","position":1,"name":"Startseite","item":"https:\/\/www.woodgym.de\/"},{"@type":"ListItem","position":2,"name":"Impressum"}]},{"@type":"WebSite","@id":"https:\/\/www.woodgym.de\/#website","url":"https:\/\/www.woodgym.de\/","name":"Holz-Fitnessger\u00e4te von WoodGym","description":"Fitnessger\u00e4te aus Holz","publisher":{"@id":"https:\/\/www.woodgym.de\/#organization"},"potentialAction":[{"@type":"SearchAction","target":{"@type":"EntryPoint","urlTemplate":"https:\/\/www.woodgym.de\/?s={search_term_string}"},"query-input":{"@type":"PropertyValueSpecification","valueRequired":true,"valueName":"search_term_string"}}],"inLanguage":"en-GB"},{"@type":"Organization","@id":"https:\/\/www.woodgym.de\/#organization","name":"Holz-Fitnessger\u00e4te von WoodGym","url":"https:\/\/www.woodgym.de\/","logo":{"@type":"ImageObject","inLanguage":"en-GB","@id":"https:\/\/www.woodgym.de\/#\/schema\/logo\/image\/","url":"https:\/\/www.woodgym.de\/wp-content\/uploads\/2026\/01\/woodgym-nur-text-black-bold-200-header.png","contentUrl":"https:\/\/www.woodgym.de\/wp-content\/uploads\/2026\/01\/woodgym-nur-text-black-bold-200-header.png","width":200,"height":29,"caption":"Holz-Fitnessger\u00e4te von WoodGym"},"image":{"@id":"https:\/\/www.woodgym.de\/#\/schema\/logo\/image\/"}}]}},"_links":{"self":[{"href":"https:\/\/www.woodgym.de\/english\/wp-json\/wp\/v2\/pages\/996","targetHints":{"allow":["GET"]}}],"collection":[{"href":"https:\/\/www.woodgym.de\/english\/wp-json\/wp\/v2\/pages"}],"about":[{"href":"https:\/\/www.woodgym.de\/english\/wp-json\/wp\/v2\/types\/page"}],"author":[{"embeddable":true,"href":"https:\/\/www.woodgym.de\/english\/wp-json\/wp\/v2\/users\/1"}],"replies":[{"embeddable":true,"href":"https:\/\/www.woodgym.de\/english\/wp-json\/wp\/v2\/comments?post=996"}],"version-history":[{"count":37,"href":"https:\/\/www.woodgym.de\/english\/wp-json\/wp\/v2\/pages\/996\/revisions"}],"predecessor-version":[{"id":3230,"href":"https:\/\/www.woodgym.de\/english\/wp-json\/wp\/v2\/pages\/996\/revisions\/3230"}],"wp:attachment":[{"href":"https:\/\/www.woodgym.de\/english\/wp-json\/wp\/v2\/media?parent=996"}],"curies":[{"name":"wp","href":"https:\/\/api.w.org\/{rel}","templated":true}]}}