{"id":1181,"date":"2025-08-17T12:51:06","date_gmt":"2025-08-17T10:51:06","guid":{"rendered":"https:\/\/woodletics.com\/?page_id=1181"},"modified":"2026-01-13T13:15:00","modified_gmt":"2026-01-13T12:15:00","slug":"zahlungsbedingungen","status":"publish","type":"page","link":"https:\/\/www.woodgym.de\/english\/zahlungsbedingungen\/","title":{"rendered":"Payment Terms"},"content":{"rendered":"<div data-elementor-type=\"wp-page\" data-elementor-id=\"1181\" class=\"elementor elementor-1181\">\n\t\t\t\t<div class=\"elementor-element elementor-element-1690ad1 e-flex e-con-boxed e-con e-parent\" data-id=\"1690ad1\" data-element_type=\"container\" data-settings=\"{&quot;background_background&quot;:&quot;classic&quot;}\">\n\t\t\t\t\t<div class=\"e-con-inner\">\n\t\t<div class=\"elementor-element elementor-element-4e6f9ec e-con-full e-flex e-con e-child\" data-id=\"4e6f9ec\" data-element_type=\"container\">\n\t\t\t\t<div class=\"elementor-element elementor-element-12e94e6 elementor-widget__width-initial elementor-widget-divider--view-line elementor-widget elementor-widget-divider\" data-id=\"12e94e6\" data-element_type=\"widget\" data-widget_type=\"divider.default\">\n\t\t\t\t<div class=\"elementor-widget-container\">\n\t\t\t\t\t\t\t<div class=\"elementor-divider\">\n\t\t\t<span class=\"elementor-divider-separator\">\n\t\t\t\t\t\t<\/span>\n\t\t<\/div>\n\t\t\t\t\t\t<\/div>\n\t\t\t\t<\/div>\n\t\t\t\t<div class=\"elementor-element elementor-element-5b9c19d elementor-widget__width-auto elementor-widget elementor-widget-envo-extra-heading\" data-id=\"5b9c19d\" data-element_type=\"widget\" data-widget_type=\"envo-extra-heading.default\">\n\t\t\t\t<div class=\"elementor-widget-container\">\n\t\t\t\t\t\r\n\t\t<div class=\"envo-extra-heading-wrapper envo-extra-simple-heading-wrapper\">\r\n\t\t\t<h2 class=\"envo-extra-heading-title\"> <span class=\"envo-extra-title-focus\">Payment Terms<\/span> <\/h2>\t\t<\/div>\r\n\t\t\t\t\t\t<\/div>\n\t\t\t\t<\/div>\n\t\t\t\t<\/div>\n\t\t\t\t<div class=\"elementor-element elementor-element-94c6d04 elementor-widget elementor-widget-text-editor\" data-id=\"94c6d04\" data-element_type=\"widget\" data-widget_type=\"text-editor.default\">\n\t\t\t\t<div class=\"elementor-widget-container\">\n\t\t\t\t\t\t\t\t\t<p data-start=\"240\" data-end=\"411\">For your order at WoodGym, we offer a secure and hassle-free payment process via PayPal, credit card, Apple Pay, and Google Pay.<\/p>\n<p data-start=\"413\" data-end=\"438\"><strong data-start=\"413\" data-end=\"436\">Payment Options<br><\/strong>You can conveniently complete your payment using your existing PayPal account by simply logging in and confirming the payment. Alternatively, payment is also possible without a PayPal account: you can pay easily by credit card or via Apple Pay or Google Pay, if supported by your device.<\/p>\n<p data-start=\"780\" data-end=\"796\"><strong data-start=\"780\" data-end=\"794\">Security<br><\/strong>All payments are processed in encrypted form via the secure PayPal interface in WooCommerce.<br data-start=\"899\" data-end=\"902\">Your data is protected at all times.<\/p>\n<p data-start=\"949\" data-end=\"962\"><strong data-start=\"949\" data-end=\"960\">Note<br><\/strong>Your account will be debited immediately after completing your order.<br data-start=\"1042\" data-end=\"1045\">For any refunds, we will use the same payment method that was used for the original payment.<\/p>\n<p data-start=\"1167\" data-end=\"1197\"><strong data-start=\"1167\" data-end=\"1195\">Note on Translations<br><\/strong>The legally binding version of this information and our legal documents (such as Terms and Conditions, Payment and Shipping Conditions, Right of Withdrawal, Privacy Policy, Legal Notice) is the German version.\nTranslations into other languages are provided for convenience only and are not legally binding. In the event of discrepancies or contradictions, only the German version shall prevail.<\/p>\t\t\t\t\t\t\t\t<\/div>\n\t\t\t\t<\/div>\n\t\t<div class=\"elementor-element elementor-element-3ec8b66 e-con-full e-flex e-con e-child\" data-id=\"3ec8b66\" data-element_type=\"container\">\n\t\t\t\t<\/div>\n\t\t\t\t\t<\/div>\n\t\t\t\t<\/div>\n\t\t\t\t<\/div>","protected":false},"excerpt":{"rendered":"<p>Zahlungsbedingungen F\u00fcr deine Bestellung bei WoodGym bieten wir dir eine sichere und unkomplizierte Zahlungsabwicklung \u00fcber PayPal, Kreditkarte, Apple Pay und Google Pay an. Bezahlm\u00f6glichkeitenDu kannst die Zahlung bequem \u00fcber dein bestehendes PayPal-Konto abwickeln, indem du&hellip;<\/p>","protected":false},"author":1,"featured_media":0,"parent":0,"menu_order":0,"comment_status":"closed","ping_status":"closed","template":"template-parts\/template-page-builders.php","meta":{"iawp_total_views":9,"footnotes":""},"class_list":["post-1181","page","type-page","status-publish","hentry"],"yoast_head":"<!-- This site is optimized with the Yoast SEO plugin v27.4 - https:\/\/yoast.com\/product\/yoast-seo-wordpress\/ -->\n<title>Holz Fitness Equipment f\u00fcrs Home Gym - Zahlungsbedingungen<\/title>\n<meta name=\"description\" content=\"WoodGym - Zahlungsbedingungen - Holz Fitness Equipment\" \/>\n<meta name=\"robots\" content=\"index, follow, max-snippet:-1, max-image-preview:large, max-video-preview:-1\" \/>\n<link rel=\"canonical\" href=\"https:\/\/www.woodgym.de\/english\/zahlungsbedingungen\/\" \/>\n<meta property=\"og:locale\" content=\"en_GB\" \/>\n<meta property=\"og:type\" content=\"article\" \/>\n<meta property=\"og:title\" content=\"Holz Fitness Equipment f\u00fcrs Home Gym - Zahlungsbedingungen\" \/>\n<meta property=\"og:description\" content=\"WoodGym - Zahlungsbedingungen - Holz Fitness Equipment\" \/>\n<meta property=\"og:url\" content=\"https:\/\/www.woodgym.de\/english\/zahlungsbedingungen\/\" \/>\n<meta property=\"og:site_name\" content=\"Holz-Fitnessger\u00e4te von WoodGym\" \/>\n<meta property=\"article:modified_time\" content=\"2026-01-13T12:15:00+00:00\" \/>\n<meta name=\"twitter:card\" content=\"summary_large_image\" \/>\n<meta name=\"twitter:label1\" content=\"Estimated reading time\" \/>\n\t<meta name=\"twitter:data1\" content=\"1 minute\" \/>\n<script type=\"application\/ld+json\" class=\"yoast-schema-graph\">{\"@context\":\"https:\\\/\\\/schema.org\",\"@graph\":[{\"@type\":\"WebPage\",\"@id\":\"https:\\\/\\\/www.woodgym.de\\\/zahlungsbedingungen\\\/\",\"url\":\"https:\\\/\\\/www.woodgym.de\\\/zahlungsbedingungen\\\/\",\"name\":\"Holz Fitness Equipment f\u00fcrs Home Gym - Zahlungsbedingungen\",\"isPartOf\":{\"@id\":\"https:\\\/\\\/www.woodgym.de\\\/#website\"},\"datePublished\":\"2025-08-17T10:51:06+00:00\",\"dateModified\":\"2026-01-13T12:15:00+00:00\",\"description\":\"WoodGym - Zahlungsbedingungen - Holz Fitness Equipment\",\"breadcrumb\":{\"@id\":\"https:\\\/\\\/www.woodgym.de\\\/zahlungsbedingungen\\\/#breadcrumb\"},\"inLanguage\":\"en-GB\",\"potentialAction\":[{\"@type\":\"ReadAction\",\"target\":[\"https:\\\/\\\/www.woodgym.de\\\/zahlungsbedingungen\\\/\"]}]},{\"@type\":\"BreadcrumbList\",\"@id\":\"https:\\\/\\\/www.woodgym.de\\\/zahlungsbedingungen\\\/#breadcrumb\",\"itemListElement\":[{\"@type\":\"ListItem\",\"position\":1,\"name\":\"Startseite\",\"item\":\"https:\\\/\\\/www.woodgym.de\\\/\"},{\"@type\":\"ListItem\",\"position\":2,\"name\":\"Zahlungsbedingungen\"}]},{\"@type\":\"WebSite\",\"@id\":\"https:\\\/\\\/www.woodgym.de\\\/#website\",\"url\":\"https:\\\/\\\/www.woodgym.de\\\/\",\"name\":\"Holz-Fitnessger\u00e4te von WoodGym\",\"description\":\"Fitnessger\u00e4te aus Holz\",\"publisher\":{\"@id\":\"https:\\\/\\\/www.woodgym.de\\\/#organization\"},\"potentialAction\":[{\"@type\":\"SearchAction\",\"target\":{\"@type\":\"EntryPoint\",\"urlTemplate\":\"https:\\\/\\\/www.woodgym.de\\\/?s={search_term_string}\"},\"query-input\":{\"@type\":\"PropertyValueSpecification\",\"valueRequired\":true,\"valueName\":\"search_term_string\"}}],\"inLanguage\":\"en-GB\"},{\"@type\":\"Organization\",\"@id\":\"https:\\\/\\\/www.woodgym.de\\\/#organization\",\"name\":\"Holz-Fitnessger\u00e4te von WoodGym\",\"url\":\"https:\\\/\\\/www.woodgym.de\\\/\",\"logo\":{\"@type\":\"ImageObject\",\"inLanguage\":\"en-GB\",\"@id\":\"https:\\\/\\\/www.woodgym.de\\\/#\\\/schema\\\/logo\\\/image\\\/\",\"url\":\"https:\\\/\\\/www.woodgym.de\\\/wp-content\\\/uploads\\\/2026\\\/01\\\/woodgym-nur-text-black-bold-200-header.png\",\"contentUrl\":\"https:\\\/\\\/www.woodgym.de\\\/wp-content\\\/uploads\\\/2026\\\/01\\\/woodgym-nur-text-black-bold-200-header.png\",\"width\":200,\"height\":29,\"caption\":\"Holz-Fitnessger\u00e4te von WoodGym\"},\"image\":{\"@id\":\"https:\\\/\\\/www.woodgym.de\\\/#\\\/schema\\\/logo\\\/image\\\/\"}}]}<\/script>\n<!-- \/ Yoast SEO plugin. -->","yoast_head_json":{"title":"Holz Fitness Equipment f\u00fcrs Home Gym - Zahlungsbedingungen","description":"WoodGym - Zahlungsbedingungen - Holz Fitness Equipment","robots":{"index":"index","follow":"follow","max-snippet":"max-snippet:-1","max-image-preview":"max-image-preview:large","max-video-preview":"max-video-preview:-1"},"canonical":"https:\/\/www.woodgym.de\/english\/zahlungsbedingungen\/","og_locale":"en_GB","og_type":"article","og_title":"Holz Fitness Equipment f\u00fcrs Home Gym - Zahlungsbedingungen","og_description":"WoodGym - Zahlungsbedingungen - Holz Fitness Equipment","og_url":"https:\/\/www.woodgym.de\/english\/zahlungsbedingungen\/","og_site_name":"Holz-Fitnessger\u00e4te von WoodGym","article_modified_time":"2026-01-13T12:15:00+00:00","twitter_card":"summary_large_image","twitter_misc":{"Estimated reading time":"1 minute"},"schema":{"@context":"https:\/\/schema.org","@graph":[{"@type":"WebPage","@id":"https:\/\/www.woodgym.de\/zahlungsbedingungen\/","url":"https:\/\/www.woodgym.de\/zahlungsbedingungen\/","name":"Holz Fitness Equipment f\u00fcrs Home Gym - Zahlungsbedingungen","isPartOf":{"@id":"https:\/\/www.woodgym.de\/#website"},"datePublished":"2025-08-17T10:51:06+00:00","dateModified":"2026-01-13T12:15:00+00:00","description":"WoodGym - Zahlungsbedingungen - Holz Fitness Equipment","breadcrumb":{"@id":"https:\/\/www.woodgym.de\/zahlungsbedingungen\/#breadcrumb"},"inLanguage":"en-GB","potentialAction":[{"@type":"ReadAction","target":["https:\/\/www.woodgym.de\/zahlungsbedingungen\/"]}]},{"@type":"BreadcrumbList","@id":"https:\/\/www.woodgym.de\/zahlungsbedingungen\/#breadcrumb","itemListElement":[{"@type":"ListItem","position":1,"name":"Startseite","item":"https:\/\/www.woodgym.de\/"},{"@type":"ListItem","position":2,"name":"Zahlungsbedingungen"}]},{"@type":"WebSite","@id":"https:\/\/www.woodgym.de\/#website","url":"https:\/\/www.woodgym.de\/","name":"Holz-Fitnessger\u00e4te von WoodGym","description":"Fitnessger\u00e4te aus Holz","publisher":{"@id":"https:\/\/www.woodgym.de\/#organization"},"potentialAction":[{"@type":"SearchAction","target":{"@type":"EntryPoint","urlTemplate":"https:\/\/www.woodgym.de\/?s={search_term_string}"},"query-input":{"@type":"PropertyValueSpecification","valueRequired":true,"valueName":"search_term_string"}}],"inLanguage":"en-GB"},{"@type":"Organization","@id":"https:\/\/www.woodgym.de\/#organization","name":"Holz-Fitnessger\u00e4te von WoodGym","url":"https:\/\/www.woodgym.de\/","logo":{"@type":"ImageObject","inLanguage":"en-GB","@id":"https:\/\/www.woodgym.de\/#\/schema\/logo\/image\/","url":"https:\/\/www.woodgym.de\/wp-content\/uploads\/2026\/01\/woodgym-nur-text-black-bold-200-header.png","contentUrl":"https:\/\/www.woodgym.de\/wp-content\/uploads\/2026\/01\/woodgym-nur-text-black-bold-200-header.png","width":200,"height":29,"caption":"Holz-Fitnessger\u00e4te von WoodGym"},"image":{"@id":"https:\/\/www.woodgym.de\/#\/schema\/logo\/image\/"}}]}},"_links":{"self":[{"href":"https:\/\/www.woodgym.de\/english\/wp-json\/wp\/v2\/pages\/1181","targetHints":{"allow":["GET"]}}],"collection":[{"href":"https:\/\/www.woodgym.de\/english\/wp-json\/wp\/v2\/pages"}],"about":[{"href":"https:\/\/www.woodgym.de\/english\/wp-json\/wp\/v2\/types\/page"}],"author":[{"embeddable":true,"href":"https:\/\/www.woodgym.de\/english\/wp-json\/wp\/v2\/users\/1"}],"replies":[{"embeddable":true,"href":"https:\/\/www.woodgym.de\/english\/wp-json\/wp\/v2\/comments?post=1181"}],"version-history":[{"count":34,"href":"https:\/\/www.woodgym.de\/english\/wp-json\/wp\/v2\/pages\/1181\/revisions"}],"predecessor-version":[{"id":3255,"href":"https:\/\/www.woodgym.de\/english\/wp-json\/wp\/v2\/pages\/1181\/revisions\/3255"}],"wp:attachment":[{"href":"https:\/\/www.woodgym.de\/english\/wp-json\/wp\/v2\/media?parent=1181"}],"curies":[{"name":"wp","href":"https:\/\/api.w.org\/{rel}","templated":true}]}}