{"id":1178,"date":"2025-08-17T12:50:52","date_gmt":"2025-08-17T10:50:52","guid":{"rendered":"https:\/\/woodletics.com\/?page_id=1178"},"modified":"2025-12-06T09:26:17","modified_gmt":"2025-12-06T08:26:17","slug":"versandbedingungen","status":"publish","type":"page","link":"https:\/\/www.woodgym.de\/english\/versandbedingungen\/","title":{"rendered":"Shipping Terms"},"content":{"rendered":"<div data-elementor-type=\"wp-page\" data-elementor-id=\"1178\" class=\"elementor elementor-1178\">\n\t\t\t\t<div class=\"elementor-element elementor-element-1690ad1 e-flex e-con-boxed e-con e-parent\" data-id=\"1690ad1\" data-element_type=\"container\" data-settings=\"{&quot;background_background&quot;:&quot;classic&quot;}\">\n\t\t\t\t\t<div class=\"e-con-inner\">\n\t\t<div class=\"elementor-element elementor-element-4e6f9ec e-con-full e-flex e-con e-child\" data-id=\"4e6f9ec\" data-element_type=\"container\">\n\t\t\t\t<div class=\"elementor-element elementor-element-12e94e6 elementor-widget__width-initial elementor-widget-divider--view-line elementor-widget elementor-widget-divider\" data-id=\"12e94e6\" data-element_type=\"widget\" data-widget_type=\"divider.default\">\n\t\t\t\t<div class=\"elementor-widget-container\">\n\t\t\t\t\t\t\t<div class=\"elementor-divider\">\n\t\t\t<span class=\"elementor-divider-separator\">\n\t\t\t\t\t\t<\/span>\n\t\t<\/div>\n\t\t\t\t\t\t<\/div>\n\t\t\t\t<\/div>\n\t\t\t\t<div class=\"elementor-element elementor-element-5b9c19d elementor-widget__width-auto elementor-widget elementor-widget-envo-extra-heading\" data-id=\"5b9c19d\" data-element_type=\"widget\" data-widget_type=\"envo-extra-heading.default\">\n\t\t\t\t<div class=\"elementor-widget-container\">\n\t\t\t\t\t\r\n\t\t<div class=\"envo-extra-heading-wrapper envo-extra-simple-heading-wrapper\">\r\n\t\t\t<h2 class=\"envo-extra-heading-title\"> <span class=\"envo-extra-title-focus\">Shipping Terms<\/span> <\/h2>\t\t<\/div>\r\n\t\t\t\t\t\t<\/div>\n\t\t\t\t<\/div>\n\t\t\t\t<\/div>\n\t\t<div class=\"elementor-element elementor-element-3ec8b66 e-con-full e-flex e-con e-child\" data-id=\"3ec8b66\" data-element_type=\"container\">\n\t\t\t\t<\/div>\n\t\t\t\t<div class=\"elementor-element elementor-element-94c6d04 elementor-widget elementor-widget-text-editor\" data-id=\"94c6d04\" data-element_type=\"widget\" data-widget_type=\"text-editor.default\">\n\t\t\t\t<div class=\"elementor-widget-container\">\n\t\t\t\t\t\t\t\t\t<h3 data-start=\"167\" data-end=\"218\">Deliveries within Germany (mainland)<\/h3><p data-start=\"219\" data-end=\"572\">We deliver free of charge within Germany (mainland) for orders over \u20ac50.<br \/>For orders under \u20ac50, we charge a flat shipping fee of \u20ac9.99.<br \/>All shipments are sent on the basis of the General German Forwarding Conditions (ADSp) and are, of course, insured for transport. An additional surcharge is charged for deliveries to German islands. This is stored in the shop system and is automatically displayed during the ordering process.<\/p><hr data-start=\"743\" data-end=\"746\" \/><h3 data-start=\"748\" data-end=\"790\">Deliveries to mainland Europe<\/h3><p data-start=\"791\" data-end=\"914\">We deliver free of charge within the EU for orders over \u20ac100.<br data-start=\"322\" data-end=\"325\" \/>For orders under \u20ac100, we charge a flat shipping fee of \u20ac22.49.<\/p><ul data-start=\"916\" data-end=\"1180\"><li data-start=\"916\" data-end=\"927\"><p data-start=\"918\" data-end=\"927\">Belgium<\/p><\/li><li data-start=\"916\" data-end=\"927\"><p data-start=\"918\" data-end=\"927\">Bulgarien<\/p><\/li><li data-start=\"928\" data-end=\"940\"><p data-start=\"930\" data-end=\"940\">Denmark<\/p><\/li><li data-start=\"928\" data-end=\"940\"><p data-start=\"930\" data-end=\"940\">Estland<\/p><\/li><li data-start=\"928\" data-end=\"940\"><p data-start=\"930\" data-end=\"940\">Finnland<\/p><\/li><li data-start=\"941\" data-end=\"955\"><p data-start=\"943\" data-end=\"955\">France<\/p><\/li><li data-start=\"956\" data-end=\"967\"><p data-start=\"958\" data-end=\"967\">Greece<\/p><\/li><li data-start=\"956\" data-end=\"967\"><p data-start=\"958\" data-end=\"967\">Irland<\/p><\/li><li data-start=\"956\" data-end=\"967\"><p data-start=\"958\" data-end=\"967\">Iceland<\/p><\/li><li data-start=\"956\" data-end=\"967\"><p data-start=\"958\" data-end=\"967\">Italy<\/p><\/li><li data-start=\"956\" data-end=\"967\"><p data-start=\"958\" data-end=\"967\">Croatia<\/p><\/li><li data-start=\"956\" data-end=\"967\"><p data-start=\"958\" data-end=\"967\">Latvia<\/p><\/li><li data-start=\"956\" data-end=\"967\"><p data-start=\"958\" data-end=\"967\">Liechtenstein<\/p><\/li><li data-start=\"956\" data-end=\"967\"><p data-start=\"958\" data-end=\"967\">Lithuania<\/p><\/li><li data-start=\"968\" data-end=\"981\"><p data-start=\"970\" data-end=\"981\">Luxembourg<\/p><\/li><li data-start=\"982\" data-end=\"1068\"><p data-start=\"984\" data-end=\"1068\">Netherlands<\/p><\/li><li data-start=\"982\" data-end=\"1068\"><p data-start=\"984\" data-end=\"1068\">Norway<\/p><\/li><li data-start=\"982\" data-end=\"1068\"><p data-start=\"984\" data-end=\"1068\">Polen<\/p><\/li><li data-start=\"982\" data-end=\"1068\"><p data-start=\"984\" data-end=\"1068\">Portugal<\/p><\/li><li data-start=\"982\" data-end=\"1068\"><p data-start=\"984\" data-end=\"1068\">Romania<\/p><\/li><li data-start=\"1155\" data-end=\"1167\"><p data-start=\"1157\" data-end=\"1167\">Sweden<\/p><\/li><li data-start=\"1155\" data-end=\"1167\"><p data-start=\"1157\" data-end=\"1167\">Slovakia<\/p><\/li><li data-start=\"1155\" data-end=\"1167\"><p data-start=\"1157\" data-end=\"1167\">Slovenia<\/p><\/li><li data-start=\"1155\" data-end=\"1167\"><p data-start=\"1157\" data-end=\"1167\">Spain<\/p><\/li><li data-start=\"1155\" data-end=\"1167\"><p data-start=\"1157\" data-end=\"1167\">Czechia<\/p><\/li><li data-start=\"1155\" data-end=\"1167\"><p data-start=\"1157\" data-end=\"1167\">Hungary<\/p><\/li><li data-start=\"1069\" data-end=\"1154\"><p data-start=\"1071\" data-end=\"1154\">Austria<\/p><\/li><\/ul><p data-start=\"1182\" data-end=\"1264\">Deliveries to other European countries and islands are available on request.<\/p><hr data-start=\"1266\" data-end=\"1269\" \/><h3 data-start=\"1271\" data-end=\"1316\"><span style=\"letter-spacing: -0.02em;\">Deliveries to Switzerland and the UK <\/span>in die Schweiz und UK<\/h3><p data-start=\"1317\" data-end=\"1631\">We deliver to Switzerland and the UK free of charge for orders over \u20ac150.<br data-start=\"322\" data-end=\"325\" \/>For orders under \u20ac150, we charge a flat shipping fee of \u20ac34.99.<br \/>We ship to Switzerland and the UK duty unpaid and tax unpaid (DDU). Please note that additional costs such as customs duties, import sales tax, or handling fees may apply upon receipt of the goods. These are to be borne by the customer and are charged directly by customs or the transport company.<\/p><p data-start=\"1317\" data-end=\"1631\"><span style=\"font-size: 24px; font-weight: bold; letter-spacing: -0.02em;\">\u00a0<\/span><\/p><p data-start=\"1317\" data-end=\"1631\"><span style=\"font-size: 24px; font-weight: bold; letter-spacing: -0.02em;\">Note on Translations<\/span><\/p><p data-start=\"1317\" data-end=\"1631\">The legally binding version of this information and our legal documents (such as Terms and Conditions, Payment and Shipping Conditions, Right of Withdrawal, Privacy Policy, Legal Notice) is the German version.\nTranslations into other languages are provided for convenience only and are not legally binding. In the event of discrepancies or contradictions, only the German version shall prevail.<\/p>\t\t\t\t\t\t\t\t<\/div>\n\t\t\t\t<\/div>\n\t\t\t\t\t<\/div>\n\t\t\t\t<\/div>\n\t\t\t\t<\/div>","protected":false},"excerpt":{"rendered":"<p>Versandbedingungen Lieferungen innerhalb Deutschlands (Festland) Ab einem Bestellwert von 50 \u20ac liefern wir innerhalb Deutschlands (Festland) versandkostenfrei.Unter einem Bestellwert von 50 \u20ac berechnen wir eine Versandpauschale von 9,99 \u20ac.Alle Sendungen werden auf Grundlage der Allgemeinen&hellip;<\/p>","protected":false},"author":1,"featured_media":0,"parent":0,"menu_order":0,"comment_status":"closed","ping_status":"closed","template":"template-parts\/template-page-builders.php","meta":{"iawp_total_views":31,"footnotes":""},"class_list":["post-1178","page","type-page","status-publish","hentry"],"yoast_head":"<!-- This site is optimized with the Yoast SEO plugin v27.4 - https:\/\/yoast.com\/product\/yoast-seo-wordpress\/ -->\n<title>Holz Fitnessger\u00e4te &amp; Equipment<\/title>\n<meta name=\"description\" content=\"Hochwertige Holz Fitnessger\u00e4te f\u00fcr dein Home Gym. Entdecke nachhaltiges Fitness Equipment aus Holz f\u00fcr effektives Training zuhause. Stilvoll, robust &amp; funktional.\" \/>\n<meta name=\"robots\" content=\"index, follow, max-snippet:-1, max-image-preview:large, max-video-preview:-1\" \/>\n<link rel=\"canonical\" href=\"https:\/\/www.woodgym.de\/english\/versandbedingungen\/\" \/>\n<meta property=\"og:locale\" content=\"en_GB\" \/>\n<meta property=\"og:type\" content=\"article\" \/>\n<meta property=\"og:title\" content=\"Holz Fitnessger\u00e4te &amp; Equipment\" \/>\n<meta property=\"og:description\" content=\"Hochwertige Holz Fitnessger\u00e4te f\u00fcr dein Home Gym. Entdecke nachhaltiges Fitness Equipment aus Holz f\u00fcr effektives Training zuhause. Stilvoll, robust &amp; funktional.\" \/>\n<meta property=\"og:url\" content=\"https:\/\/www.woodgym.de\/english\/versandbedingungen\/\" \/>\n<meta property=\"og:site_name\" content=\"Holz-Fitnessger\u00e4te von WoodGym\" \/>\n<meta property=\"article:modified_time\" content=\"2025-12-06T08:26:17+00:00\" \/>\n<meta name=\"twitter:card\" content=\"summary_large_image\" \/>\n<meta name=\"twitter:label1\" content=\"Estimated reading time\" \/>\n\t<meta name=\"twitter:data1\" content=\"2 minutes\" \/>\n<script type=\"application\/ld+json\" class=\"yoast-schema-graph\">{\"@context\":\"https:\\\/\\\/schema.org\",\"@graph\":[{\"@type\":\"WebPage\",\"@id\":\"https:\\\/\\\/www.woodgym.de\\\/versandbedingungen\\\/\",\"url\":\"https:\\\/\\\/www.woodgym.de\\\/versandbedingungen\\\/\",\"name\":\"Holz Fitnessger\u00e4te & Equipment\",\"isPartOf\":{\"@id\":\"https:\\\/\\\/www.woodgym.de\\\/#website\"},\"datePublished\":\"2025-08-17T10:50:52+00:00\",\"dateModified\":\"2025-12-06T08:26:17+00:00\",\"description\":\"Hochwertige Holz Fitnessger\u00e4te f\u00fcr dein Home Gym. Entdecke nachhaltiges Fitness Equipment aus Holz f\u00fcr effektives Training zuhause. Stilvoll, robust & funktional.\",\"breadcrumb\":{\"@id\":\"https:\\\/\\\/www.woodgym.de\\\/versandbedingungen\\\/#breadcrumb\"},\"inLanguage\":\"en-GB\",\"potentialAction\":[{\"@type\":\"ReadAction\",\"target\":[\"https:\\\/\\\/www.woodgym.de\\\/versandbedingungen\\\/\"]}]},{\"@type\":\"BreadcrumbList\",\"@id\":\"https:\\\/\\\/www.woodgym.de\\\/versandbedingungen\\\/#breadcrumb\",\"itemListElement\":[{\"@type\":\"ListItem\",\"position\":1,\"name\":\"Startseite\",\"item\":\"https:\\\/\\\/www.woodgym.de\\\/\"},{\"@type\":\"ListItem\",\"position\":2,\"name\":\"Versandbedingungen\"}]},{\"@type\":\"WebSite\",\"@id\":\"https:\\\/\\\/www.woodgym.de\\\/#website\",\"url\":\"https:\\\/\\\/www.woodgym.de\\\/\",\"name\":\"Holz-Fitnessger\u00e4te von WoodGym\",\"description\":\"Fitnessger\u00e4te aus Holz\",\"publisher\":{\"@id\":\"https:\\\/\\\/www.woodgym.de\\\/#organization\"},\"potentialAction\":[{\"@type\":\"SearchAction\",\"target\":{\"@type\":\"EntryPoint\",\"urlTemplate\":\"https:\\\/\\\/www.woodgym.de\\\/?s={search_term_string}\"},\"query-input\":{\"@type\":\"PropertyValueSpecification\",\"valueRequired\":true,\"valueName\":\"search_term_string\"}}],\"inLanguage\":\"en-GB\"},{\"@type\":\"Organization\",\"@id\":\"https:\\\/\\\/www.woodgym.de\\\/#organization\",\"name\":\"Holz-Fitnessger\u00e4te von WoodGym\",\"url\":\"https:\\\/\\\/www.woodgym.de\\\/\",\"logo\":{\"@type\":\"ImageObject\",\"inLanguage\":\"en-GB\",\"@id\":\"https:\\\/\\\/www.woodgym.de\\\/#\\\/schema\\\/logo\\\/image\\\/\",\"url\":\"https:\\\/\\\/www.woodgym.de\\\/wp-content\\\/uploads\\\/2026\\\/01\\\/woodgym-nur-text-black-bold-200-header.png\",\"contentUrl\":\"https:\\\/\\\/www.woodgym.de\\\/wp-content\\\/uploads\\\/2026\\\/01\\\/woodgym-nur-text-black-bold-200-header.png\",\"width\":200,\"height\":29,\"caption\":\"Holz-Fitnessger\u00e4te von WoodGym\"},\"image\":{\"@id\":\"https:\\\/\\\/www.woodgym.de\\\/#\\\/schema\\\/logo\\\/image\\\/\"}}]}<\/script>\n<!-- \/ Yoast SEO plugin. -->","yoast_head_json":{"title":"Holz Fitnessger\u00e4te & Equipment","description":"Hochwertige Holz Fitnessger\u00e4te f\u00fcr dein Home Gym. Entdecke nachhaltiges Fitness Equipment aus Holz f\u00fcr effektives Training zuhause. Stilvoll, robust & funktional.","robots":{"index":"index","follow":"follow","max-snippet":"max-snippet:-1","max-image-preview":"max-image-preview:large","max-video-preview":"max-video-preview:-1"},"canonical":"https:\/\/www.woodgym.de\/english\/versandbedingungen\/","og_locale":"en_GB","og_type":"article","og_title":"Holz Fitnessger\u00e4te & Equipment","og_description":"Hochwertige Holz Fitnessger\u00e4te f\u00fcr dein Home Gym. Entdecke nachhaltiges Fitness Equipment aus Holz f\u00fcr effektives Training zuhause. Stilvoll, robust & funktional.","og_url":"https:\/\/www.woodgym.de\/english\/versandbedingungen\/","og_site_name":"Holz-Fitnessger\u00e4te von WoodGym","article_modified_time":"2025-12-06T08:26:17+00:00","twitter_card":"summary_large_image","twitter_misc":{"Estimated reading time":"2 minutes"},"schema":{"@context":"https:\/\/schema.org","@graph":[{"@type":"WebPage","@id":"https:\/\/www.woodgym.de\/versandbedingungen\/","url":"https:\/\/www.woodgym.de\/versandbedingungen\/","name":"Holz Fitnessger\u00e4te & Equipment","isPartOf":{"@id":"https:\/\/www.woodgym.de\/#website"},"datePublished":"2025-08-17T10:50:52+00:00","dateModified":"2025-12-06T08:26:17+00:00","description":"Hochwertige Holz Fitnessger\u00e4te f\u00fcr dein Home Gym. Entdecke nachhaltiges Fitness Equipment aus Holz f\u00fcr effektives Training zuhause. Stilvoll, robust & funktional.","breadcrumb":{"@id":"https:\/\/www.woodgym.de\/versandbedingungen\/#breadcrumb"},"inLanguage":"en-GB","potentialAction":[{"@type":"ReadAction","target":["https:\/\/www.woodgym.de\/versandbedingungen\/"]}]},{"@type":"BreadcrumbList","@id":"https:\/\/www.woodgym.de\/versandbedingungen\/#breadcrumb","itemListElement":[{"@type":"ListItem","position":1,"name":"Startseite","item":"https:\/\/www.woodgym.de\/"},{"@type":"ListItem","position":2,"name":"Versandbedingungen"}]},{"@type":"WebSite","@id":"https:\/\/www.woodgym.de\/#website","url":"https:\/\/www.woodgym.de\/","name":"Holz-Fitnessger\u00e4te von WoodGym","description":"Fitnessger\u00e4te aus Holz","publisher":{"@id":"https:\/\/www.woodgym.de\/#organization"},"potentialAction":[{"@type":"SearchAction","target":{"@type":"EntryPoint","urlTemplate":"https:\/\/www.woodgym.de\/?s={search_term_string}"},"query-input":{"@type":"PropertyValueSpecification","valueRequired":true,"valueName":"search_term_string"}}],"inLanguage":"en-GB"},{"@type":"Organization","@id":"https:\/\/www.woodgym.de\/#organization","name":"Holz-Fitnessger\u00e4te von WoodGym","url":"https:\/\/www.woodgym.de\/","logo":{"@type":"ImageObject","inLanguage":"en-GB","@id":"https:\/\/www.woodgym.de\/#\/schema\/logo\/image\/","url":"https:\/\/www.woodgym.de\/wp-content\/uploads\/2026\/01\/woodgym-nur-text-black-bold-200-header.png","contentUrl":"https:\/\/www.woodgym.de\/wp-content\/uploads\/2026\/01\/woodgym-nur-text-black-bold-200-header.png","width":200,"height":29,"caption":"Holz-Fitnessger\u00e4te von WoodGym"},"image":{"@id":"https:\/\/www.woodgym.de\/#\/schema\/logo\/image\/"}}]}},"_links":{"self":[{"href":"https:\/\/www.woodgym.de\/english\/wp-json\/wp\/v2\/pages\/1178","targetHints":{"allow":["GET"]}}],"collection":[{"href":"https:\/\/www.woodgym.de\/english\/wp-json\/wp\/v2\/pages"}],"about":[{"href":"https:\/\/www.woodgym.de\/english\/wp-json\/wp\/v2\/types\/page"}],"author":[{"embeddable":true,"href":"https:\/\/www.woodgym.de\/english\/wp-json\/wp\/v2\/users\/1"}],"replies":[{"embeddable":true,"href":"https:\/\/www.woodgym.de\/english\/wp-json\/wp\/v2\/comments?post=1178"}],"version-history":[{"count":43,"href":"https:\/\/www.woodgym.de\/english\/wp-json\/wp\/v2\/pages\/1178\/revisions"}],"predecessor-version":[{"id":3190,"href":"https:\/\/www.woodgym.de\/english\/wp-json\/wp\/v2\/pages\/1178\/revisions\/3190"}],"wp:attachment":[{"href":"https:\/\/www.woodgym.de\/english\/wp-json\/wp\/v2\/media?parent=1178"}],"curies":[{"name":"wp","href":"https:\/\/api.w.org\/{rel}","templated":true}]}}