{"id":1164,"date":"2025-08-17T12:39:01","date_gmt":"2025-08-17T10:39:01","guid":{"rendered":"https:\/\/woodletics.com\/?page_id=1164"},"modified":"2026-01-13T12:51:35","modified_gmt":"2026-01-13T11:51:35","slug":"datenschutzerklaerung","status":"publish","type":"page","link":"https:\/\/www.woodgym.de\/english\/datenschutzerklaerung\/","title":{"rendered":"Privacy Policy"},"content":{"rendered":"<div data-elementor-type=\"wp-page\" data-elementor-id=\"1164\" class=\"elementor elementor-1164\">\n\t\t\t\t<div class=\"elementor-element elementor-element-1690ad1 e-flex e-con-boxed e-con e-parent\" data-id=\"1690ad1\" data-element_type=\"container\" data-settings=\"{&quot;background_background&quot;:&quot;classic&quot;}\">\n\t\t\t\t\t<div class=\"e-con-inner\">\n\t\t<div class=\"elementor-element elementor-element-4e6f9ec e-con-full e-flex e-con e-child\" data-id=\"4e6f9ec\" data-element_type=\"container\">\n\t\t\t\t<div class=\"elementor-element elementor-element-12e94e6 elementor-widget__width-initial elementor-widget-divider--view-line elementor-widget elementor-widget-divider\" data-id=\"12e94e6\" data-element_type=\"widget\" data-widget_type=\"divider.default\">\n\t\t\t\t<div class=\"elementor-widget-container\">\n\t\t\t\t\t\t\t<div class=\"elementor-divider\">\n\t\t\t<span class=\"elementor-divider-separator\">\n\t\t\t\t\t\t<\/span>\n\t\t<\/div>\n\t\t\t\t\t\t<\/div>\n\t\t\t\t<\/div>\n\t\t\t\t<div class=\"elementor-element elementor-element-5b9c19d elementor-widget__width-auto elementor-widget elementor-widget-envo-extra-heading\" data-id=\"5b9c19d\" data-element_type=\"widget\" data-widget_type=\"envo-extra-heading.default\">\n\t\t\t\t<div class=\"elementor-widget-container\">\n\t\t\t\t\t\r\n\t\t<div class=\"envo-extra-heading-wrapper envo-extra-simple-heading-wrapper\">\r\n\t\t\t<h2 class=\"envo-extra-heading-title\"> <span class=\"envo-extra-title-focus\">Privacy Policy<\/span> <\/h2>\t\t<\/div>\r\n\t\t\t\t\t\t<\/div>\n\t\t\t\t<\/div>\n\t\t\t\t<\/div>\n\t\t<div class=\"elementor-element elementor-element-3ec8b66 e-con-full e-flex e-con e-child\" data-id=\"3ec8b66\" data-element_type=\"container\">\n\t\t\t\t<div class=\"elementor-element elementor-element-94c6d04 elementor-widget elementor-widget-text-editor\" data-id=\"94c6d04\" data-element_type=\"widget\" data-widget_type=\"text-editor.default\">\n\t\t\t\t<div class=\"elementor-widget-container\">\n\t\t\t\t\t\t\t\t\t<p><strong>Datenschutz &amp; Sicherheit bei WoodGym<\/strong><\/p>\n<p>The responsible body within the meaning of data protection laws, in particular the EU General Data Protection Regulation (GDPR), is: Christian Richter<\/p>\n<p>\u00a0<\/p>\n<p><\/p>\n<p><\/p>\n<p><b>Your rights as a data subject<br \/><\/b>You can exercise various rights at any time using the contact details of our Data Protection Officer. This includes the right to obtain information about the personal data we store and process, the correction of incorrect data, and the deletion of your stored data. In addition, you can request the restriction of data processing if we are not yet permitted to delete your data due to legal obligations, and you can object to the processing of your data. You also have the right to data portability if you have consented to the data processing or have concluded a contract with us.\n\nIf you have given us consent, you may withdraw it at any time with effect for the future. You can also lodge a complaint at any time with the competent supervisory authority. The competent supervisory authority is determined by the federal state of your residence, your workplace, or the presumed violation. A list of supervisory authorities for the non-public sector with addresses can be found at:<\/p>\n<p data-start=\"95\" data-end=\"777\"><a href=\"https:\/\/www.bfdi.bund.de\/DE\/Infothek\/Anschriften_Links\/anschriften_links-node.html\">https:\/\/www.bfdi.bund.de\/DE\/Infothek\/Anschriften_Links\/anschriften_links-node.html<\/a>.<\/p>\n<p data-start=\"95\" data-end=\"777\">\u00a0<\/p>\n<p data-start=\"95\" data-end=\"777\">\u00a0<\/p>\n<p><\/p>\n<p><\/p>\n<p><strong>Purposes of data processing by the responsible body and third parties<\/strong><br \/>We process your personal data exclusively for the purposes stated in this privacy policy. Your personal data will not be passed on to third parties for purposes other than those stated. Your data will only be passed on to third parties if you have given us your express consent to do so, if the processing is necessary for the execution of a contract with you, if it is necessary to fulfil a legal obligation, or if the processing serves to safeguard legitimate interests and it cannot be assumed that you have an overriding interest worthy of protection in not passing on your data.<\/p>\n<p><\/p>\n<p><\/p>\n<div aria-hidden=\"true\">\u00a0<\/div>\n<p><\/p>\n<p><\/p>\n<p><strong>Deletion or blocking of data<\/strong><br \/>We adhere to the principles of data avoidance and data minimisation. We therefore only store your personal data for as long as is necessary to achieve the purposes stated here or as required by the various storage periods provided for by law. Once the respective purpose has ceased to apply or these periods have expired, the corresponding data will be routinely blocked or deleted in accordance with the statutory provisions.<\/p>\n<p><\/p>\n<p><\/p>\n<div aria-hidden=\"true\">\u00a0<\/div>\n<p><\/p>\n<p><\/p>\n<p><strong>Cookies<\/strong><br \/>Like many other websites, we also use so-called \u2018cookies\u2019. Cookies are small text files that are transferred from a website server to your hard drive. This automatically provides us with certain data, such as your IP address, the browser you are using, your operating system and your connection to the Internet. Cookies cannot be used to start programmes or transfer viruses to a computer. The information contained in cookies enables us to make navigation easier for you and to ensure that our web pages are displayed correctly.<br \/>Under no circumstances will the data we collect be passed on to third parties or linked to personal data without your consent. Of course, you can also view our website without cookies. Internet browsers are usually set to accept cookies. In general, you can deactivate the use of cookies at any time via your browser settings. Please use the help functions of your internet browser to find out how to change these settings. Please note that individual functions of our website may not work if you have deactivated the use of cookies.<br \/>Cookies that are necessary for the electronic communication process, for the provision of certain functions you have requested or for the optimisation of the website (necessary cookies) are stored on the basis of Art. 6 para. 1 lit. f GDPR, unless another legal basis is specified. The website operator has a legitimate interest in storing necessary cookies in order to ensure the technically error-free and optimised provision of its services. If consent to the storage of cookies and similar recognition technologies has been requested, processing is carried out exclusively on the basis of this consent (Art. 6 para. 1 lit. a GDPR and \u00a7 25 para. 1 TTDSG). Consent can be revoked at any time.<\/p>\n<p><\/p>\n<p><\/p>\n<div aria-hidden=\"true\">\u00a0<\/div>\n<p><\/p>\n<p><\/p>\n<p><strong>SSL encryption<\/strong><br \/>To protect the security of your data during transmission, we use state-of-the-art encryption methods (e.g. SSL) via HTTPS.<\/p>\n<p><\/p>\n<p><\/p>\n<div aria-hidden=\"true\">\u00a0<\/div>\n<p><\/p>\n<p><\/p>\n<p><strong>Contact form<\/strong><br \/>If you contact us by e-mail or contact form with any questions, you give us your voluntary consent for the purpose of contacting you. For this purpose, it is necessary to provide a valid e-mail address. This is used to assign the enquiry and subsequently respond to it. The provision of further data is optional. The information you provide will be stored for the purpose of processing your enquiry and for possible follow-up questions. Once your enquiry has been dealt with, your personal data will be automatically deleted.<\/p>\n<p><\/p>\n<p><\/p>\n<div aria-hidden=\"true\">\u00a0<\/div>\n<p><\/p>\n<p><\/p>\n<p><strong>Use of Real Cookie Banner<br \/><\/strong>We use the consent tool \u2018Real Cookie Banner\u2019 to manage the cookies and similar technologies (tracking pixels, web beacons, etc.) we use and the related consents. Details on how \u2018Real Cookie Banner\u2019 works can be found at <a href=\"https:\/\/devowl.io\/de\/rcb\/datenverarbeitung\/\" target=\"_blank\" rel=\"noreferrer noopener\">https:\/\/devowl.io\/de\/rcb\/datenverarbeitung\/<\/a>. The legal basis for the processing of personal data in this context is Article 6(1)(c) GDPR and Article 6(1)(f) GDPR. Our legitimate interest is the management of the cookies and similar technologies used and the related consents. The provision of personal data is neither contractually required nor necessary for the conclusion of a contract. You are not obliged to provide personal data. If you do not provide personal data, we cannot manage your consents.<\/p>\n<p><\/p>\n<p><\/p>\n<div aria-hidden=\"true\">\u00a0<\/div>\n<p><\/p>\n<p><\/p>\n<p><strong>Changes to our privacy policy<\/strong><br \/>We reserve the right to amend this privacy policy so that it always complies with current legal requirements or to implement changes to our services in the privacy policy, e.g. when introducing new services. The new privacy policy will then apply to your next visit.<\/p>\n<p><\/p>\n<p><\/p>\n<div aria-hidden=\"true\">\u00a0<\/div>\n<p><\/p>\n<p><\/p>\n<p><strong>Questions for the data protection officer<\/strong><br \/>If you have any questions about data protection, please send us an email or contact the person responsible for data protection in our organisation directly:<br \/>The privacy policy was created with the\u00a0<a href=\"https:\/\/www.activemind.de\/datenschutz\/datenschutzhinweis-generator\/\" target=\"_blank\" rel=\"noreferrer noopener\">Privacy policy generator created by activeMind AG<\/a>.<br \/>Bei Fragen zur Erhebung, Verarbeitung oder Nutzung Ihrer personenbezogenen Daten sowie bei Ausk\u00fcnften, Berichtigung, Sperrung oder L\u00f6schung von Daten wenden Sie sich bitte an: &#105;&#x6e;&#x66;&#111;&#x40;&#x77;&#111;&#x6f;&#x64;&#103;&#x79;&#x6d;&#46;&#x64;&#x65;.<\/p>\n<p><strong>\u00a0<\/strong><\/p>\n<p><strong>Note on Translations<\/strong><br \/>The legally binding version of this information and our legal documents (such as Terms and Conditions, Payment and Shipping Conditions, Right of Withdrawal, Privacy Policy, Legal Notice) is the German version.\nTranslations into other languages are provided for convenience only and are not legally binding. In the event of discrepancies or contradictions, only the German version shall prevail.<\/p>\n<p><\/p>\t\t\t\t\t\t\t\t<\/div>\n\t\t\t\t<\/div>\n\t\t\t\t<\/div>\n\t\t\t\t\t<\/div>\n\t\t\t\t<\/div>\n\t\t\t\t<\/div>","protected":false},"excerpt":{"rendered":"<p>Datenschutzerkl\u00e4rung Datenschutz &amp; Sicherheit bei WoodGym Verantwortliche Stelle im Sinne der Datenschutzgesetze, insbesondere der EU-Datenschutzgrundverordnung (DSGVO), ist: Christian Richter \u00a0<\/p>","protected":false},"author":1,"featured_media":0,"parent":0,"menu_order":0,"comment_status":"closed","ping_status":"closed","template":"template-parts\/template-page-builders.php","meta":{"iawp_total_views":7,"footnotes":""},"class_list":["post-1164","page","type-page","status-publish","hentry"],"yoast_head":"<!-- This site is optimized with the Yoast SEO plugin v27.4 - https:\/\/yoast.com\/product\/yoast-seo-wordpress\/ -->\n<title>Holz Fitness Equipment f\u00fcrs Home Gym - Datenschutz<\/title>\n<meta name=\"description\" content=\"Hochwertige Holz Fitnessger\u00e4te f\u00fcr dein Home Gym. Entdecke nachhaltiges Fitness Equipment aus Holz f\u00fcr effektives Training zuhause. Stilvoll, robust &amp; funktional.\" \/>\n<meta name=\"robots\" content=\"index, follow, max-snippet:-1, max-image-preview:large, max-video-preview:-1\" \/>\n<link rel=\"canonical\" href=\"https:\/\/www.woodgym.de\/english\/datenschutzerklaerung\/\" \/>\n<meta property=\"og:locale\" content=\"en_GB\" \/>\n<meta property=\"og:type\" content=\"article\" \/>\n<meta property=\"og:title\" content=\"Holz Fitness Equipment f\u00fcrs Home Gym - Datenschutz\" \/>\n<meta property=\"og:description\" content=\"Hochwertige Holz Fitnessger\u00e4te f\u00fcr dein Home Gym. Entdecke nachhaltiges Fitness Equipment aus Holz f\u00fcr effektives Training zuhause. Stilvoll, robust &amp; funktional.\" \/>\n<meta property=\"og:url\" content=\"https:\/\/www.woodgym.de\/english\/datenschutzerklaerung\/\" \/>\n<meta property=\"og:site_name\" content=\"Holz-Fitnessger\u00e4te von WoodGym\" \/>\n<meta property=\"article:modified_time\" content=\"2026-01-13T11:51:35+00:00\" \/>\n<meta name=\"twitter:card\" content=\"summary_large_image\" \/>\n<meta name=\"twitter:label1\" content=\"Estimated reading time\" \/>\n\t<meta name=\"twitter:data1\" content=\"6 minutes\" \/>\n<script type=\"application\/ld+json\" class=\"yoast-schema-graph\">{\"@context\":\"https:\\\/\\\/schema.org\",\"@graph\":[{\"@type\":\"WebPage\",\"@id\":\"https:\\\/\\\/www.woodgym.de\\\/datenschutzerklaerung\\\/\",\"url\":\"https:\\\/\\\/www.woodgym.de\\\/datenschutzerklaerung\\\/\",\"name\":\"Holz Fitness Equipment f\u00fcrs Home Gym - Datenschutz\",\"isPartOf\":{\"@id\":\"https:\\\/\\\/www.woodgym.de\\\/#website\"},\"datePublished\":\"2025-08-17T10:39:01+00:00\",\"dateModified\":\"2026-01-13T11:51:35+00:00\",\"description\":\"Hochwertige Holz Fitnessger\u00e4te f\u00fcr dein Home Gym. Entdecke nachhaltiges Fitness Equipment aus Holz f\u00fcr effektives Training zuhause. Stilvoll, robust & funktional.\",\"breadcrumb\":{\"@id\":\"https:\\\/\\\/www.woodgym.de\\\/datenschutzerklaerung\\\/#breadcrumb\"},\"inLanguage\":\"en-GB\",\"potentialAction\":[{\"@type\":\"ReadAction\",\"target\":[\"https:\\\/\\\/www.woodgym.de\\\/datenschutzerklaerung\\\/\"]}]},{\"@type\":\"BreadcrumbList\",\"@id\":\"https:\\\/\\\/www.woodgym.de\\\/datenschutzerklaerung\\\/#breadcrumb\",\"itemListElement\":[{\"@type\":\"ListItem\",\"position\":1,\"name\":\"Startseite\",\"item\":\"https:\\\/\\\/www.woodgym.de\\\/\"},{\"@type\":\"ListItem\",\"position\":2,\"name\":\"Datenschutzerkl\u00e4rung\"}]},{\"@type\":\"WebSite\",\"@id\":\"https:\\\/\\\/www.woodgym.de\\\/#website\",\"url\":\"https:\\\/\\\/www.woodgym.de\\\/\",\"name\":\"Holz-Fitnessger\u00e4te von WoodGym\",\"description\":\"Fitnessger\u00e4te aus Holz\",\"publisher\":{\"@id\":\"https:\\\/\\\/www.woodgym.de\\\/#organization\"},\"potentialAction\":[{\"@type\":\"SearchAction\",\"target\":{\"@type\":\"EntryPoint\",\"urlTemplate\":\"https:\\\/\\\/www.woodgym.de\\\/?s={search_term_string}\"},\"query-input\":{\"@type\":\"PropertyValueSpecification\",\"valueRequired\":true,\"valueName\":\"search_term_string\"}}],\"inLanguage\":\"en-GB\"},{\"@type\":\"Organization\",\"@id\":\"https:\\\/\\\/www.woodgym.de\\\/#organization\",\"name\":\"Holz-Fitnessger\u00e4te von WoodGym\",\"url\":\"https:\\\/\\\/www.woodgym.de\\\/\",\"logo\":{\"@type\":\"ImageObject\",\"inLanguage\":\"en-GB\",\"@id\":\"https:\\\/\\\/www.woodgym.de\\\/#\\\/schema\\\/logo\\\/image\\\/\",\"url\":\"https:\\\/\\\/www.woodgym.de\\\/wp-content\\\/uploads\\\/2026\\\/01\\\/woodgym-nur-text-black-bold-200-header.png\",\"contentUrl\":\"https:\\\/\\\/www.woodgym.de\\\/wp-content\\\/uploads\\\/2026\\\/01\\\/woodgym-nur-text-black-bold-200-header.png\",\"width\":200,\"height\":29,\"caption\":\"Holz-Fitnessger\u00e4te von WoodGym\"},\"image\":{\"@id\":\"https:\\\/\\\/www.woodgym.de\\\/#\\\/schema\\\/logo\\\/image\\\/\"}}]}<\/script>\n<!-- \/ Yoast SEO plugin. -->","yoast_head_json":{"title":"Holz Fitness Equipment f\u00fcrs Home Gym - Datenschutz","description":"Hochwertige Holz Fitnessger\u00e4te f\u00fcr dein Home Gym. Entdecke nachhaltiges Fitness Equipment aus Holz f\u00fcr effektives Training zuhause. Stilvoll, robust & funktional.","robots":{"index":"index","follow":"follow","max-snippet":"max-snippet:-1","max-image-preview":"max-image-preview:large","max-video-preview":"max-video-preview:-1"},"canonical":"https:\/\/www.woodgym.de\/english\/datenschutzerklaerung\/","og_locale":"en_GB","og_type":"article","og_title":"Holz Fitness Equipment f\u00fcrs Home Gym - Datenschutz","og_description":"Hochwertige Holz Fitnessger\u00e4te f\u00fcr dein Home Gym. Entdecke nachhaltiges Fitness Equipment aus Holz f\u00fcr effektives Training zuhause. Stilvoll, robust & funktional.","og_url":"https:\/\/www.woodgym.de\/english\/datenschutzerklaerung\/","og_site_name":"Holz-Fitnessger\u00e4te von WoodGym","article_modified_time":"2026-01-13T11:51:35+00:00","twitter_card":"summary_large_image","twitter_misc":{"Estimated reading time":"6 minutes"},"schema":{"@context":"https:\/\/schema.org","@graph":[{"@type":"WebPage","@id":"https:\/\/www.woodgym.de\/datenschutzerklaerung\/","url":"https:\/\/www.woodgym.de\/datenschutzerklaerung\/","name":"Holz Fitness Equipment f\u00fcrs Home Gym - Datenschutz","isPartOf":{"@id":"https:\/\/www.woodgym.de\/#website"},"datePublished":"2025-08-17T10:39:01+00:00","dateModified":"2026-01-13T11:51:35+00:00","description":"Hochwertige Holz Fitnessger\u00e4te f\u00fcr dein Home Gym. Entdecke nachhaltiges Fitness Equipment aus Holz f\u00fcr effektives Training zuhause. Stilvoll, robust & funktional.","breadcrumb":{"@id":"https:\/\/www.woodgym.de\/datenschutzerklaerung\/#breadcrumb"},"inLanguage":"en-GB","potentialAction":[{"@type":"ReadAction","target":["https:\/\/www.woodgym.de\/datenschutzerklaerung\/"]}]},{"@type":"BreadcrumbList","@id":"https:\/\/www.woodgym.de\/datenschutzerklaerung\/#breadcrumb","itemListElement":[{"@type":"ListItem","position":1,"name":"Startseite","item":"https:\/\/www.woodgym.de\/"},{"@type":"ListItem","position":2,"name":"Datenschutzerkl\u00e4rung"}]},{"@type":"WebSite","@id":"https:\/\/www.woodgym.de\/#website","url":"https:\/\/www.woodgym.de\/","name":"Holz-Fitnessger\u00e4te von WoodGym","description":"Fitnessger\u00e4te aus Holz","publisher":{"@id":"https:\/\/www.woodgym.de\/#organization"},"potentialAction":[{"@type":"SearchAction","target":{"@type":"EntryPoint","urlTemplate":"https:\/\/www.woodgym.de\/?s={search_term_string}"},"query-input":{"@type":"PropertyValueSpecification","valueRequired":true,"valueName":"search_term_string"}}],"inLanguage":"en-GB"},{"@type":"Organization","@id":"https:\/\/www.woodgym.de\/#organization","name":"Holz-Fitnessger\u00e4te von WoodGym","url":"https:\/\/www.woodgym.de\/","logo":{"@type":"ImageObject","inLanguage":"en-GB","@id":"https:\/\/www.woodgym.de\/#\/schema\/logo\/image\/","url":"https:\/\/www.woodgym.de\/wp-content\/uploads\/2026\/01\/woodgym-nur-text-black-bold-200-header.png","contentUrl":"https:\/\/www.woodgym.de\/wp-content\/uploads\/2026\/01\/woodgym-nur-text-black-bold-200-header.png","width":200,"height":29,"caption":"Holz-Fitnessger\u00e4te von WoodGym"},"image":{"@id":"https:\/\/www.woodgym.de\/#\/schema\/logo\/image\/"}}]}},"_links":{"self":[{"href":"https:\/\/www.woodgym.de\/english\/wp-json\/wp\/v2\/pages\/1164","targetHints":{"allow":["GET"]}}],"collection":[{"href":"https:\/\/www.woodgym.de\/english\/wp-json\/wp\/v2\/pages"}],"about":[{"href":"https:\/\/www.woodgym.de\/english\/wp-json\/wp\/v2\/types\/page"}],"author":[{"embeddable":true,"href":"https:\/\/www.woodgym.de\/english\/wp-json\/wp\/v2\/users\/1"}],"replies":[{"embeddable":true,"href":"https:\/\/www.woodgym.de\/english\/wp-json\/wp\/v2\/comments?post=1164"}],"version-history":[{"count":35,"href":"https:\/\/www.woodgym.de\/english\/wp-json\/wp\/v2\/pages\/1164\/revisions"}],"predecessor-version":[{"id":3227,"href":"https:\/\/www.woodgym.de\/english\/wp-json\/wp\/v2\/pages\/1164\/revisions\/3227"}],"wp:attachment":[{"href":"https:\/\/www.woodgym.de\/english\/wp-json\/wp\/v2\/media?parent=1164"}],"curies":[{"name":"wp","href":"https:\/\/api.w.org\/{rel}","templated":true}]}}